{"id":1873,"date":"2025-12-15T19:39:22","date_gmt":"2025-12-15T19:39:22","guid":{"rendered":"https:\/\/www.jmholiday.com\/tailor-made-sessions-workshops\/"},"modified":"2026-01-15T11:17:05","modified_gmt":"2026-01-15T11:17:05","slug":"tailor-made-sessions-workshops","status":"publish","type":"page","link":"https:\/\/www.jmholiday.com\/en\/tailor-made-sessions-workshops\/","title":{"rendered":"Tailor-Made Sessions &amp; Workshops"},"content":{"rendered":"[mk_page_section bg_position=&#8221;center center&#8221; bg_repeat=&#8221;no-repeat&#8221; bg_stretch=&#8221;true&#8221; padding_top=&#8221;75&#8243; padding_bottom=&#8221;50&#8243; visibility=&#8221;hidden-sm&#8221; sidebar=&#8221;sidebar-1&#8243;][vc_column width=&#8221;1\/2&#8243;][mk_custom_box padding_vertical=&#8221;50&#8243; padding_horizental=&#8221;50&#8243; margin_bottom=&#8221;0&#8243; min_height=&#8221;605&#8243; bg_color=&#8221;#e9cfb7&#8243;][mk_fancy_title size=&#8221;14&#8243; line_height=&#8221;100&#8243; letter_spacing=&#8221;0&#8243; margin_top=&#8221;0&#8243; margin_bottom=&#8221;0&#8243; font_family=&#8221;none&#8221;]\n<h2 style=\"text-align: left;\" data-start=\"214\" data-end=\"250\"><strong data-start=\"216\" data-end=\"248\">Tailor-Made Sessions &amp; Workshops<\/strong><\/h2>\n<h3 style=\"text-align: left;\" data-start=\"214\" data-end=\"250\"><em data-start=\"251\" data-end=\"330\">For young people, professionals and duos seeking clarity or deeper insight.<\/em><\/h3>\n<h2 style=\"text-align: left;\" data-start=\"214\" data-end=\"250\"><\/h2>\n[\/mk_fancy_title][vc_column_text margin_bottom=&#8221;0&#8243; css=&#8221;.vc_custom_1768475810899{margin-bottom: 0px !important;}&#8221;]\n<p style=\"text-align: left;\" data-start=\"332\" data-end=\"556\">Not every question fits into a standard coaching trajectory.<br data-start=\"378\" data-end=\"381\" \/>Sometimes you are looking for a different kind of conversation, a different energy, a different form of guidance. Something that matches who you are, where you are right now, and what you need in this moment.<\/p>\n<p style=\"text-align: left;\" data-start=\"558\" data-end=\"683\">That is why I offer <strong data-start=\"573\" data-end=\"618\">tailor-made sessions and personal workshops:<\/strong><br data-start=\"623\" data-end=\"626\" \/>calm, clear, sensory and fully attuned to you.<\/p>\n[\/vc_column_text][\/mk_custom_box][\/vc_column][vc_column width=&#8221;1\/2&#8243;][mk_custom_box margin_bottom=&#8221;0&#8243; min_height=&#8221;605&#8243; bg_image=&#8221;https:\/\/www.jmholiday.com\/wp-content\/uploads\/2022\/02\/jm-holiday-home-header-scaled.jpg&#8221; bg_stretch=&#8221;true&#8221;][\/mk_custom_box][\/vc_column][\/mk_page_section][mk_page_section bg_position=&#8221;center center&#8221; bg_repeat=&#8221;no-repeat&#8221; bg_stretch=&#8221;true&#8221; padding_top=&#8221;75&#8243; padding_bottom=&#8221;50&#8243; sidebar=&#8221;sidebar-1&#8243;][vc_column width=&#8221;1\/2&#8243;][mk_custom_box padding_vertical=&#8221;50&#8243; padding_horizental=&#8221;25&#8243; margin_bottom=&#8221;0&#8243; min_height=&#8221;605&#8243; bg_color=&#8221;#e9cfb7&#8243;][mk_fancy_title margin_bottom=&#8221;0&#8243; font_family=&#8221;none&#8221;]\n<h2 style=\"text-align: center;\"><strong data-start=\"1240\" data-end=\"1285\">\ud83c\udf3cWhat can we do in a tailored session?<\/strong><\/h2>\n[\/mk_fancy_title][vc_column_text css=&#8221;.vc_custom_1765826756212{margin-bottom: 0px !important;}&#8221;]\n<p data-start=\"1287\" data-end=\"1340\">Every session is different, but possible elements include:<\/p>\n<ul data-start=\"1342\" data-end=\"1840\">\n<li data-start=\"1342\" data-end=\"1365\">\n<p data-start=\"1344\" data-end=\"1365\"><strong data-start=\"1344\" data-end=\"1363\">1-on-1 coaching<\/strong><\/p>\n<\/li>\n<li data-start=\"1366\" data-end=\"1422\">\n<p data-start=\"1368\" data-end=\"1422\"><strong data-start=\"1368\" data-end=\"1384\">sensory work<\/strong> (scent, symbolism, cards, insight)<\/p>\n<\/li>\n<li data-start=\"1423\" data-end=\"1472\">\n<p data-start=\"1425\" data-end=\"1472\"><strong data-start=\"1425\" data-end=\"1446\">reflection moments<\/strong> in nature or by the sea<\/p>\n<\/li>\n<li data-start=\"1473\" data-end=\"1627\">\n<p data-start=\"1475\" data-end=\"1627\"><strong data-start=\"1475\" data-end=\"1509\">sunset walk &amp; talk in G\u00fcm\u00fc\u015fl\u00fck<\/strong>, a uiet walk at sunset where movement, light and conversation naturally create depth<\/p>\n<\/li>\n<li data-start=\"1628\" data-end=\"1690\">\n<p data-start=\"1630\" data-end=\"1690\"><strong data-start=\"1630\" data-end=\"1658\">professional clarity <\/strong>(communication, role, direction)<\/p>\n<\/li>\n<li data-start=\"1691\" data-end=\"1748\">\n<p data-start=\"1693\" data-end=\"1748\"><strong data-start=\"1693\" data-end=\"1711\">mini-workshops<\/strong> (aroma therapy, intuition, sensory moments)<\/p>\n<\/li>\n<li data-start=\"1749\" data-end=\"1775\">\n<p data-start=\"1751\" data-end=\"1775\"><strong data-start=\"1751\" data-end=\"1773\">conversation combined with a practical exercise<\/strong><\/p>\n<\/li>\n<li data-start=\"1776\" data-end=\"1806\">\n<p data-start=\"1778\" data-end=\"1806\"><strong data-start=\"1778\" data-end=\"1804\">creating calm and space<\/strong><\/p>\n<\/li>\n<\/ul>\n<p data-start=\"1842\" data-end=\"1919\">Grounded, warm and to the point.<br data-start=\"1871\" data-end=\"1874\" \/>We work with what\u2019s present and translate it into something concrete and usable.<\/p>\n[\/vc_column_text][\/mk_custom_box][\/vc_column][vc_column width=&#8221;1\/2&#8243;][mk_custom_box padding_vertical=&#8221;50&#8243; padding_horizental=&#8221;25&#8243; margin_bottom=&#8221;0&#8243; min_height=&#8221;605&#8243; bg_image=&#8221;https:\/\/www.jmholiday.com\/wp-content\/uploads\/2022\/04\/jm-holiday-making-joy-1.jpg&#8221; bg_stretch=&#8221;true&#8221;][\/mk_custom_box][\/vc_column][\/mk_page_section][mk_page_section bg_image=&#8221;https:\/\/www.jmholiday.com\/wp-content\/uploads\/2022\/03\/jm-holiday-fav-icon-background-1.png&#8221; bg_position=&#8221;center center&#8221; bg_repeat=&#8221;no-repeat&#8221; video_color_mask=&#8221;#ffffff&#8221; video_opacity=&#8221;0.9&#8243; min_height=&#8221;0&#8243; padding_top=&#8221;75&#8243; padding_bottom=&#8221;50&#8243; sidebar=&#8221;sidebar-1&#8243;][vc_column width=&#8221;1\/12&#8243;][\/vc_column][vc_column width=&#8221;10\/12&#8243;][vc_column_text css=&#8221;.vc_custom_1765969232226{margin-bottom: 0px !important;}&#8221;]\n<h2 data-start=\"690\" data-end=\"729\">\ud83c\udf3f Who is tailored guidance for?<\/h2>\n<p data-start=\"731\" data-end=\"798\">For anyone who needs something different than \u201cregular coaching\u201d::<\/p>\n<ul data-start=\"800\" data-end=\"1143\">\n<li data-start=\"800\" data-end=\"843\">\n<p data-start=\"802\" data-end=\"843\">young people finding their place<\/p>\n<\/li>\n<li data-start=\"844\" data-end=\"890\">\n<p data-start=\"846\" data-end=\"890\">professionals seeking growth or direction<\/p>\n<\/li>\n<li data-start=\"891\" data-end=\"929\">\n<p data-start=\"893\" data-end=\"929\">duos who want to collaborate more consciously<\/p>\n<\/li>\n<li data-start=\"930\" data-end=\"985\">\n<p data-start=\"932\" data-end=\"985\">people looking for a personal half-day in Bodrum<\/p>\n<\/li>\n<li data-start=\"986\" data-end=\"1027\">\n<p data-start=\"988\" data-end=\"1027\">people who want to deepen their intuition<\/p>\n<\/li>\n<li data-start=\"1028\" data-end=\"1078\">\n<p data-start=\"1030\" data-end=\"1078\">leaders wishing to strengthen their communication<\/p>\n<\/li>\n<li data-start=\"1079\" data-end=\"1143\">\n<p data-start=\"1081\" data-end=\"1143\">people who want to step away from daily life for a moment<\/p>\n<\/li>\n<\/ul>\n<p data-start=\"1145\" data-end=\"1227\">It is not business or personal. <br data-start=\"1182\" data-end=\"1185\" \/><strong data-start=\"1185\" data-end=\"1227\">it is for people who want to grow..<\/strong><\/p>\n[\/vc_column_text][mk_padding_divider][mk_gallery images=&#8221;282,116&#8243; column=&#8221;2&#8243; height=&#8221;350&#8243; hover_scenarios=&#8221;slow_zoom&#8221; item_spacing=&#8221;10&#8243; margin_bottom=&#8221;40&#8243;][\/vc_column][vc_column width=&#8221;1\/12&#8243;][\/vc_column][\/mk_page_section][mk_page_section bg_position=&#8221;center center&#8221; bg_repeat=&#8221;no-repeat&#8221; min_height=&#8221;0&#8243; padding_top=&#8221;75&#8243; padding_bottom=&#8221;50&#8243; section_id=&#8221;intro&#8221; sidebar=&#8221;sidebar-1&#8243;][vc_column][vc_separator color=&#8221;custom&#8221; border_width=&#8221;5&#8243; el_width=&#8221;10&#8243; accent_color=&#8221;rgba(233,207,183,0.15)&#8221;][vc_column_text css=&#8221;.vc_custom_1765824195799{margin-bottom: 0px !important;}&#8221;]\n<h2 style=\"text-align: left;\" data-start=\"1926\" data-end=\"1967\"><strong data-start=\"1932\" data-end=\"1967\">\ud83c\udf1e Personal half-days in Bodrum<\/strong><\/h2>\n<p style=\"text-align: left;\" data-start=\"1969\" data-end=\"2066\">For those seeking a deeper experience, I offer tailored half-day sessions in Bodrum.<\/p>\n<ul style=\"text-align: left;\" data-start=\"2068\" data-end=\"2176\">\n<li data-start=\"2068\" data-end=\"2080\">\n<p data-start=\"2070\" data-end=\"2080\">coaching<\/p>\n<\/li>\n<li data-start=\"2081\" data-end=\"2097\">\n<p data-start=\"2083\" data-end=\"2097\">sensory work<\/p>\n<\/li>\n<li data-start=\"2098\" data-end=\"2109\">\n<p data-start=\"2100\" data-end=\"2109\">insight<\/p>\n<\/li>\n<li data-start=\"2110\" data-end=\"2122\">\n<p data-start=\"2112\" data-end=\"2122\">movement<\/p>\n<\/li>\n<li data-start=\"2123\" data-end=\"2131\">\n<p data-start=\"2125\" data-end=\"2131\">rest<\/p>\n<\/li>\n<li data-start=\"2132\" data-end=\"2176\">\n<p data-start=\"2134\" data-end=\"2176\">a mini-workshop aligned with your question<\/p>\n<\/li>\n<\/ul>\n<p style=\"text-align: left;\" data-start=\"2178\" data-end=\"2252\">You book your own accommodation; the half-day itself is fully customized.<\/p>\n[\/vc_column_text][mk_padding_divider][\/vc_column][vc_column][mk_gallery images=&#8221;123,203&#8243; column=&#8221;2&#8243; height=&#8221;350&#8243; hover_scenarios=&#8221;slow_zoom&#8221; item_spacing=&#8221;10&#8243; margin_bottom=&#8221;40&#8243;][\/vc_column][\/mk_page_section][mk_page_section bg_color=&#8221;rgba(233,207,183,0.15)&#8221; bg_position=&#8221;center center&#8221; bg_repeat=&#8221;no-repeat&#8221; bg_stretch=&#8221;true&#8221; min_height=&#8221;0&#8243; padding_top=&#8221;75&#8243; padding_bottom=&#8221;75&#8243; visibility=&#8221;hidden-sm&#8221; sidebar=&#8221;sidebar-1&#8243;][vc_column][mk_custom_box padding_vertical=&#8221;50&#8243; padding_horizental=&#8221;50&#8243; margin_bottom=&#8221;0&#8243; min_height=&#8221;0&#8243; bg_color=&#8221;#ffffff&#8221; bg_stretch=&#8221;true&#8221;][vc_column_text css=&#8221;.vc_custom_1765824248199{margin-bottom: 0px !important;}&#8221;]\n<h2 data-start=\"2259\" data-end=\"2281\">\ud83e\udded How it works<\/h2>\n<ol data-start=\"2283\" data-end=\"2410\">\n<li data-start=\"2283\" data-end=\"2313\">\n<p data-start=\"2286\" data-end=\"2313\"><strong data-start=\"2286\" data-end=\"2311\">Introduction call (20 minutes)<\/strong><\/p>\n<\/li>\n<li data-start=\"2314\" data-end=\"2339\">\n<p data-start=\"2317\" data-end=\"2339\"><strong data-start=\"2317\" data-end=\"2337\">Tailor-made proposal<\/strong><\/p>\n<\/li>\n<li data-start=\"2340\" data-end=\"2375\">\n<p data-start=\"2343\" data-end=\"2375\"><strong data-start=\"2343\" data-end=\"2373\">Contract &amp; payment in advance<\/strong><\/p>\n<\/li>\n<li data-start=\"2376\" data-end=\"2410\">\n<p data-start=\"2379\" data-end=\"2410\"><strong data-start=\"2379\" data-end=\"2390\">Sessions<\/strong> in Bodrum or online<\/p>\n<\/li>\n<\/ol>\n[\/vc_column_text][mk_padding_divider size=&#8221;50&#8243;][vc_column_text css=&#8221;.vc_custom_1765969256494{margin-bottom: 0px !important;}&#8221;]\n<h2 data-start=\"2417\" data-end=\"2437\"><strong data-start=\"2423\" data-end=\"2437\">\ud83d\udcac Interested?<\/strong><\/h2>\n<p data-start=\"2439\" data-end=\"2530\">Send a message via the contact form or WhatsApp.<br data-start=\"2494\" data-end=\"2497\" \/>I usually respond within 24 hours.<\/p>\n[\/vc_column_text][mk_padding_divider][mk_gallery images=&#8221;286,283,221,770&#8243; column=&#8221;2&#8243; height=&#8221;350&#8243; hover_scenarios=&#8221;slow_zoom&#8221; item_spacing=&#8221;10&#8243; margin_bottom=&#8221;40&#8243;][\/mk_custom_box][\/vc_column][\/mk_page_section][mk_page_section bg_color=&#8221;rgba(233,207,183,0.15)&#8221; bg_position=&#8221;center center&#8221; bg_repeat=&#8221;no-repeat&#8221; bg_stretch=&#8221;true&#8221; min_height=&#8221;0&#8243; padding_top=&#8221;75&#8243; padding_bottom=&#8221;50&#8243; sidebar=&#8221;sidebar-1&#8243;][vc_column width=&#8221;2\/3&#8243;][mk_padding_divider size=&#8221;25&#8243;][mk_fancy_title margin_bottom=&#8221;0&#8243; font_family=&#8221;none&#8221; align=&#8221;center&#8221;]\n<h3><strong data-start=\"598\" data-end=\"640\">Choose support or guidance that truly fits you.<\/strong><\/h3>\n<h4><em data-start=\"643\" data-end=\"695\">Tailored sessions create space for what needs attention right now.<\/em><\/h4>\n<h3><\/h3>\n[\/mk_fancy_title][\/vc_column][vc_column width=&#8221;1\/3&#8243;][vc_single_image image=&#8221;285&#8243; img_size=&#8221;full&#8221; css=&#8221;&#8221;][\/vc_column][\/mk_page_section][mk_page_section bg_image=&#8221;https:\/\/www.jmholiday.com\/wp-content\/uploads\/2022\/03\/jm-holiday-homepage-making-joy-v2.png&#8221; bg_position=&#8221;center bottom&#8221; bg_repeat=&#8221;no-repeat&#8221; bg_stretch=&#8221;true&#8221; padding_top=&#8221;75&#8243; padding_bottom=&#8221;50&#8243; sidebar=&#8221;sidebar-1&#8243;][vc_column][mk_button dimension=&#8221;outline&#8221; size=&#8221;large&#8221; url=&#8221;https:\/\/www.jmholiday.com\/en\/contact\/&#8221; nofollow=&#8221;true&#8221; align=&#8221;center&#8221; outline_skin=&#8221;light&#8221;]PLAN AN INTRODUCTION[\/mk_button][\/vc_column][\/mk_page_section]\n","protected":false},"excerpt":{"rendered":"<p>[mk_page_section bg_position=&#8221;center center&#8221; bg_repeat=&#8221;no-repeat&#8221; bg_stretch=&#8221;true&#8221; padding_top=&#8221;75&#8243; padding_bottom=&#8221;50&#8243; visibility=&#8221;hidden-sm&#8221; sidebar=&#8221;sidebar-1&#8243;][vc_column width=&#8221;1\/2&#8243;][mk_custom_box padding_vertical=&#8221;50&#8243; padding_horizental=&#8221;50&#8243; margin_bottom=&#8221;0&#8243; min_height=&#8221;605&#8243; bg_color=&#8221;#e9cfb7&#8243;][mk_fancy_title size=&#8221;14&#8243; line_height=&#8221;100&#8243; letter_spacing=&#8221;0&#8243; margin_top=&#8221;0&#8243; margin_bottom=&#8221;0&#8243; font_family=&#8221;none&#8221;] Tailor-Made Sessions &amp; Workshops For young people, professionals and duos seeking clarity or deeper insight. [\/mk_fancy_title][vc_column_text margin_bottom=&#8221;0&#8243; css=&#8221;.vc_custom_1768475810899{margin-bottom: 0px !important;}&#8221;] Not every question fits into a standard coaching trajectory.Sometimes you are looking for a [&hellip;]<\/p>\n","protected":false},"author":3,"featured_media":0,"parent":0,"menu_order":0,"comment_status":"closed","ping_status":"open","template":"","meta":{"footnotes":""},"class_list":["post-1873","page","type-page","status-publish","hentry"],"yoast_head":"<!-- This site is optimized with the Yoast SEO plugin v27.2 - https:\/\/yoast.com\/product\/yoast-seo-wordpress\/ -->\n<title>Tailored Coaching &amp; Personal Workshops | JM Holiday<\/title>\n<meta name=\"description\" content=\"Tailored coaching, sensory work and personal workshops for young people, professionals and duos. In Bodrum or online, fully aligned with your needs.\" \/>\n<meta name=\"robots\" content=\"noindex, follow, max-snippet:-1, max-image-preview:large, max-video-preview:-1\" \/>\n<meta property=\"og:locale\" content=\"en_US\" \/>\n<meta property=\"og:type\" content=\"article\" \/>\n<meta property=\"og:title\" content=\"Tailored Coaching &amp; Personal Workshops | JM Holiday\" \/>\n<meta property=\"og:description\" content=\"Tailored coaching, sensory work and personal workshops for young people, professionals and duos. In Bodrum or online, fully aligned with your needs.\" \/>\n<meta property=\"og:url\" content=\"https:\/\/www.jmholiday.com\/en\/tailor-made-sessions-workshops\/\" \/>\n<meta property=\"og:site_name\" content=\"JM HOLIDAY\" \/>\n<meta property=\"article:modified_time\" content=\"2026-01-15T11:17:05+00:00\" \/>\n<meta name=\"twitter:card\" content=\"summary_large_image\" \/>\n<meta name=\"twitter:label1\" content=\"Est. reading time\" \/>\n\t<meta name=\"twitter:data1\" content=\"5 minutes\" \/>\n<script type=\"application\/ld+json\" class=\"yoast-schema-graph\">{\"@context\":\"https:\/\/schema.org\",\"@graph\":[{\"@type\":\"WebPage\",\"@id\":\"https:\/\/www.jmholiday.com\/en\/tailor-made-sessions-workshops\/\",\"url\":\"https:\/\/www.jmholiday.com\/en\/tailor-made-sessions-workshops\/\",\"name\":\"Tailored Coaching & Personal Workshops | JM Holiday\",\"isPartOf\":{\"@id\":\"https:\/\/www.jmholiday.com\/en\/#website\"},\"datePublished\":\"2025-12-15T19:39:22+00:00\",\"dateModified\":\"2026-01-15T11:17:05+00:00\",\"description\":\"Tailored coaching, sensory work and personal workshops for young people, professionals and duos. In Bodrum or online, fully aligned with your needs.\",\"breadcrumb\":{\"@id\":\"https:\/\/www.jmholiday.com\/en\/tailor-made-sessions-workshops\/#breadcrumb\"},\"inLanguage\":\"en-US\",\"potentialAction\":[{\"@type\":\"ReadAction\",\"target\":[\"https:\/\/www.jmholiday.com\/en\/tailor-made-sessions-workshops\/\"]}]},{\"@type\":\"BreadcrumbList\",\"@id\":\"https:\/\/www.jmholiday.com\/en\/tailor-made-sessions-workshops\/#breadcrumb\",\"itemListElement\":[{\"@type\":\"ListItem\",\"position\":1,\"name\":\"Home\",\"item\":\"https:\/\/www.jmholiday.com\/en\/jm-holiday-coaching-sensory-sessions-in-bodrum\/\"},{\"@type\":\"ListItem\",\"position\":2,\"name\":\"Tailor-Made Sessions &amp; Workshops\"}]},{\"@type\":\"WebSite\",\"@id\":\"https:\/\/www.jmholiday.com\/en\/#website\",\"url\":\"https:\/\/www.jmholiday.com\/en\/\",\"name\":\"JM HOLIDAY\",\"description\":\"Life coaching en local experiences in Bodrum \u2013 ook online. Voor iedereen die rust, richting of nieuwe energie zoekt.\",\"potentialAction\":[{\"@type\":\"SearchAction\",\"target\":{\"@type\":\"EntryPoint\",\"urlTemplate\":\"https:\/\/www.jmholiday.com\/en\/?s={search_term_string}\"},\"query-input\":{\"@type\":\"PropertyValueSpecification\",\"valueRequired\":true,\"valueName\":\"search_term_string\"}}],\"inLanguage\":\"en-US\"}]}<\/script>\n<!-- \/ Yoast SEO plugin. -->","yoast_head_json":{"title":"Tailored Coaching & Personal Workshops | JM Holiday","description":"Tailored coaching, sensory work and personal workshops for young people, professionals and duos. In Bodrum or online, fully aligned with your needs.","robots":{"index":"noindex","follow":"follow","max-snippet":"max-snippet:-1","max-image-preview":"max-image-preview:large","max-video-preview":"max-video-preview:-1"},"og_locale":"en_US","og_type":"article","og_title":"Tailored Coaching & Personal Workshops | JM Holiday","og_description":"Tailored coaching, sensory work and personal workshops for young people, professionals and duos. In Bodrum or online, fully aligned with your needs.","og_url":"https:\/\/www.jmholiday.com\/en\/tailor-made-sessions-workshops\/","og_site_name":"JM HOLIDAY","article_modified_time":"2026-01-15T11:17:05+00:00","twitter_card":"summary_large_image","twitter_misc":{"Est. reading time":"5 minutes"},"schema":{"@context":"https:\/\/schema.org","@graph":[{"@type":"WebPage","@id":"https:\/\/www.jmholiday.com\/en\/tailor-made-sessions-workshops\/","url":"https:\/\/www.jmholiday.com\/en\/tailor-made-sessions-workshops\/","name":"Tailored Coaching & Personal Workshops | JM Holiday","isPartOf":{"@id":"https:\/\/www.jmholiday.com\/en\/#website"},"datePublished":"2025-12-15T19:39:22+00:00","dateModified":"2026-01-15T11:17:05+00:00","description":"Tailored coaching, sensory work and personal workshops for young people, professionals and duos. In Bodrum or online, fully aligned with your needs.","breadcrumb":{"@id":"https:\/\/www.jmholiday.com\/en\/tailor-made-sessions-workshops\/#breadcrumb"},"inLanguage":"en-US","potentialAction":[{"@type":"ReadAction","target":["https:\/\/www.jmholiday.com\/en\/tailor-made-sessions-workshops\/"]}]},{"@type":"BreadcrumbList","@id":"https:\/\/www.jmholiday.com\/en\/tailor-made-sessions-workshops\/#breadcrumb","itemListElement":[{"@type":"ListItem","position":1,"name":"Home","item":"https:\/\/www.jmholiday.com\/en\/jm-holiday-coaching-sensory-sessions-in-bodrum\/"},{"@type":"ListItem","position":2,"name":"Tailor-Made Sessions &amp; Workshops"}]},{"@type":"WebSite","@id":"https:\/\/www.jmholiday.com\/en\/#website","url":"https:\/\/www.jmholiday.com\/en\/","name":"JM HOLIDAY","description":"Life coaching en local experiences in Bodrum \u2013 ook online. Voor iedereen die rust, richting of nieuwe energie zoekt.","potentialAction":[{"@type":"SearchAction","target":{"@type":"EntryPoint","urlTemplate":"https:\/\/www.jmholiday.com\/en\/?s={search_term_string}"},"query-input":{"@type":"PropertyValueSpecification","valueRequired":true,"valueName":"search_term_string"}}],"inLanguage":"en-US"}]}},"_links":{"self":[{"href":"https:\/\/www.jmholiday.com\/en\/wp-json\/wp\/v2\/pages\/1873","targetHints":{"allow":["GET"]}}],"collection":[{"href":"https:\/\/www.jmholiday.com\/en\/wp-json\/wp\/v2\/pages"}],"about":[{"href":"https:\/\/www.jmholiday.com\/en\/wp-json\/wp\/v2\/types\/page"}],"author":[{"embeddable":true,"href":"https:\/\/www.jmholiday.com\/en\/wp-json\/wp\/v2\/users\/3"}],"replies":[{"embeddable":true,"href":"https:\/\/www.jmholiday.com\/en\/wp-json\/wp\/v2\/comments?post=1873"}],"version-history":[{"count":13,"href":"https:\/\/www.jmholiday.com\/en\/wp-json\/wp\/v2\/pages\/1873\/revisions"}],"predecessor-version":[{"id":2146,"href":"https:\/\/www.jmholiday.com\/en\/wp-json\/wp\/v2\/pages\/1873\/revisions\/2146"}],"wp:attachment":[{"href":"https:\/\/www.jmholiday.com\/en\/wp-json\/wp\/v2\/media?parent=1873"}],"curies":[{"name":"wp","href":"https:\/\/api.w.org\/{rel}","templated":true}]}}