{"id":2063,"date":"2022-01-15T08:05:16","date_gmt":"2022-01-15T08:05:16","guid":{"rendered":"https:\/\/www.jmholiday.com\/jm-holiday-bodrumda-kocluk-duyusal-deneyimler\/"},"modified":"2026-01-18T07:20:43","modified_gmt":"2026-01-18T07:20:43","slug":"jm-holiday-bodrumda-kocluk-duyusal-deneyimler","status":"publish","type":"page","link":"https:\/\/www.jmholiday.com\/tr\/","title":{"rendered":"JM Holiday \u2013 Bodrum\u2019da Ko\u00e7luk &amp; Duyusal Deneyimler"},"content":{"rendered":"<div class=\"wpb-content-wrapper\">[mk_page_section bg_image=&#8221;https:\/\/www.jmholiday.com\/wp-content\/uploads\/2025\/10\/gumusluk-freedom-sunset.jpg&#8221; bg_color=&#8221;#1c4549&#8243; bg_position=&#8221;center center&#8221; bg_repeat=&#8221;no-repeat&#8221; bg_stretch=&#8221;true&#8221; enable_3d=&#8221;true&#8221; video_color_mask=&#8221;#cda37c&#8221; video_opacity=&#8221;0.50&#8243; min_height=&#8221;0&#8243; full_height=&#8221;true&#8221; padding_top=&#8221;75&#8243; padding_bottom=&#8221;50&#8243; skip_arrow=&#8221;true&#8221; sidebar=&#8221;sidebar-1&#8243;][vc_column css=&#8221;.vc_custom_1760859675441{margin-top: -10px !important;margin-bottom: 20px !important;}&#8221;][mk_fancy_title tag_name=&#8221;h1&#8243; font_family=&#8221;none&#8221;]\n<h1 style=\"text-align: center;\">Hayat\u0131 t\u00fcm duyular\u0131nla deneyimle.<br \/>\nT\u00fcm varl\u0131\u011f\u0131nla ya\u015fa.<\/h1>\n[\/mk_fancy_title][\/vc_column][\/mk_page_section][mk_page_section bg_position=&#8221;center center&#8221; bg_repeat=&#8221;no-repeat&#8221; min_height=&#8221;0&#8243; padding_top=&#8221;75&#8243; padding_bottom=&#8221;50&#8243; section_id=&#8221;intro&#8221; sidebar=&#8221;sidebar-1&#8243;][vc_column][vc_column_text css=&#8221;.vc_custom_1767600077532{margin-bottom: 0px !important;}&#8221;]\n<p style=\"text-align: center;\"><strong>Joy &amp; Memory Holiday\u2019e Ho\u015f Geldiniz<br \/>\n<\/strong><\/p>\n<p style=\"text-align: center;\" data-start=\"319\" data-end=\"377\">Burada olman\u0131z \u00e7ok g\u00fczel.<\/p>\n<p style=\"text-align: center;\" data-start=\"379\" data-end=\"538\">Bazen g\u00fcnl\u00fck hayat\u0131n ak\u0131\u015f\u0131ndan even durmak iyi gelir.<br data-start=\"438\" data-end=\"441\" \/>Dikkat isteyen \u015feylere alan a\u00e7mak i\u00e7in,<br data-start=\"495\" data-end=\"498\" \/>ve senin i\u00e7in ger\u00e7ekten do\u011fru olanla yeniden ba\u011f kurmak i\u00e7in.<\/p>\n<p style=\"text-align: center;\" data-start=\"540\" data-end=\"686\">JM Holiday, s\u0131radan\u0131n d\u0131\u015f\u0131na bilin\u00e7li bir ara vermek demektir.<br data-start=\"590\" data-end=\"593\" \/>Yava\u015flamak, durmak ve o<em data-start=\"662\" data-end=\"667\"> Joy <\/em>hissini yeniden deneyimlemek i\u00e7in.<\/p>\n<p style=\"text-align: center;\" data-start=\"688\" data-end=\"828\">Joy; ya\u015fam enerjisi ve hareketle ilgilidir.<br data-start=\"725\" data-end=\"728\" \/><strong>Memory <\/strong>ise seninle ta\u015f\u0131d\u0131\u011f\u0131n her \u015feydir:<br data-start=\"763\" data-end=\"766\" \/>zor olanlar ve yol boyunca yaratt\u0131\u011f\u0131n yeni an\u0131lar.<\/p>\n<p style=\"text-align: center;\" data-start=\"830\" data-end=\"942\">Bodrum\u2019da ya da online olarak, JM Holiday sana \u00f6zel bireysel ko\u00e7luk<br data-start=\"888\" data-end=\"891\" \/>ve Moments of Joy deneyimleri sunar.<br \/>\nSenin ritmine ve diline g\u00f6re \u015fekillendirilmi\u015f.<\/p>\n[\/vc_column_text][mk_padding_divider size=&#8221;20&#8243;][vc_separator color=&#8221;custom&#8221; border_width=&#8221;5&#8243; el_width=&#8221;10&#8243; accent_color=&#8221;rgba(233,207,183,0.15)&#8221;][vc_column_text css=&#8221;.vc_custom_1766903338368{margin-bottom: 0px !important;}&#8221;]\n<p style=\"text-align: center;\"><strong>Hayattaki her d\u00f6nem farkl\u0131 bir \u015feye ihtiya\u00e7 duyar.<br \/>\n<\/strong><br \/>\nSana destek olabilece\u011fim \u00fc\u00e7 yol var.<\/p>\n[\/vc_column_text][mk_padding_divider][\/vc_column][vc_column width=&#8221;1\/3&#8243; css=&#8221;.vc_custom_1760990330927{padding-top: 10px !important;padding-right: 15px !important;padding-bottom: 30px !important;padding-left: 15px !important;}&#8221;][vc_single_image image=&#8221;111&#8243; img_size=&#8221;full&#8221; alignment=&#8221;center&#8221; onclick=&#8221;custom_link&#8221; css_animation=&#8221;fadeIn&#8221; css=&#8221;.vc_custom_1768720820866{margin-right: 10px !important;margin-left: 10px !important;}&#8221; link=&#8221;https:\/\/www.jmholiday.com\/tr\/moments-of-joy-kucuk-mutluluk-anlari\/&#8221;][mk_fancy_title tag_name=&#8221;h3&#8243; margin_bottom=&#8221;0&#8243; font_family=&#8221;none&#8221;]\n<h3 style=\"text-align: left;\"><strong>Moments of Joy &#8211; K\u00fc\u00e7\u00fck mutluluk anlar\u0131<\/strong><\/h3>\n[\/mk_fancy_title][vc_column_text css=&#8221;.vc_custom_1767601162897{margin-bottom: 0px !important;}&#8221;]<strong data-start=\"879\" data-end=\"916\">K\u00fc\u00e7\u00fck ama etkisi b\u00fcy\u00fck anlar.<br data-start=\"916\" data-end=\"919\" \/><\/strong><br data-start=\"982\" data-end=\"985\" \/>Seni yava\u015flamaya ve bir s\u00fcreli\u011fine zihninden \u00e7\u0131kmaya davet eden anlar.<br \/>\nHafif, ki\u015fisel ve o an senin i\u00e7in do\u011fru olana uyumlu.[\/vc_column_text][\/vc_column][vc_column width=&#8221;1\/3&#8243; css=&#8221;.vc_custom_1760783442887{padding-top: 10px !important;padding-right: 15px !important;padding-bottom: 20px !important;padding-left: 15px !important;}&#8221;][vc_single_image image=&#8221;108&#8243; img_size=&#8221;full&#8221; alignment=&#8221;center&#8221; onclick=&#8221;custom_link&#8221; css_animation=&#8221;fadeIn&#8221; css=&#8221;.vc_custom_1768720627161{margin-right: 10px !important;margin-left: 10px !important;}&#8221; link=&#8221;https:\/\/www.jmholiday.com\/tr\/bodrumda-online-bireysel-kocluk\/&#8221;][mk_fancy_title tag_name=&#8221;h3&#8243; margin_bottom=&#8221;0&#8243; font_family=&#8221;none&#8221;]\n<h3 style=\"text-align: left;\"><strong>Bodrum\u2019da &amp; Online Bireysel Ko\u00e7luk<\/strong><\/h3>\n[\/mk_fancy_title][vc_column_text css=&#8221;.vc_custom_1767600451168{margin-bottom: 0px !important;}&#8221;]\n<p style=\"text-align: left;\">Kendi h\u0131z\u0131nda, Bodrum\u2019da ya da online.<br data-start=\"1527\" data-end=\"1530\" \/>Sakinlik ve derinlikle, \u015fu anda senin i\u00e7in neyin \u00f6nemli oldu\u011funu<br \/>\nve sana netlik ile y\u00f6n kazand\u0131ran ad\u0131mlar\u0131 birlikte ke\u015ffederiz.<\/p>\n[\/vc_column_text][\/vc_column][vc_column width=&#8221;1\/3&#8243; css=&#8221;.vc_custom_1760783481049{padding-top: 10px !important;padding-right: 15px !important;padding-bottom: 20px !important;padding-left: 15px !important;}&#8221;][vc_single_image image=&#8221;123&#8243; img_size=&#8221;full&#8221; alignment=&#8221;center&#8221; onclick=&#8221;custom_link&#8221; css_animation=&#8221;fadeIn&#8221; css=&#8221;.vc_custom_1768720648402{margin-right: 10px !important;margin-left: 10px !important;}&#8221; link=&#8221;https:\/\/www.jmholiday.com\/tr\/ozel-tasarlanmis-seanslar-atolyeler\/&#8221;][mk_fancy_title tag_name=&#8221;h3&#8243; margin_bottom=&#8221;0&#8243; font_family=&#8221;none&#8221;]\n<h3 style=\"text-align: left;\"><strong>Ki\u015fiye \u00d6zel Dan\u0131\u015fmanl\u0131k &amp; At\u00f6lyeler<\/strong><\/h3>\n[\/mk_fancy_title][vc_column_text css=&#8221;.vc_custom_1767600486684{margin-bottom: 0px !important;}&#8221;]\n<p style=\"text-align: left;\" data-start=\"183\" data-end=\"416\">Ki\u015fiye \u00f6zel dan\u0131\u015fmanl\u0131k, bireysel, ikili ya da k\u00fc\u00e7\u00fck gruplar halinde sunulur.<br \/>\nKo\u00e7luk s\u00fcre\u00e7leri, ihtiya\u00e7 ve ba\u011flama g\u00f6re Moments of Joy deneyimleriyle desteklenebilir ya da tamamen ofis ortam\u0131nda y\u00fcr\u00fct\u00fclebilir. Bu sayede durmak, derinle\u015fmek<br \/>\nve yeniden hareket etmek i\u00e7in alan a\u00e7\u0131l\u0131r, Bodrum\u2019da ya da online.<\/p>\n[\/vc_column_text][\/vc_column][\/mk_page_section][mk_page_section bg_image=&#8221;https:\/\/www.jmholiday.com\/wp-content\/uploads\/2025\/10\/bodrum4.jpg&#8221; bg_position=&#8221;center center&#8221; bg_repeat=&#8221;no-repeat&#8221; bg_stretch=&#8221;true&#8221; video_color_mask=&#8221;#e9cfb7&#8243; video_opacity=&#8221;0.45&#8243; min_height=&#8221;0&#8243; padding_top=&#8221;75&#8243; padding_bottom=&#8221;50&#8243; sidebar=&#8221;sidebar-1&#8243;][vc_column css=&#8221;.vc_custom_1760797535257{padding-top: 40px !important;padding-right: 20px !important;padding-bottom: 40px !important;padding-left: 20px !important;background-color: #E9CFB700 !important;}&#8221;][vc_column_text css=&#8221;.vc_custom_1765822684733{margin-bottom: 0px !important;}&#8221;]\n<blockquote>\n<p style=\"text-align: center;\"><em>Bodrum\u2019un giri\u015finde b\u00fcy\u00fck bir tabela vard\u0131r:<br \/>\n<\/em><\/p>\n<p style=\"text-align: center;\"><em><strong>Merhaba!<\/strong> Tepenin zirvesine ula\u015ft\u0131\u011f\u0131nda, Bodrum t\u00fcm a\u00e7\u0131kl\u0131\u011f\u0131yla kar\u015f\u0131na serilir. Buradan geldi\u011fin gibi ayr\u0131lmay\u0131 bekleme\u2026Herkes burada ruhunun k\u00fc\u00e7\u00fck bir par\u00e7as\u0131n\u0131 b\u0131rak\u0131r.<br \/>\n<\/em><strong>Seni Bodrum\u2019un kalbine do\u011fru y\u00f6nlendirmeme izin ver, do\u011fa ve enerjinin bir araya geldi\u011fi yerlere.<\/strong><\/p>\n<p>&nbsp;<\/p>\n<p style=\"text-align: center;\">.<\/p>\n<\/blockquote>\n[\/vc_column_text][\/vc_column][\/mk_page_section][mk_page_section bg_image=&#8221;https:\/\/www.jmholiday.com\/wp-content\/uploads\/2022\/03\/jm-holiday-fav-icon-background-1.png&#8221; bg_position=&#8221;center center&#8221; bg_repeat=&#8221;no-repeat&#8221; video_color_mask=&#8221;#ffffff&#8221; video_opacity=&#8221;0.9&#8243; min_height=&#8221;0&#8243; padding_top=&#8221;75&#8243; padding_bottom=&#8221;50&#8243; sidebar=&#8221;sidebar-1&#8243;][vc_column width=&#8221;1\/12&#8243;][\/vc_column][vc_column width=&#8221;10\/12&#8243;][mk_fancy_title margin_bottom=&#8221;10&#8243; font_family=&#8221;none&#8221;]\n<h2 style=\"text-align: left;\">Judith Hakk\u0131nda<\/h2>\n[\/mk_fancy_title][vc_column_text css=&#8221;.vc_custom_1762254872805{margin-bottom: 0px !important;}&#8221;]\n<p data-start=\"678\" data-end=\"1106\">Ben Judith.<br data-start=\"386\" data-end=\"389\" \/>Ya\u015fam ko\u00e7u, anne ve Bodrum\u2019daki JM Holiday\u2019nin kurucusuyum.<br data-start=\"537\" data-end=\"540\" \/>Uluslararas\u0131 turizmde rehber ve y\u00f6netici olarak ge\u00e7irdi\u011fim y\u0131llar\u0131n ard\u0131ndan, en b\u00fcy\u00fck yolculu\u011fun d\u0131\u015far\u0131da de\u011fil, i\u00e7imizde ger\u00e7ekle\u015fti\u011fini fark ettim.<br data-start=\"672\" data-end=\"675\" \/>Bug\u00fcn; hayatta dinlenme, y\u00f6n ya da yeniden ne\u015fe arayan insanlara kendi h\u0131zlar\u0131nda, ayaklar\u0131 yere basan ve anda kalarak rehberlik ediyorum.Tarz\u0131m sade ve sezgisel.<br \/>\nMizah, netlik ve samimi sohbetler i\u00e7in her zaman alan var.<\/p>\n[\/vc_column_text][mk_button dimension=&#8221;outline&#8221; size=&#8221;large&#8221; url=&#8221;https:\/\/www.jmholiday.com\/tr\/judith-hakkinda\/&#8221; margin_top=&#8221;20&#8243; outline_skin=&#8221;custom&#8221; outline_active_color=&#8221;#1c4549&#8243; outline_active_text_color=&#8221;#1c4549&#8243; outline_hover_bg_color=&#8221;#1c4549&#8243; outline_hover_color=&#8221;#ffffff&#8221;]Hik\u00e2yemin devam\u0131n\u0131 ke\u015ffet[\/mk_button][mk_padding_divider][vc_row_inner][vc_column_inner width=&#8221;1\/2&#8243;][vc_single_image image=&#8221;1437&#8243; img_size=&#8221;800&#215;1200&#8243; css=&#8221;&#8221;][\/vc_column_inner][\/vc_row_inner][\/vc_column][vc_column width=&#8221;1\/12&#8243;][\/vc_column][\/mk_page_section][mk_page_section bg_color=&#8221;rgba(233,207,183,0.15)&#8221; bg_position=&#8221;center center&#8221; bg_repeat=&#8221;no-repeat&#8221; bg_stretch=&#8221;true&#8221; min_height=&#8221;0&#8243; padding_top=&#8221;75&#8243; padding_bottom=&#8221;50&#8243; sidebar=&#8221;sidebar-1&#8243;][vc_column][mk_fancy_title margin_bottom=&#8221;10&#8243; font_family=&#8221;none&#8221;]\n<h2 style=\"text-align: center;\">\u270f\ufe0f Bodrum\u2019dan \u0130lham<\/h2>\n<h4 style=\"text-align: center;\">Duyusal ya\u015fam \u00fczerine d\u00fc\u015f\u00fcnceler,<br \/>\n\u00f6\u011frencilerle payla\u015f\u0131lan \u00e7al\u0131\u015fmalar ve ders materyalleri, \u015fifa ve k\u00fc\u00e7\u00fck ad\u0131mlar\u0131n g\u00fcc\u00fc.<\/h4>\n[\/mk_fancy_title][mk_blog style=&#8221;spotlight&#8221; grid_image_height=&#8221;275&#8243; post_count=&#8221;3&#8243; pagination=&#8221;false&#8221;][\/vc_column][\/mk_page_section][mk_page_section bg_color=&#8221;#1c4549&#8243; bg_position=&#8221;center center&#8221; bg_repeat=&#8221;no-repeat&#8221; bg_stretch=&#8221;true&#8221; speed_factor=&#8221;0&#8243; video_opacity=&#8221;0&#8243; min_height=&#8221;0&#8243; padding_top=&#8221;75&#8243; padding_bottom=&#8221;50&#8243; section_id=&#8221;erxperiences&#8221; sidebar=&#8221;sidebar-1&#8243;][vc_column width=&#8221;1\/3&#8243;][vc_single_image image=&#8221;957&#8243; img_size=&#8221;full&#8221;][\/vc_column][vc_column width=&#8221;2\/3&#8243;][mk_padding_divider size=&#8221;60&#8243;][mk_fancy_title margin_top=&#8221;25&#8243; margin_bottom=&#8221;0&#8243; font_family=&#8221;none&#8221;]\n<h2 style=\"text-align: center; color: #fff!important;\">Deneyimler<\/h2>\n[\/mk_fancy_title][mk_testimonials style=&#8221;simple&#8221; count=&#8221;-1&#8243; animation_speed=&#8221;900&#8243; slideshow_speed=&#8221;9000&#8243; text_color=&#8221;#ffffff&#8221; author_color=&#8221;#ffffff&#8221; skill_color=&#8221;#ffffff&#8221; font_weight=&#8221;400&#8243; font_style=&#8221;normal&#8221; categories=&#8221;homepage&#8221;][\/vc_column][\/mk_page_section][mk_page_section bg_color=&#8221;#1c4549&#8243; bg_position=&#8221;center center&#8221; bg_repeat=&#8221;no-repeat&#8221; bg_stretch=&#8221;true&#8221; min_height=&#8221;0&#8243; padding_top=&#8221;75&#8243; padding_bottom=&#8221;50&#8243; visibility=&#8221;visible-sm&#8221; sidebar=&#8221;sidebar-1&#8243;][vc_column width=&#8221;2\/3&#8243;][mk_padding_divider size=&#8221;60&#8243;][mk_fancy_title margin_top=&#8221;25&#8243; margin_bottom=&#8221;0&#8243; font_family=&#8221;none&#8221;]\n<h2 style=\"text-align: center; color: #fff!important;\">Deneyimler<\/h2>\n[\/mk_fancy_title][mk_testimonials style=&#8221;simple&#8221; skin=&#8221;light&#8221; count=&#8221;-1&#8243; animation_speed=&#8221;900&#8243; slideshow_speed=&#8221;9000&#8243; text_color=&#8221;#ffffff&#8221; author_color=&#8221;#ffffff&#8221; skill_color=&#8221;#ffffff&#8221; font_weight=&#8221;400&#8243; font_style=&#8221;normal&#8221; el_class=&#8221;.testimonial-content { text-align: left !important; }&#8221; categories=&#8221;homepage&#8221;][\/vc_column][vc_column width=&#8221;1\/3&#8243;][vc_single_image image=&#8221;957&#8243; img_size=&#8221;full&#8221;][\/vc_column][\/mk_page_section][mk_page_section bg_image=&#8221;https:\/\/www.jmholiday.com\/wp-content\/uploads\/2022\/03\/jm-holiday-homepage-making-joy-v2.png&#8221; bg_position=&#8221;center bottom&#8221; bg_repeat=&#8221;no-repeat&#8221; bg_stretch=&#8221;true&#8221; padding_top=&#8221;75&#8243; padding_bottom=&#8221;50&#8243; sidebar=&#8221;sidebar-1&#8243;][vc_column][mk_button dimension=&#8221;outline&#8221; size=&#8221;large&#8221; letter_spacing=&#8221;0&#8243; url=&#8221;https:\/\/www.jmholiday.com\/tr\/bodrumda-online-bireysel-kocluk\/&#8221; target=&#8221;_blank&#8221; nofollow=&#8221;true&#8221; align=&#8221;center&#8221; button_custom_width=&#8221;0&#8243; margin_top=&#8221;0&#8243; margin_bottom=&#8221;15&#8243; margin_right=&#8221;15&#8243; outline_skin=&#8221;light&#8221;]SANA NASIL DESTEK OLAB\u0130LECE\u011e\u0130M\u0130 KE\u015eFET[\/mk_button][\/vc_column][\/mk_page_section][vc_row][vc_column css=&#8221;.vc_custom_1761082174151{background-color: #F8F3EE !important;}&#8221;][vc_column_text css=&#8221;.vc_custom_1765832056524{margin-bottom: 0px !important;padding-top: 20px !important;background-color: #00000000 !important;}&#8221;]\n<p style=\"text-align: center;\" data-start=\"549\" data-end=\"677\"><strong>JM Holiday, de\u011fi\u015fim, kay\u0131p ya da aray\u0131\u015f d\u00f6nemlerinden sonra<br data-start=\"627\" data-end=\"630\" \/>ya\u015fam sevincini yeniden hayata davet etme arzusuyla do\u011fdu.<\/strong><\/p>\n<p style=\"text-align: center;\" data-start=\"679\" data-end=\"827\"><em>Buras\u0131;<br data-start=\"732\" data-end=\"735\" \/>dinlenme, b\u00fcy\u00fcme ve samimi sohbetler i\u00e7in bir alan. Bilin\u00e7li ya\u015famak isteyen,<br data-start=\"770\" data-end=\"773\" \/>kendisi i\u00e7in do\u011fru olana sorumlulukla yakla\u015fan insanlar i\u00e7in.<\/em><\/p>\n<p style=\"text-align: center;\" data-start=\"829\" data-end=\"994\">Bu konsept;<br data-start=\"981\" data-end=\"984\" \/>\u00f6\u011frencilerin, misafirlerin, sevdiklerin ve dan\u0131\u015fanlar\u0131n i\u00e7g\u00f6r\u00fcleriyle<br \/>\nb\u00fcy\u00fcmeye devam ediyor. \u00c7\u00fcnk\u00fc bilin\u00e7li ya\u015fam; anda olmakla, hissetmekle ve bilin\u00e7li se\u00e7imler yapmakla ba\u015flar.<\/p>\n<p style=\"text-align: center;\"><em>.<\/em><\/p>\n[\/vc_column_text][\/vc_column][\/vc_row]\n<\/div>","protected":false},"excerpt":{"rendered":"<p>[mk_page_section bg_image=&#8221;https:\/\/www.jmholiday.com\/wp-content\/uploads\/2025\/10\/gumusluk-freedom-sunset.jpg&#8221; bg_color=&#8221;#1c4549&#8243; bg_position=&#8221;center center&#8221; bg_repeat=&#8221;no-repeat&#8221; bg_stretch=&#8221;true&#8221; enable_3d=&#8221;true&#8221; video_color_mask=&#8221;#cda37c&#8221; video_opacity=&#8221;0.50&#8243; min_height=&#8221;0&#8243; full_height=&#8221;true&#8221; padding_top=&#8221;75&#8243; padding_bottom=&#8221;50&#8243; skip_arrow=&#8221;true&#8221; sidebar=&#8221;sidebar-1&#8243;][vc_column css=&#8221;.vc_custom_1760859675441{margin-top: -10px !important;margin-bottom: 20px !important;}&#8221;][mk_fancy_title tag_name=&#8221;h1&#8243; font_family=&#8221;none&#8221;] Hayat\u0131 t\u00fcm duyular\u0131nla deneyimle. T\u00fcm varl\u0131\u011f\u0131nla ya\u015fa. [\/mk_fancy_title][\/vc_column][\/mk_page_section][mk_page_section bg_position=&#8221;center center&#8221; bg_repeat=&#8221;no-repeat&#8221; min_height=&#8221;0&#8243; padding_top=&#8221;75&#8243; padding_bottom=&#8221;50&#8243; section_id=&#8221;intro&#8221; sidebar=&#8221;sidebar-1&#8243;][vc_column][vc_column_text css=&#8221;.vc_custom_1767600077532{margin-bottom: 0px !important;}&#8221;] Joy &amp; Memory Holiday\u2019e Ho\u015f Geldiniz Burada olman\u0131z \u00e7ok g\u00fczel. Bazen g\u00fcnl\u00fck hayat\u0131n [&hellip;]<\/p>\n","protected":false},"author":1,"featured_media":0,"parent":0,"menu_order":0,"comment_status":"closed","ping_status":"open","template":"","meta":{"footnotes":""},"class_list":["post-2063","page","type-page","status-publish","hentry"],"yoast_head":"<!-- This site is optimized with the Yoast SEO plugin v27.2 - https:\/\/yoast.com\/product\/yoast-seo-wordpress\/ -->\n<title>Bodrum\u2019da Ko\u00e7luk &amp; Bireysel Seanslar | JM Holiday<\/title>\n<meta name=\"description\" content=\"Bodrum\u2019da veya online ko\u00e7luk, duyusal deneyimler ve ki\u015fisel \u00e7al\u0131\u015fmalar. Kendi h\u0131z\u0131nda netlik, sakinlik ve bilin\u00e7li ya\u015fam\u0131 deneyimle.\" \/>\n<meta name=\"robots\" content=\"noindex, follow, max-snippet:-1, max-image-preview:large, max-video-preview:-1\" \/>\n<meta property=\"og:locale\" content=\"tr_TR\" \/>\n<meta property=\"og:type\" content=\"article\" \/>\n<meta property=\"og:title\" content=\"JM Holiday | Hayata Bilin\u00e7li Bir Ara\" \/>\n<meta property=\"og:description\" content=\"G\u00fcnl\u00fck hayat\u0131n ak\u0131\u015f\u0131na bilin\u00e7li bir ara. Bodrum\u2019da ya da online, dinginlik, netlik ve yenilenme i\u00e7in ko\u00e7luk ve duyusal deneyimler.\" \/>\n<meta property=\"og:url\" content=\"https:\/\/www.jmholiday.com\/tr\/\" \/>\n<meta property=\"og:site_name\" content=\"JM HOLIDAY\" \/>\n<meta property=\"article:modified_time\" content=\"2026-01-18T07:20:43+00:00\" \/>\n<meta property=\"og:image\" content=\"https:\/\/www.jmholiday.com\/wp-content\/uploads\/2022\/02\/jm-holiday-home-header-scaled-1024x663.jpg\" \/>\n<meta name=\"twitter:card\" content=\"summary_large_image\" \/>\n<meta name=\"twitter:label1\" content=\"Tahmini okuma s\u00fcresi\" \/>\n\t<meta name=\"twitter:data1\" content=\"5 dakika\" \/>\n<script type=\"application\/ld+json\" class=\"yoast-schema-graph\">{\"@context\":\"https:\/\/schema.org\",\"@graph\":[{\"@type\":\"WebPage\",\"@id\":\"https:\/\/www.jmholiday.com\/tr\/\",\"url\":\"https:\/\/www.jmholiday.com\/tr\/\",\"name\":\"Bodrum\u2019da Ko\u00e7luk & Bireysel Seanslar | JM Holiday\",\"isPartOf\":{\"@id\":\"https:\/\/www.jmholiday.com\/tr\/#website\"},\"datePublished\":\"2022-01-15T08:05:16+00:00\",\"dateModified\":\"2026-01-18T07:20:43+00:00\",\"description\":\"Bodrum\u2019da veya online ko\u00e7luk, duyusal deneyimler ve ki\u015fisel \u00e7al\u0131\u015fmalar. Kendi h\u0131z\u0131nda netlik, sakinlik ve bilin\u00e7li ya\u015fam\u0131 deneyimle.\",\"breadcrumb\":{\"@id\":\"https:\/\/www.jmholiday.com\/tr\/#breadcrumb\"},\"inLanguage\":\"tr\",\"potentialAction\":[{\"@type\":\"ReadAction\",\"target\":[\"https:\/\/www.jmholiday.com\/tr\/\"]}]},{\"@type\":\"BreadcrumbList\",\"@id\":\"https:\/\/www.jmholiday.com\/tr\/#breadcrumb\",\"itemListElement\":[{\"@type\":\"ListItem\",\"position\":1,\"name\":\"Home\",\"item\":\"https:\/\/www.jmholiday.com\/tr\/\"},{\"@type\":\"ListItem\",\"position\":2,\"name\":\"JM Holiday \u2013 Bodrum\u2019da Ko\u00e7luk &amp; Duyusal Deneyimler\"}]},{\"@type\":\"WebSite\",\"@id\":\"https:\/\/www.jmholiday.com\/tr\/#website\",\"url\":\"https:\/\/www.jmholiday.com\/tr\/\",\"name\":\"JM HOLIDAY\",\"description\":\"Life coaching en local experiences in Bodrum \u2013 ook online. Voor iedereen die rust, richting of nieuwe energie zoekt.\",\"potentialAction\":[{\"@type\":\"SearchAction\",\"target\":{\"@type\":\"EntryPoint\",\"urlTemplate\":\"https:\/\/www.jmholiday.com\/tr\/?s={search_term_string}\"},\"query-input\":{\"@type\":\"PropertyValueSpecification\",\"valueRequired\":true,\"valueName\":\"search_term_string\"}}],\"inLanguage\":\"tr\"}]}<\/script>\n<!-- \/ Yoast SEO plugin. -->","yoast_head_json":{"title":"Bodrum\u2019da Ko\u00e7luk & Bireysel Seanslar | JM Holiday","description":"Bodrum\u2019da veya online ko\u00e7luk, duyusal deneyimler ve ki\u015fisel \u00e7al\u0131\u015fmalar. Kendi h\u0131z\u0131nda netlik, sakinlik ve bilin\u00e7li ya\u015fam\u0131 deneyimle.","robots":{"index":"noindex","follow":"follow","max-snippet":"max-snippet:-1","max-image-preview":"max-image-preview:large","max-video-preview":"max-video-preview:-1"},"og_locale":"tr_TR","og_type":"article","og_title":"JM Holiday | Hayata Bilin\u00e7li Bir Ara","og_description":"G\u00fcnl\u00fck hayat\u0131n ak\u0131\u015f\u0131na bilin\u00e7li bir ara. Bodrum\u2019da ya da online, dinginlik, netlik ve yenilenme i\u00e7in ko\u00e7luk ve duyusal deneyimler.","og_url":"https:\/\/www.jmholiday.com\/tr\/","og_site_name":"JM HOLIDAY","article_modified_time":"2026-01-18T07:20:43+00:00","og_image":[{"url":"https:\/\/www.jmholiday.com\/wp-content\/uploads\/2022\/02\/jm-holiday-home-header-scaled-1024x663.jpg","type":"","width":"","height":""}],"twitter_card":"summary_large_image","twitter_misc":{"Tahmini okuma s\u00fcresi":"5 dakika"},"schema":{"@context":"https:\/\/schema.org","@graph":[{"@type":"WebPage","@id":"https:\/\/www.jmholiday.com\/tr\/","url":"https:\/\/www.jmholiday.com\/tr\/","name":"Bodrum\u2019da Ko\u00e7luk & Bireysel Seanslar | JM Holiday","isPartOf":{"@id":"https:\/\/www.jmholiday.com\/tr\/#website"},"datePublished":"2022-01-15T08:05:16+00:00","dateModified":"2026-01-18T07:20:43+00:00","description":"Bodrum\u2019da veya online ko\u00e7luk, duyusal deneyimler ve ki\u015fisel \u00e7al\u0131\u015fmalar. Kendi h\u0131z\u0131nda netlik, sakinlik ve bilin\u00e7li ya\u015fam\u0131 deneyimle.","breadcrumb":{"@id":"https:\/\/www.jmholiday.com\/tr\/#breadcrumb"},"inLanguage":"tr","potentialAction":[{"@type":"ReadAction","target":["https:\/\/www.jmholiday.com\/tr\/"]}]},{"@type":"BreadcrumbList","@id":"https:\/\/www.jmholiday.com\/tr\/#breadcrumb","itemListElement":[{"@type":"ListItem","position":1,"name":"Home","item":"https:\/\/www.jmholiday.com\/tr\/"},{"@type":"ListItem","position":2,"name":"JM Holiday \u2013 Bodrum\u2019da Ko\u00e7luk &amp; Duyusal Deneyimler"}]},{"@type":"WebSite","@id":"https:\/\/www.jmholiday.com\/tr\/#website","url":"https:\/\/www.jmholiday.com\/tr\/","name":"JM HOLIDAY","description":"Life coaching en local experiences in Bodrum \u2013 ook online. Voor iedereen die rust, richting of nieuwe energie zoekt.","potentialAction":[{"@type":"SearchAction","target":{"@type":"EntryPoint","urlTemplate":"https:\/\/www.jmholiday.com\/tr\/?s={search_term_string}"},"query-input":{"@type":"PropertyValueSpecification","valueRequired":true,"valueName":"search_term_string"}}],"inLanguage":"tr"}]}},"_links":{"self":[{"href":"https:\/\/www.jmholiday.com\/tr\/wp-json\/wp\/v2\/pages\/2063","targetHints":{"allow":["GET"]}}],"collection":[{"href":"https:\/\/www.jmholiday.com\/tr\/wp-json\/wp\/v2\/pages"}],"about":[{"href":"https:\/\/www.jmholiday.com\/tr\/wp-json\/wp\/v2\/types\/page"}],"author":[{"embeddable":true,"href":"https:\/\/www.jmholiday.com\/tr\/wp-json\/wp\/v2\/users\/1"}],"replies":[{"embeddable":true,"href":"https:\/\/www.jmholiday.com\/tr\/wp-json\/wp\/v2\/comments?post=2063"}],"version-history":[{"count":13,"href":"https:\/\/www.jmholiday.com\/tr\/wp-json\/wp\/v2\/pages\/2063\/revisions"}],"predecessor-version":[{"id":2224,"href":"https:\/\/www.jmholiday.com\/tr\/wp-json\/wp\/v2\/pages\/2063\/revisions\/2224"}],"wp:attachment":[{"href":"https:\/\/www.jmholiday.com\/tr\/wp-json\/wp\/v2\/media?parent=2063"}],"curies":[{"name":"wp","href":"https:\/\/api.w.org\/{rel}","templated":true}]}}