{"id":2070,"date":"2022-03-28T10:39:03","date_gmt":"2022-03-28T10:39:03","guid":{"rendered":"https:\/\/www.jmholiday.com\/judith-hakkinda\/"},"modified":"2026-02-02T15:05:42","modified_gmt":"2026-02-02T15:05:42","slug":"judith-hakkinda","status":"publish","type":"page","link":"https:\/\/www.jmholiday.com\/tr\/judith-hakkinda\/","title":{"rendered":"Judith Hakk\u0131nda"},"content":{"rendered":"<div class=\"wpb-content-wrapper\">[mk_page_section bg_image=&#8221;https:\/\/www.jmholiday.com\/wp-content\/uploads\/2022\/02\/jm-holiday-home-header-scaled.jpg&#8221; bg_color=&#8221;#1c4549&#8243; bg_position=&#8221;center center&#8221; bg_repeat=&#8221;no-repeat&#8221; bg_stretch=&#8221;true&#8221; enable_3d=&#8221;true&#8221; video_color_mask=&#8221;#1c4549&#8243; video_opacity=&#8221;0.25&#8243; min_height=&#8221;150&#8243; padding_top=&#8221;75&#8243; padding_bottom=&#8221;50&#8243; sidebar=&#8221;sidebar-1&#8243;][vc_column][mk_fancy_title color=&#8221;#ffffff&#8221; margin_bottom=&#8221;0&#8243; font_family=&#8221;none&#8221; el_class=&#8221;jm-title-white&#8221;]\n<h1 style=\"text-align: center;\"><span style=\"color: #ffffff;\">K\u0131saca hik\u00e2yem<\/span><\/h1>\n[\/mk_fancy_title][\/vc_column][\/mk_page_section][mk_page_section bg_image=&#8221;https:\/\/www.jmholiday.com\/wp-content\/uploads\/2022\/02\/test.jpg&#8221; bg_position=&#8221;center center&#8221; bg_repeat=&#8221;no-repeat&#8221; min_height=&#8221;0&#8243; padding_top=&#8221;75&#8243; padding_bottom=&#8221;50&#8243; sidebar=&#8221;sidebar-1&#8243;][vc_column width=&#8221;1\/12&#8243;][\/vc_column][vc_column width=&#8221;10\/12&#8243;][vc_column_text css=&#8221;.vc_custom_1766327276656{margin-bottom: 0px !important;}&#8221;]\n<p data-start=\"653\" data-end=\"717\">Benim ad\u0131m <strong data-start=\"732\" data-end=\"756\">Judith Muijen \u015eeng\u00fcl.<\/strong><\/p>\n<p data-start=\"719\" data-end=\"984\">Hollanda\u2019n\u0131n do\u011fusunda, Twente b\u00f6lgesinde; a\u00e7\u0131k alanlar, n\u00fckter ve ayaklar\u0131 yere basan bir k\u00fclt\u00fcr i\u00e7inde do\u011fdum. K\u00fc\u00e7\u00fck ya\u015flardan itibaren kalbim uzak ufuklara y\u00f6neldi.<br data-start=\"824\" data-end=\"827\" \/>1999 y\u0131l\u0131ndan bu yana \u0130talya, Brezilya, Portekiz, Gran Canaria, Yunanistan, Bulgaristan ve T\u00fcrkiye\u2019de ya\u015fad\u0131m ve \u00e7al\u0131\u015ft\u0131m.<\/p>\n<p data-start=\"986\" data-end=\"1253\">Uluslararas\u0131 turizmle ba\u015flayan yolculu\u011fum; zamanla liderlik, organizasyon ve insanlara rehberlik etmeye d\u00f6n\u00fc\u015ft\u00fc. Bireysel misafirlerden, Avrupa i\u00e7inde ve \u00f6tesinde bir\u00e7ok \u00fclkede \u00e7al\u0131\u015fan b\u00fcy\u00fck, uluslararas\u0131 ekiplere kadar.<\/p>\n<p>Bug\u00fcn oldu\u011fum ki\u015fiyi yaratt\u0131:bir ko\u00e7, bir rehber ve bir insan.<br \/>\nDeneyimle \u015fekillenmi\u015f bir ya\u015fam sanat\u00e7\u0131s\u0131 gibi. Aramay\u0131, d\u00fc\u015fmeyi, yeniden aya\u011fa kalkmay\u0131<br \/>\nve hayatta anlam\u0131 ve ne\u015feyi bilin\u00e7li olarak se\u00e7meyi bilen biri.<\/p>\n<blockquote><p><em>Bu d\u0131\u015f yolculuk, i\u00e7sel yolculu\u011fumu da \u015fekillendirdi.<\/em><\/p><\/blockquote>\n<p data-start=\"1688\" data-end=\"2012\">Son y\u0131llarda <strong data-start=\"1744\" data-end=\"1771\">Fontys Uygulamal\u0131 Bilimler \u00dcniversitesi (Hollanda) <\/strong>ve <strong data-start=\"1775\" data-end=\"1806\">Thomas More Uygulamal\u0131 Bilimler \u00dcniversitesi (Bel\u00e7ika) <\/strong>\u00f6\u011frencileriyle; anlam, fark\u0131ndal\u0131k ve ki\u015fisel geli\u015fim \u00fczerine ara\u015ft\u0131rmalar y\u00fcr\u00fctt\u00fcm.Onlar\u0131n taze bak\u0131\u015f a\u00e7\u0131lar\u0131; insanlar\u0131n nas\u0131l \u00f6\u011frendi\u011fini, yas tuttu\u011funu, iyile\u015fti\u011fini<br data-start=\"1864\" data-end=\"1867\" \/>ve hayata nas\u0131l anlam katt\u0131\u011f\u0131n\u0131 daha derinden kavramama katk\u0131 sa\u011flad\u0131.<\/p>\n<p data-start=\"2014\" data-end=\"2170\">Bu temelden <strong data-start=\"2014\" data-end=\"2028\">JM Holiday<\/strong> do\u011fdu: ko\u00e7lu\u011fun, deneyimin ve i\u00e7sel yans\u0131man\u0131n bulu\u015ftu\u011fu bir alan.<br data-start=\"2122\" data-end=\"2125\" \/>Seyahat etmek i\u00e7in de\u011fil, daha bilin\u00e7li ya\u015famak i\u00e7in.<\/p>\n<p data-start=\"2172\" data-end=\"2316\">\u0130ster netlik, ister denge, ister ba\u011f kurmak i\u00e7in gelin; sizi sakinlik, sezgi ve \u00f6zenle e\u015flik ederek desteklerim.<br data-start=\"2280\" data-end=\"2283\" \/>Bir \u201cguru\u201d olarak de\u011fil, kendim olarak.<\/p>\n[\/vc_column_text][\/vc_column][vc_column width=&#8221;1\/12&#8243;][\/vc_column][\/mk_page_section][mk_page_section bg_color=&#8221;#1c4549&#8243; bg_position=&#8221;center center&#8221; bg_repeat=&#8221;no-repeat&#8221; bg_stretch=&#8221;true&#8221; min_height=&#8221;0&#8243; padding_top=&#8221;75&#8243; padding_bottom=&#8221;50&#8243; sidebar=&#8221;sidebar-1&#8243;][vc_column el_class=&#8221;services&#8221;][mk_gallery images=&#8221;282,285,286,221,116&#8243; style=&#8221;style1&#8243; hover_scenarios=&#8221;slow_zoom&#8221;][\/vc_column][\/mk_page_section][mk_page_section bg_image=&#8221;https:\/\/www.jmholiday.com\/wp-content\/uploads\/2022\/02\/test.jpg&#8221; bg_position=&#8221;center center&#8221; bg_repeat=&#8221;no-repeat&#8221; min_height=&#8221;0&#8243; padding_top=&#8221;75&#8243; padding_bottom=&#8221;50&#8243; sidebar=&#8221;sidebar-1&#8243;][vc_column width=&#8221;1\/12&#8243;][\/vc_column][vc_column width=&#8221;10\/12&#8243;][vc_column_text css=&#8221;.vc_custom_1769596612345{margin-bottom: 0px !important;}&#8221;]\n<h3>\u2728<strong> \u015eu anda ne yap\u0131yorum<\/strong><\/h3>\n<p>Bodrum\u2019da, ailem ve k\u00f6pe\u011fimizle birlikte ya\u015f\u0131yorum.<br \/>\nBurada <strong>JM Holiday<\/strong>\u2019i kurdum: seyahat, deneyim ve fark\u0131ndal\u0131\u011f\u0131n bir araya geldi\u011fi bir alan.<\/p>\n<p>Bire bir <strong>ko\u00e7luk <\/strong>(online dahil), <strong>ki\u015fiye \u00f6zel s\u00fcre\u00e7ler <\/strong>ve uygulamaya d\u00f6n\u00fck yakla\u015f\u0131mlarla \u00e7al\u0131\u015f\u0131yorum. Her zaman ki\u015finin; sakinlik, <strong>y\u00f6n duygusu ve destek hissetmesi <\/strong>i\u00e7in o anda neye ihtiyac\u0131 varsa ona uyumlanarak.<\/p>\n<p>Bodrum\u2019da oldu\u011funuzda, bulundu\u011fumuz ortam s\u00fcrecin do\u011fal bir par\u00e7as\u0131 olur.<br \/>\nBu yerin atmosferi ve enerjisi; a\u00e7\u0131lmay\u0131 ve derinle\u015fmeyi kolayla\u015ft\u0131r\u0131r. Bu bazen \u00e7ok somut yollarla olur:<br \/>\nellerle \u00e7al\u0131\u015fmak (\u00f6rne\u011fin seramik veya kil), birlikte yemek yapmak ve tat almak, aromaterapiyle kokuya temas etmek, ya da y\u00fcr\u00fcy\u00fc\u015fler ve suyla temas yoluyla hareket etmek. Sezgi de geli\u015ftirilebilir;<br \/>\n\u00f6rne\u011fin tarot ya da kahve fal\u0131 gibi sembolik okumalarla. Bu unsurlar, insanlar\u0131n zihinden \u00e7\u0131kmas\u0131na<br \/>\nve konu\u015fmalar\u0131n daha somut hale gelmesine yard\u0131mc\u0131 olur.<\/p>\n<p>Benim rol\u00fcm; o anda var olan\u0131 kelimelere d\u00f6kmek. Ba\u011flant\u0131lar\u0131 kurar, sorular sorar ve i\u00e7g\u00f6r\u00fcleri g\u00fcnl\u00fck hayata terc\u00fcme ederim. B\u00f6ylece fark\u0131ndal\u0131k yaln\u0131zca \u201canlama\u201d seviyesinde kalmaz, ya\u015fanabilir ve kullan\u0131labilir hale gelir.<\/p>\n<p>Rahatlama i\u00e7in alan vard\u0131r; ama dikkat isteyen \u015feylerden ka\u00e7may\u0131z.<br \/>\nSakin, d\u00fcr\u00fcst ve ama\u00e7l\u0131 \u00e7al\u0131\u015f\u0131r\u0131z.<\/p>\n<p>\u015eu anda <strong>aromaterapi, koku temelli<\/strong> fark\u0131ndal\u0131k ve k\u00fc\u00e7\u00fck aromaterapi at\u00f6lyeleri \u00fczerine e\u011fitimlerimi derinle\u015ftiriyorum. Bu nedenle, bu unsurlar zamanla rehberli\u011fimin do\u011fal bir par\u00e7as\u0131 olacakt\u0131r.<br \/>\nPratik, destekleyici ve g\u00fcnl\u00fck hayata uyarlanabilir \u015fekilde.<\/p>\n<p>B\u00f6ylece; dinlenme, ne\u015fe ve fark\u0131ndal\u0131k aras\u0131nda hayat\u0131n kendisine benzeyen do\u011fal bir denge olu\u015fur.<\/p>\n<p>\u0130ster netlik, ister denge, ister ba\u011f kurmak i\u00e7in gelin; size sakinlik, sezgi ve \u00f6zenle e\u015flik ederim.<\/p>\n<h3><strong>\ud83c\udf93 Ko\u00e7luk yolculu\u011fum<\/strong><\/h3>\n<p>\u0130stanbul\u2019da,<strong> Bo\u011fazi\u00e7i \u00dcniversitesi\u2019nde ya\u015fam ko\u00e7lu\u011fu<\/strong> e\u011fitimimi tamamlad\u0131m.<br \/>\nBurada; insanlarla \u00e7al\u0131\u015fma konusundaki y\u0131llara dayanan deneyimimi, <strong>ABC modeli, SWOT, GROW ve Ya\u015fam \u00c7ark\u0131<\/strong> gibi profesyonel \u00e7er\u00e7evelerle birle\u015ftirdim.<\/p>\n<p>Benimle yap\u0131lan ko\u00e7luk, bir y\u00f6ntemi uygulamakla ilgili de\u011fildir. Kar\u015f\u0131la\u015fmakla ilgilidir. Alan a\u00e7ar\u0131z, yava\u015flar\u0131z, d\u00fcr\u00fcst\u00e7e g\u00f6zlemler ve i\u00e7g\u00f6r\u00fcy\u00fc harekete d\u00f6n\u00fc\u015ft\u00fcr\u00fcr\u00fcz. Pratik, bazen y\u00fczle\u015ftirici ama her zaman g\u00fcvenli.<br \/>\nE\u011fer merak ediyorsan, bir kahve e\u015fli\u011finde tan\u0131\u015fabiliriz.[\/vc_column_text][vc_row_inner][vc_column_inner width=&#8221;1\/2&#8243;][mk_padding_divider size=&#8221;100&#8243; visibility=&#8221;hidden-sm&#8221;][vc_single_image image=&#8221;303&#8243; img_size=&#8221;full&#8221;][\/vc_column_inner][vc_column_inner width=&#8221;1\/2&#8243;][vc_single_image image=&#8221;1548&#8243; img_size=&#8221;full&#8221; css=&#8221;&#8221;][\/vc_column_inner][\/vc_row_inner][\/vc_column][vc_column width=&#8221;1\/12&#8243;][\/vc_column][\/mk_page_section][mk_page_section bg_image=&#8221;https:\/\/www.jmholiday.com\/wp-content\/uploads\/2022\/03\/jm-holiday-homepage-making-joy-v2.png&#8221; bg_position=&#8221;center bottom&#8221; bg_repeat=&#8221;no-repeat&#8221; bg_stretch=&#8221;true&#8221; padding_top=&#8221;75&#8243; padding_bottom=&#8221;50&#8243; sidebar=&#8221;sidebar-1&#8243;][vc_column][mk_button dimension=&#8221;outline&#8221; size=&#8221;large&#8221; letter_spacing=&#8221;0&#8243; url=&#8221;https:\/\/www.jmholiday.com\/tr\/iletisim-2\/&#8221; nofollow=&#8221;true&#8221; align=&#8221;center&#8221; button_custom_width=&#8221;0&#8243; margin_top=&#8221;0&#8243; margin_bottom=&#8221;15&#8243; margin_right=&#8221;15&#8243; outline_skin=&#8221;light&#8221;]TANI\u015eMA PLANLA[\/mk_button][\/vc_column][\/mk_page_section]\n<\/div>","protected":false},"excerpt":{"rendered":"<p>[mk_page_section bg_image=&#8221;https:\/\/www.jmholiday.com\/wp-content\/uploads\/2022\/02\/jm-holiday-home-header-scaled.jpg&#8221; bg_color=&#8221;#1c4549&#8243; bg_position=&#8221;center center&#8221; bg_repeat=&#8221;no-repeat&#8221; bg_stretch=&#8221;true&#8221; enable_3d=&#8221;true&#8221; video_color_mask=&#8221;#1c4549&#8243; video_opacity=&#8221;0.25&#8243; min_height=&#8221;150&#8243; padding_top=&#8221;75&#8243; padding_bottom=&#8221;50&#8243; sidebar=&#8221;sidebar-1&#8243;][vc_column][mk_fancy_title color=&#8221;#ffffff&#8221; margin_bottom=&#8221;0&#8243; font_family=&#8221;none&#8221; el_class=&#8221;jm-title-white&#8221;] K\u0131saca hik\u00e2yem [\/mk_fancy_title][\/vc_column][\/mk_page_section][mk_page_section bg_image=&#8221;https:\/\/www.jmholiday.com\/wp-content\/uploads\/2022\/02\/test.jpg&#8221; bg_position=&#8221;center center&#8221; bg_repeat=&#8221;no-repeat&#8221; min_height=&#8221;0&#8243; padding_top=&#8221;75&#8243; padding_bottom=&#8221;50&#8243; sidebar=&#8221;sidebar-1&#8243;][vc_column width=&#8221;1\/12&#8243;][\/vc_column][vc_column width=&#8221;10\/12&#8243;][vc_column_text css=&#8221;.vc_custom_1766327276656{margin-bottom: 0px !important;}&#8221;] Benim ad\u0131m Judith Muijen \u015eeng\u00fcl. Hollanda\u2019n\u0131n do\u011fusunda, Twente b\u00f6lgesinde; a\u00e7\u0131k alanlar, n\u00fckter ve ayaklar\u0131 yere basan bir k\u00fclt\u00fcr i\u00e7inde do\u011fdum. K\u00fc\u00e7\u00fck [&hellip;]<\/p>\n","protected":false},"author":1,"featured_media":0,"parent":0,"menu_order":0,"comment_status":"closed","ping_status":"open","template":"","meta":{"footnotes":""},"class_list":["post-2070","page","type-page","status-publish","hentry"],"yoast_head":"<!-- This site is optimized with the Yoast SEO plugin v27.2 - https:\/\/yoast.com\/product\/yoast-seo-wordpress\/ -->\n<title>Judith hakk\u0131nda \u2013 Ya\u015fam Ko\u00e7luk Bodrum | JM Holiday<\/title>\n<meta name=\"description\" content=\"Judith Muijen \u015eeng\u00fcl hakk\u0131nda daha fazla bilgi edinin: Bodrum\u2019da ya\u015fam ko\u00e7u.S\u0131cak, ayaklar\u0131 yere basan ve sezgisel rehberlik ile ki\u015fisel geli\u015fim.\" \/>\n<meta name=\"robots\" content=\"noindex, follow, max-snippet:-1, max-image-preview:large, max-video-preview:-1\" \/>\n<meta property=\"og:locale\" content=\"tr_TR\" \/>\n<meta property=\"og:type\" content=\"article\" \/>\n<meta property=\"og:title\" content=\"Judith hakk\u0131nda \u2013 Ya\u015fam Ko\u00e7luk Bodrum | JM Holiday\" \/>\n<meta property=\"og:description\" content=\"Judith Muijen \u015eeng\u00fcl hakk\u0131nda daha fazla bilgi edinin: Bodrum\u2019da ya\u015fam ko\u00e7u.S\u0131cak, ayaklar\u0131 yere basan ve sezgisel rehberlik ile ki\u015fisel geli\u015fim.\" \/>\n<meta property=\"og:url\" content=\"https:\/\/www.jmholiday.com\/tr\/judith-hakkinda\/\" \/>\n<meta property=\"og:site_name\" content=\"JM HOLIDAY\" \/>\n<meta property=\"article:modified_time\" content=\"2026-02-02T15:05:42+00:00\" \/>\n<meta name=\"twitter:card\" content=\"summary_large_image\" \/>\n<meta name=\"twitter:label1\" content=\"Tahmini okuma s\u00fcresi\" \/>\n\t<meta name=\"twitter:data1\" content=\"3 dakika\" \/>\n<script type=\"application\/ld+json\" class=\"yoast-schema-graph\">{\"@context\":\"https:\/\/schema.org\",\"@graph\":[{\"@type\":\"WebPage\",\"@id\":\"https:\/\/www.jmholiday.com\/tr\/judith-hakkinda\/\",\"url\":\"https:\/\/www.jmholiday.com\/tr\/judith-hakkinda\/\",\"name\":\"Judith hakk\u0131nda \u2013 Ya\u015fam Ko\u00e7luk Bodrum | JM Holiday\",\"isPartOf\":{\"@id\":\"https:\/\/www.jmholiday.com\/tr\/#website\"},\"datePublished\":\"2022-03-28T10:39:03+00:00\",\"dateModified\":\"2026-02-02T15:05:42+00:00\",\"description\":\"Judith Muijen \u015eeng\u00fcl hakk\u0131nda daha fazla bilgi edinin: Bodrum\u2019da ya\u015fam ko\u00e7u.S\u0131cak, ayaklar\u0131 yere basan ve sezgisel rehberlik ile ki\u015fisel geli\u015fim.\",\"breadcrumb\":{\"@id\":\"https:\/\/www.jmholiday.com\/tr\/judith-hakkinda\/#breadcrumb\"},\"inLanguage\":\"tr\",\"potentialAction\":[{\"@type\":\"ReadAction\",\"target\":[\"https:\/\/www.jmholiday.com\/tr\/judith-hakkinda\/\"]}]},{\"@type\":\"BreadcrumbList\",\"@id\":\"https:\/\/www.jmholiday.com\/tr\/judith-hakkinda\/#breadcrumb\",\"itemListElement\":[{\"@type\":\"ListItem\",\"position\":1,\"name\":\"Home\",\"item\":\"https:\/\/www.jmholiday.com\/tr\/\"},{\"@type\":\"ListItem\",\"position\":2,\"name\":\"Judith Hakk\u0131nda\"}]},{\"@type\":\"WebSite\",\"@id\":\"https:\/\/www.jmholiday.com\/tr\/#website\",\"url\":\"https:\/\/www.jmholiday.com\/tr\/\",\"name\":\"JM HOLIDAY\",\"description\":\"Life coaching en local experiences in Bodrum \u2013 ook online. Voor iedereen die rust, richting of nieuwe energie zoekt.\",\"potentialAction\":[{\"@type\":\"SearchAction\",\"target\":{\"@type\":\"EntryPoint\",\"urlTemplate\":\"https:\/\/www.jmholiday.com\/tr\/?s={search_term_string}\"},\"query-input\":{\"@type\":\"PropertyValueSpecification\",\"valueRequired\":true,\"valueName\":\"search_term_string\"}}],\"inLanguage\":\"tr\"}]}<\/script>\n<!-- \/ Yoast SEO plugin. -->","yoast_head_json":{"title":"Judith hakk\u0131nda \u2013 Ya\u015fam Ko\u00e7luk Bodrum | JM Holiday","description":"Judith Muijen \u015eeng\u00fcl hakk\u0131nda daha fazla bilgi edinin: Bodrum\u2019da ya\u015fam ko\u00e7u.S\u0131cak, ayaklar\u0131 yere basan ve sezgisel rehberlik ile ki\u015fisel geli\u015fim.","robots":{"index":"noindex","follow":"follow","max-snippet":"max-snippet:-1","max-image-preview":"max-image-preview:large","max-video-preview":"max-video-preview:-1"},"og_locale":"tr_TR","og_type":"article","og_title":"Judith hakk\u0131nda \u2013 Ya\u015fam Ko\u00e7luk Bodrum | JM Holiday","og_description":"Judith Muijen \u015eeng\u00fcl hakk\u0131nda daha fazla bilgi edinin: Bodrum\u2019da ya\u015fam ko\u00e7u.S\u0131cak, ayaklar\u0131 yere basan ve sezgisel rehberlik ile ki\u015fisel geli\u015fim.","og_url":"https:\/\/www.jmholiday.com\/tr\/judith-hakkinda\/","og_site_name":"JM HOLIDAY","article_modified_time":"2026-02-02T15:05:42+00:00","twitter_card":"summary_large_image","twitter_misc":{"Tahmini okuma s\u00fcresi":"3 dakika"},"schema":{"@context":"https:\/\/schema.org","@graph":[{"@type":"WebPage","@id":"https:\/\/www.jmholiday.com\/tr\/judith-hakkinda\/","url":"https:\/\/www.jmholiday.com\/tr\/judith-hakkinda\/","name":"Judith hakk\u0131nda \u2013 Ya\u015fam Ko\u00e7luk Bodrum | JM Holiday","isPartOf":{"@id":"https:\/\/www.jmholiday.com\/tr\/#website"},"datePublished":"2022-03-28T10:39:03+00:00","dateModified":"2026-02-02T15:05:42+00:00","description":"Judith Muijen \u015eeng\u00fcl hakk\u0131nda daha fazla bilgi edinin: Bodrum\u2019da ya\u015fam ko\u00e7u.S\u0131cak, ayaklar\u0131 yere basan ve sezgisel rehberlik ile ki\u015fisel geli\u015fim.","breadcrumb":{"@id":"https:\/\/www.jmholiday.com\/tr\/judith-hakkinda\/#breadcrumb"},"inLanguage":"tr","potentialAction":[{"@type":"ReadAction","target":["https:\/\/www.jmholiday.com\/tr\/judith-hakkinda\/"]}]},{"@type":"BreadcrumbList","@id":"https:\/\/www.jmholiday.com\/tr\/judith-hakkinda\/#breadcrumb","itemListElement":[{"@type":"ListItem","position":1,"name":"Home","item":"https:\/\/www.jmholiday.com\/tr\/"},{"@type":"ListItem","position":2,"name":"Judith Hakk\u0131nda"}]},{"@type":"WebSite","@id":"https:\/\/www.jmholiday.com\/tr\/#website","url":"https:\/\/www.jmholiday.com\/tr\/","name":"JM HOLIDAY","description":"Life coaching en local experiences in Bodrum \u2013 ook online. Voor iedereen die rust, richting of nieuwe energie zoekt.","potentialAction":[{"@type":"SearchAction","target":{"@type":"EntryPoint","urlTemplate":"https:\/\/www.jmholiday.com\/tr\/?s={search_term_string}"},"query-input":{"@type":"PropertyValueSpecification","valueRequired":true,"valueName":"search_term_string"}}],"inLanguage":"tr"}]}},"_links":{"self":[{"href":"https:\/\/www.jmholiday.com\/tr\/wp-json\/wp\/v2\/pages\/2070","targetHints":{"allow":["GET"]}}],"collection":[{"href":"https:\/\/www.jmholiday.com\/tr\/wp-json\/wp\/v2\/pages"}],"about":[{"href":"https:\/\/www.jmholiday.com\/tr\/wp-json\/wp\/v2\/types\/page"}],"author":[{"embeddable":true,"href":"https:\/\/www.jmholiday.com\/tr\/wp-json\/wp\/v2\/users\/1"}],"replies":[{"embeddable":true,"href":"https:\/\/www.jmholiday.com\/tr\/wp-json\/wp\/v2\/comments?post=2070"}],"version-history":[{"count":15,"href":"https:\/\/www.jmholiday.com\/tr\/wp-json\/wp\/v2\/pages\/2070\/revisions"}],"predecessor-version":[{"id":2354,"href":"https:\/\/www.jmholiday.com\/tr\/wp-json\/wp\/v2\/pages\/2070\/revisions\/2354"}],"wp:attachment":[{"href":"https:\/\/www.jmholiday.com\/tr\/wp-json\/wp\/v2\/media?parent=2070"}],"curies":[{"name":"wp","href":"https:\/\/api.w.org\/{rel}","templated":true}]}}