{"id":2150,"date":"2022-03-29T02:53:19","date_gmt":"2022-03-29T02:53:19","guid":{"rendered":"https:\/\/www.jmholiday.com\/iletisim-formu\/"},"modified":"2026-01-15T16:18:26","modified_gmt":"2026-01-15T16:18:26","slug":"iletisim-formu","status":"publish","type":"page","link":"https:\/\/www.jmholiday.com\/tr\/iletisim-formu\/","title":{"rendered":"\u0130leti\u015fim Formu"},"content":{"rendered":"[mk_page_section bg_color=&#8221;#ffffff&#8221; bg_position=&#8221;center center&#8221; bg_repeat=&#8221;no-repeat&#8221; bg_stretch=&#8221;true&#8221; min_height=&#8221;0&#8243; full_width=&#8221;true&#8221; padding_top=&#8221;0&#8243; padding_bottom=&#8221;0&#8243; visibility=&#8221;hidden-sm&#8221; sidebar=&#8221;sidebar-1&#8243;][vc_column width=&#8221;1\/2&#8243; el_class=&#8221;box&#8221;][mk_custom_box margin_bottom=&#8221;0&#8243; min_height=&#8221;760&#8243; bg_image=&#8221;https:\/\/www.jmholiday.com\/wp-content\/uploads\/2022\/03\/jm-holiday-contact.jpg&#8221; bg_stretch=&#8221;true&#8221;][\/mk_custom_box][\/vc_column][vc_column width=&#8221;1\/2&#8243; el_class=&#8221;box&#8221;][mk_custom_box padding_vertical=&#8221;60&#8243; padding_horizental=&#8221;75&#8243; margin_bottom=&#8221;0&#8243; min_height=&#8221;760&#8243; bg_color=&#8221;rgba(233,207,183,0.15)&#8221; bg_stretch=&#8221;true&#8221;][mk_fancy_title margin_bottom=&#8221;0&#8243; font_family=&#8221;none&#8221;]\n<h2>\u0130LET\u0130\u015e\u0130M<\/h2>\n[\/mk_fancy_title][vc_column_text css=&#8221;.vc_custom_1651145279870{margin-bottom: 0px !important;}&#8221;]Sorular\u0131n\u0131z varsa, daha fazla bilgi almak ya da tan\u0131\u015fmak isterseniz,<br \/>formu doldurun. En k\u0131sa s\u00fcrede size d\u00f6n\u00fc\u015f yapaca\u011f\u0131m.[\/vc_column_text]<div class=\"wpforms-container wpforms-container-full\" id=\"wpforms-262\"><form id=\"wpforms-form-262\" class=\"wpforms-validate wpforms-form wpforms-ajax-form\" data-formid=\"262\" method=\"post\" enctype=\"multipart\/form-data\" action=\"\/tr\/wp-json\/wp\/v2\/pages\/2150\" data-token=\"7ba1cf7bb4b9778b63e8571545a88a77\" data-token-time=\"1776632397\"><noscript class=\"wpforms-error-noscript\">Bu formu bitirebilmek i\u00e7in taray\u0131c\u0131n\u0131zda JavaScript&#039;i etkinle\u015ftirin.<\/noscript><div class=\"wpforms-field-container\"><div id=\"wpforms-262-field_0-container\" class=\"wpforms-field wpforms-field-name\" data-field-id=\"0\"><label class=\"wpforms-field-label\" for=\"wpforms-262-field_0\">Ad <span class=\"wpforms-required-label\">*<\/span><\/label><div class=\"wpforms-field-row wpforms-field-large\"><div class=\"wpforms-field-row-block wpforms-first wpforms-one-half\"><input type=\"text\" id=\"wpforms-262-field_0\" class=\"wpforms-field-name-first wpforms-field-required\" name=\"wpforms[fields][0][first]\" placeholder=\"Ad\" required><label for=\"wpforms-262-field_0\" class=\"wpforms-field-sublabel after wpforms-sublabel-hide\">Ad<\/label><\/div><div class=\"wpforms-field-row-block wpforms-one-half\"><input type=\"text\" id=\"wpforms-262-field_0-last\" class=\"wpforms-field-name-last wpforms-field-required\" name=\"wpforms[fields][0][last]\" placeholder=\"Soyad\" required><label for=\"wpforms-262-field_0-last\" class=\"wpforms-field-sublabel after wpforms-sublabel-hide\">Soyad<\/label><\/div><\/div><\/div><div id=\"wpforms-262-field_1-container\" class=\"wpforms-field wpforms-field-email\" data-field-id=\"1\"><label class=\"wpforms-field-label\" for=\"wpforms-262-field_1\">E-posta adresi <span class=\"wpforms-required-label\">*<\/span><\/label><input type=\"email\" id=\"wpforms-262-field_1\" class=\"wpforms-field-large wpforms-field-required\" name=\"wpforms[fields][1]\" spellcheck=\"false\" required><\/div><div id=\"wpforms-262-field_3-container\" class=\"wpforms-field wpforms-field-text\" data-field-id=\"3\"><label class=\"wpforms-field-label\" for=\"wpforms-262-field_3\">Telefon numaras\u0131<\/label><input type=\"text\" id=\"wpforms-262-field_3\" class=\"wpforms-field-large\" name=\"wpforms[fields][3]\" ><\/div><div id=\"wpforms-262-field_2-container\" class=\"wpforms-field wpforms-field-textarea\" data-field-id=\"2\"><label class=\"wpforms-field-label\" for=\"wpforms-262-field_2\">Mesaj <span class=\"wpforms-required-label\">*<\/span><\/label><textarea id=\"wpforms-262-field_2\" class=\"wpforms-field-medium wpforms-field-required\" name=\"wpforms[fields][2]\" required><\/textarea><\/div><\/div><!-- .wpforms-field-container --><div class=\"wpforms-recaptcha-container wpforms-is-recaptcha wpforms-is-recaptcha-type-v3\" ><input type=\"hidden\" name=\"wpforms[recaptcha]\" value=\"\"><\/div><div class=\"wpforms-submit-container\" ><input type=\"hidden\" name=\"wpforms[id]\" value=\"262\"><input type=\"hidden\" name=\"page_title\" value=\"\"><input type=\"hidden\" name=\"page_url\" value=\"https:\/\/www.jmholiday.com\/tr\/wp-json\/wp\/v2\/pages\/2150\"><input type=\"hidden\" name=\"url_referer\" value=\"\"><button type=\"submit\" name=\"wpforms[submit]\" id=\"wpforms-submit-262\" class=\"wpforms-submit\" data-alt-text=\"G\u00f6nder\" data-submit-text=\"SUBMIT\" aria-live=\"assertive\" value=\"wpforms-submit\">SUBMIT<\/button><img decoding=\"async\" src=\"https:\/\/www.jmholiday.com\/wp-content\/plugins\/wpforms-lite\/assets\/images\/submit-spin.svg\" class=\"wpforms-submit-spinner\" style=\"display: none;\" width=\"26\" height=\"26\" alt=\"Y\u00fckleniyor\"><\/div><\/form><\/div>  <!-- .wpforms-container -->[\/mk_custom_box][\/vc_column][\/mk_page_section][mk_page_section bg_color=&#8221;#ffffff&#8221; bg_position=&#8221;center center&#8221; bg_repeat=&#8221;no-repeat&#8221; bg_stretch=&#8221;true&#8221; min_height=&#8221;0&#8243; full_width=&#8221;true&#8221; padding_top=&#8221;0&#8243; padding_bottom=&#8221;0&#8243; visibility=&#8221;visible-sm&#8221; sidebar=&#8221;sidebar-1&#8243;][vc_column width=&#8221;1\/2&#8243; el_class=&#8221;box&#8221;][mk_custom_box padding_vertical=&#8221;60&#8243; padding_horizental=&#8221;25&#8243; margin_bottom=&#8221;0&#8243; min_height=&#8221;760&#8243; bg_color=&#8221;rgba(233,207,183,0.15)&#8221; bg_stretch=&#8221;true&#8221;][mk_fancy_title margin_bottom=&#8221;0&#8243; font_family=&#8221;none&#8221;]\n<h2 style=\"text-align: left;\">\u0130LET\u0130\u015e\u0130M<\/h2>\n[\/mk_fancy_title][vc_column_text css=&#8221;.vc_custom_1651145279870{margin-bottom: 0px !important;}&#8221;]Sorular\u0131n\u0131z varsa, daha fazla bilgi almak ya da tan\u0131\u015fmak isterseniz,<br \/>formu doldurun. En k\u0131sa s\u00fcrede size d\u00f6n\u00fc\u015f yapaca\u011f\u0131m.[\/vc_column_text]<div class=\"wpforms-container wpforms-container-full\" id=\"wpforms-262\"><form id=\"wpforms-form-262\" class=\"wpforms-validate wpforms-form wpforms-ajax-form\" data-formid=\"262\" method=\"post\" enctype=\"multipart\/form-data\" action=\"\/tr\/wp-json\/wp\/v2\/pages\/2150\" data-token=\"7ba1cf7bb4b9778b63e8571545a88a77\" data-token-time=\"1776632397\"><noscript class=\"wpforms-error-noscript\">Bu formu bitirebilmek i\u00e7in taray\u0131c\u0131n\u0131zda JavaScript&#039;i etkinle\u015ftirin.<\/noscript><div class=\"wpforms-field-container\"><div id=\"wpforms-262-field_0-container\" class=\"wpforms-field wpforms-field-name\" data-field-id=\"0\"><label class=\"wpforms-field-label\" for=\"wpforms-262-field_0\">Ad <span class=\"wpforms-required-label\">*<\/span><\/label><div class=\"wpforms-field-row wpforms-field-large\"><div class=\"wpforms-field-row-block wpforms-first wpforms-one-half\"><input type=\"text\" id=\"wpforms-262-field_0\" class=\"wpforms-field-name-first wpforms-field-required\" name=\"wpforms[fields][0][first]\" placeholder=\"Ad\" required><label for=\"wpforms-262-field_0\" class=\"wpforms-field-sublabel after wpforms-sublabel-hide\">Ad<\/label><\/div><div class=\"wpforms-field-row-block wpforms-one-half\"><input type=\"text\" id=\"wpforms-262-field_0-last\" class=\"wpforms-field-name-last wpforms-field-required\" name=\"wpforms[fields][0][last]\" placeholder=\"Soyad\" required><label for=\"wpforms-262-field_0-last\" class=\"wpforms-field-sublabel after wpforms-sublabel-hide\">Soyad<\/label><\/div><\/div><\/div><div id=\"wpforms-262-field_1-container\" class=\"wpforms-field wpforms-field-email\" data-field-id=\"1\"><label class=\"wpforms-field-label\" for=\"wpforms-262-field_1\">E-posta adresi <span class=\"wpforms-required-label\">*<\/span><\/label><input type=\"email\" id=\"wpforms-262-field_1\" class=\"wpforms-field-large wpforms-field-required\" name=\"wpforms[fields][1]\" spellcheck=\"false\" required><\/div><div id=\"wpforms-262-field_3-container\" class=\"wpforms-field wpforms-field-text\" data-field-id=\"3\"><label class=\"wpforms-field-label\" for=\"wpforms-262-field_3\">Telefon numaras\u0131<\/label><input type=\"text\" id=\"wpforms-262-field_3\" class=\"wpforms-field-large\" name=\"wpforms[fields][3]\" ><\/div><div id=\"wpforms-262-field_2-container\" class=\"wpforms-field wpforms-field-textarea\" data-field-id=\"2\"><label class=\"wpforms-field-label\" for=\"wpforms-262-field_2\">Mesaj <span class=\"wpforms-required-label\">*<\/span><\/label><textarea id=\"wpforms-262-field_2\" class=\"wpforms-field-medium wpforms-field-required\" name=\"wpforms[fields][2]\" required><\/textarea><\/div><\/div><!-- .wpforms-field-container --><div class=\"wpforms-recaptcha-container wpforms-is-recaptcha wpforms-is-recaptcha-type-v3\" ><input type=\"hidden\" name=\"wpforms[recaptcha]\" value=\"\"><\/div><div class=\"wpforms-submit-container\" ><input type=\"hidden\" name=\"wpforms[id]\" value=\"262\"><input type=\"hidden\" name=\"page_title\" value=\"\"><input type=\"hidden\" name=\"page_url\" value=\"https:\/\/www.jmholiday.com\/tr\/wp-json\/wp\/v2\/pages\/2150\"><input type=\"hidden\" name=\"url_referer\" value=\"\"><button type=\"submit\" name=\"wpforms[submit]\" id=\"wpforms-submit-262\" class=\"wpforms-submit\" data-alt-text=\"G\u00f6nder\" data-submit-text=\"SUBMIT\" aria-live=\"assertive\" value=\"wpforms-submit\">SUBMIT<\/button><img decoding=\"async\" src=\"https:\/\/www.jmholiday.com\/wp-content\/plugins\/wpforms-lite\/assets\/images\/submit-spin.svg\" class=\"wpforms-submit-spinner\" style=\"display: none;\" width=\"26\" height=\"26\" alt=\"Y\u00fckleniyor\"><\/div><\/form><\/div>  <!-- .wpforms-container -->[\/mk_custom_box][\/vc_column][vc_column width=&#8221;1\/2&#8243; el_class=&#8221;box&#8221;][mk_custom_box margin_bottom=&#8221;0&#8243; min_height=&#8221;300&#8243; bg_image=&#8221;https:\/\/www.jmholiday.com\/wp-content\/uploads\/2022\/03\/jm-holiday-contact.jpg&#8221; bg_stretch=&#8221;true&#8221;][\/mk_custom_box][\/vc_column][\/mk_page_section]\n","protected":false},"excerpt":{"rendered":"<p>[mk_page_section bg_color=&#8221;#ffffff&#8221; bg_position=&#8221;center center&#8221; bg_repeat=&#8221;no-repeat&#8221; bg_stretch=&#8221;true&#8221; min_height=&#8221;0&#8243; full_width=&#8221;true&#8221; padding_top=&#8221;0&#8243; padding_bottom=&#8221;0&#8243; visibility=&#8221;hidden-sm&#8221; sidebar=&#8221;sidebar-1&#8243;][vc_column width=&#8221;1\/2&#8243; el_class=&#8221;box&#8221;][mk_custom_box margin_bottom=&#8221;0&#8243; min_height=&#8221;760&#8243; bg_image=&#8221;https:\/\/www.jmholiday.com\/wp-content\/uploads\/2022\/03\/jm-holiday-contact.jpg&#8221; bg_stretch=&#8221;true&#8221;][\/mk_custom_box][\/vc_column][vc_column width=&#8221;1\/2&#8243; el_class=&#8221;box&#8221;][mk_custom_box padding_vertical=&#8221;60&#8243; padding_horizental=&#8221;75&#8243; margin_bottom=&#8221;0&#8243; min_height=&#8221;760&#8243; bg_color=&#8221;rgba(233,207,183,0.15)&#8221; bg_stretch=&#8221;true&#8221;][mk_fancy_title margin_bottom=&#8221;0&#8243; font_family=&#8221;none&#8221;] \u0130LET\u0130\u015e\u0130M [\/mk_fancy_title][vc_column_text css=&#8221;.vc_custom_1651145279870{margin-bottom: 0px !important;}&#8221;]Sorular\u0131n\u0131z varsa, daha fazla bilgi almak ya da tan\u0131\u015fmak isterseniz,formu doldurun. En k\u0131sa s\u00fcrede size d\u00f6n\u00fc\u015f yapaca\u011f\u0131m.[\/vc_column_text][\/mk_custom_box][\/vc_column][\/mk_page_section][mk_page_section bg_color=&#8221;#ffffff&#8221; bg_position=&#8221;center center&#8221; bg_repeat=&#8221;no-repeat&#8221; bg_stretch=&#8221;true&#8221; min_height=&#8221;0&#8243; [&hellip;]<\/p>\n","protected":false},"author":1,"featured_media":0,"parent":0,"menu_order":0,"comment_status":"closed","ping_status":"open","template":"","meta":{"footnotes":""},"class_list":["post-2150","page","type-page","status-publish","hentry"],"yoast_head":"<!-- This site is optimized with the Yoast SEO plugin v27.2 - https:\/\/yoast.com\/product\/yoast-seo-wordpress\/ -->\n<title>\u0130leti\u015fim JM Holiday | Joy &amp; Memory Holiday<\/title>\n<meta name=\"description\" content=\"Sorular\u0131n\u0131z varsa, daha fazla bilgi almak ya da tan\u0131\u015fmak isterseniz,formu doldurun. En k\u0131sa s\u00fcrede size d\u00f6n\u00fc\u015f yapaca\u011f\u0131m.\" \/>\n<meta name=\"robots\" content=\"noindex, follow, max-snippet:-1, max-image-preview:large, max-video-preview:-1\" \/>\n<meta property=\"og:locale\" content=\"tr_TR\" \/>\n<meta property=\"og:type\" content=\"article\" \/>\n<meta property=\"og:title\" content=\"\u0130leti\u015fim JM Holiday | Joy &amp; Memory Holiday\" \/>\n<meta property=\"og:description\" content=\"Sorular\u0131n\u0131z varsa, daha fazla bilgi almak ya da tan\u0131\u015fmak isterseniz,formu doldurun. En k\u0131sa s\u00fcrede size d\u00f6n\u00fc\u015f yapaca\u011f\u0131m.\" \/>\n<meta property=\"og:url\" content=\"https:\/\/www.jmholiday.com\/tr\/iletisim-formu\/\" \/>\n<meta property=\"og:site_name\" content=\"JM HOLIDAY\" \/>\n<meta property=\"article:modified_time\" content=\"2026-01-15T16:18:26+00:00\" \/>\n<meta name=\"twitter:card\" content=\"summary_large_image\" \/>\n<meta name=\"twitter:label1\" content=\"Tahmini okuma s\u00fcresi\" \/>\n\t<meta name=\"twitter:data1\" content=\"1 dakika\" \/>\n<script type=\"application\/ld+json\" class=\"yoast-schema-graph\">{\"@context\":\"https:\/\/schema.org\",\"@graph\":[{\"@type\":\"WebPage\",\"@id\":\"https:\/\/www.jmholiday.com\/tr\/iletisim-formu\/\",\"url\":\"https:\/\/www.jmholiday.com\/tr\/iletisim-formu\/\",\"name\":\"\u0130leti\u015fim JM Holiday | Joy & Memory Holiday\",\"isPartOf\":{\"@id\":\"https:\/\/www.jmholiday.com\/tr\/#website\"},\"datePublished\":\"2022-03-29T02:53:19+00:00\",\"dateModified\":\"2026-01-15T16:18:26+00:00\",\"description\":\"Sorular\u0131n\u0131z varsa, daha fazla bilgi almak ya da tan\u0131\u015fmak isterseniz,formu doldurun. En k\u0131sa s\u00fcrede size d\u00f6n\u00fc\u015f yapaca\u011f\u0131m.\",\"breadcrumb\":{\"@id\":\"https:\/\/www.jmholiday.com\/tr\/iletisim-formu\/#breadcrumb\"},\"inLanguage\":\"tr\",\"potentialAction\":[{\"@type\":\"ReadAction\",\"target\":[\"https:\/\/www.jmholiday.com\/tr\/iletisim-formu\/\"]}]},{\"@type\":\"BreadcrumbList\",\"@id\":\"https:\/\/www.jmholiday.com\/tr\/iletisim-formu\/#breadcrumb\",\"itemListElement\":[{\"@type\":\"ListItem\",\"position\":1,\"name\":\"Home\",\"item\":\"https:\/\/www.jmholiday.com\/tr\/\"},{\"@type\":\"ListItem\",\"position\":2,\"name\":\"\u0130leti\u015fim Formu\"}]},{\"@type\":\"WebSite\",\"@id\":\"https:\/\/www.jmholiday.com\/tr\/#website\",\"url\":\"https:\/\/www.jmholiday.com\/tr\/\",\"name\":\"JM HOLIDAY\",\"description\":\"Life coaching en local experiences in Bodrum \u2013 ook online. Voor iedereen die rust, richting of nieuwe energie zoekt.\",\"potentialAction\":[{\"@type\":\"SearchAction\",\"target\":{\"@type\":\"EntryPoint\",\"urlTemplate\":\"https:\/\/www.jmholiday.com\/tr\/?s={search_term_string}\"},\"query-input\":{\"@type\":\"PropertyValueSpecification\",\"valueRequired\":true,\"valueName\":\"search_term_string\"}}],\"inLanguage\":\"tr\"}]}<\/script>\n<!-- \/ Yoast SEO plugin. -->","yoast_head_json":{"title":"\u0130leti\u015fim JM Holiday | Joy & Memory Holiday","description":"Sorular\u0131n\u0131z varsa, daha fazla bilgi almak ya da tan\u0131\u015fmak isterseniz,formu doldurun. En k\u0131sa s\u00fcrede size d\u00f6n\u00fc\u015f yapaca\u011f\u0131m.","robots":{"index":"noindex","follow":"follow","max-snippet":"max-snippet:-1","max-image-preview":"max-image-preview:large","max-video-preview":"max-video-preview:-1"},"og_locale":"tr_TR","og_type":"article","og_title":"\u0130leti\u015fim JM Holiday | Joy & Memory Holiday","og_description":"Sorular\u0131n\u0131z varsa, daha fazla bilgi almak ya da tan\u0131\u015fmak isterseniz,formu doldurun. En k\u0131sa s\u00fcrede size d\u00f6n\u00fc\u015f yapaca\u011f\u0131m.","og_url":"https:\/\/www.jmholiday.com\/tr\/iletisim-formu\/","og_site_name":"JM HOLIDAY","article_modified_time":"2026-01-15T16:18:26+00:00","twitter_card":"summary_large_image","twitter_misc":{"Tahmini okuma s\u00fcresi":"1 dakika"},"schema":{"@context":"https:\/\/schema.org","@graph":[{"@type":"WebPage","@id":"https:\/\/www.jmholiday.com\/tr\/iletisim-formu\/","url":"https:\/\/www.jmholiday.com\/tr\/iletisim-formu\/","name":"\u0130leti\u015fim JM Holiday | Joy & Memory Holiday","isPartOf":{"@id":"https:\/\/www.jmholiday.com\/tr\/#website"},"datePublished":"2022-03-29T02:53:19+00:00","dateModified":"2026-01-15T16:18:26+00:00","description":"Sorular\u0131n\u0131z varsa, daha fazla bilgi almak ya da tan\u0131\u015fmak isterseniz,formu doldurun. En k\u0131sa s\u00fcrede size d\u00f6n\u00fc\u015f yapaca\u011f\u0131m.","breadcrumb":{"@id":"https:\/\/www.jmholiday.com\/tr\/iletisim-formu\/#breadcrumb"},"inLanguage":"tr","potentialAction":[{"@type":"ReadAction","target":["https:\/\/www.jmholiday.com\/tr\/iletisim-formu\/"]}]},{"@type":"BreadcrumbList","@id":"https:\/\/www.jmholiday.com\/tr\/iletisim-formu\/#breadcrumb","itemListElement":[{"@type":"ListItem","position":1,"name":"Home","item":"https:\/\/www.jmholiday.com\/tr\/"},{"@type":"ListItem","position":2,"name":"\u0130leti\u015fim Formu"}]},{"@type":"WebSite","@id":"https:\/\/www.jmholiday.com\/tr\/#website","url":"https:\/\/www.jmholiday.com\/tr\/","name":"JM HOLIDAY","description":"Life coaching en local experiences in Bodrum \u2013 ook online. Voor iedereen die rust, richting of nieuwe energie zoekt.","potentialAction":[{"@type":"SearchAction","target":{"@type":"EntryPoint","urlTemplate":"https:\/\/www.jmholiday.com\/tr\/?s={search_term_string}"},"query-input":{"@type":"PropertyValueSpecification","valueRequired":true,"valueName":"search_term_string"}}],"inLanguage":"tr"}]}},"_links":{"self":[{"href":"https:\/\/www.jmholiday.com\/tr\/wp-json\/wp\/v2\/pages\/2150","targetHints":{"allow":["GET"]}}],"collection":[{"href":"https:\/\/www.jmholiday.com\/tr\/wp-json\/wp\/v2\/pages"}],"about":[{"href":"https:\/\/www.jmholiday.com\/tr\/wp-json\/wp\/v2\/types\/page"}],"author":[{"embeddable":true,"href":"https:\/\/www.jmholiday.com\/tr\/wp-json\/wp\/v2\/users\/1"}],"replies":[{"embeddable":true,"href":"https:\/\/www.jmholiday.com\/tr\/wp-json\/wp\/v2\/comments?post=2150"}],"version-history":[{"count":5,"href":"https:\/\/www.jmholiday.com\/tr\/wp-json\/wp\/v2\/pages\/2150\/revisions"}],"predecessor-version":[{"id":2155,"href":"https:\/\/www.jmholiday.com\/tr\/wp-json\/wp\/v2\/pages\/2150\/revisions\/2155"}],"wp:attachment":[{"href":"https:\/\/www.jmholiday.com\/tr\/wp-json\/wp\/v2\/media?parent=2150"}],"curies":[{"name":"wp","href":"https:\/\/api.w.org\/{rel}","templated":true}]}}