{"id":2171,"date":"2025-11-27T11:17:07","date_gmt":"2025-11-27T11:17:07","guid":{"rendered":"https:\/\/www.jmholiday.com\/iletisim-2\/"},"modified":"2026-01-15T19:24:47","modified_gmt":"2026-01-15T19:24:47","slug":"iletisim-2","status":"publish","type":"page","link":"https:\/\/www.jmholiday.com\/tr\/iletisim-2\/","title":{"rendered":"Ileti\u015fim"},"content":{"rendered":"[mk_page_section bg_image=&#8221;https:\/\/www.jmholiday.com\/wp-content\/uploads\/2022\/03\/jm-holiday-contact.jpg&#8221; bg_position=&#8221;center bottom&#8221; bg_repeat=&#8221;no-repeat&#8221; bg_stretch=&#8221;true&#8221; video_color_mask=&#8221;#cda37c&#8221; video_opacity=&#8221;0.45&#8243; padding_top=&#8221;75&#8243; padding_bottom=&#8221;50&#8243; el_class=&#8221;.banner-hero { background-image: linear-gradient(to bottom, rgba(233,207,183,0.10), rgba(233,207,183,0.55)), url(&#8216;jouw-afbeelding.jpg&#8217;); background-size: cover; background-position: center; background-blend-mode: normal; \/* of multiply als je meer warmte wilt *\/ }&#8221; sidebar=&#8221;sidebar-1&#8243;][vc_column][vc_column_text css=&#8221;.vc_custom_1767770649015{margin-bottom: 30px !important;border-bottom-width: 60px !important;padding-top: 140px !important;}&#8221;]\n<h1 style=\"text-align: center;\">\u0130lLET\u0130\u015e\u0130ME GE\u00c7\u0130N<\/h1>\n[\/vc_column_text][mk_banner_builder padding=&#8221;150&#8243;][\/vc_column][\/mk_page_section][mk_page_section bg_color=&#8221;#e9cfb7&#8243; bg_position=&#8221;center center&#8221; bg_repeat=&#8221;no-repeat&#8221; bg_stretch=&#8221;true&#8221; min_height=&#8221;0&#8243; padding_top=&#8221;75&#8243; padding_bottom=&#8221;50&#8243; sidebar=&#8221;sidebar-1&#8243;][vc_column width=&#8221;1\/12&#8243;][\/vc_column][vc_column width=&#8221;10\/12&#8243;][vc_column_text css=&#8221;.vc_custom_1764242219613{margin-bottom: 0px !important;}&#8221;]\n<p style=\"text-align: center;\"><strong>\u0130\u00e7inizde bir \u201cevet\u201d mi var? Ya da hen\u00fcz emin de\u011fil misiniz?<\/strong><\/p>\n<p>Bunu birlikte ke\u015ffetmeye davetlisiniz.<br \/>\nBodrum\u2019da bir ko\u00e7luk oturumu d\u00fc\u015f\u00fcn\u00fcyor olabilirsiniz,<br \/>\nbir deneyim planlamak isteyebilirsiniz ya da sadece tan\u0131\u015fmak\u2026<br \/>\nSize uygun olan \u015fekilde ileti\u015fime ge\u00e7mekten \u00e7ekinmeyin.<\/p>\n[\/vc_column_text][mk_padding_divider][\/vc_column][vc_column width=&#8221;1\/12&#8243;][\/vc_column][\/mk_page_section][mk_page_section bg_image=&#8221;https:\/\/www.jmholiday.com\/wp-content\/uploads\/2022\/03\/jm-holiday-fav-icon-background-1.png&#8221; bg_color=&#8221;#ffffff&#8221; bg_position=&#8221;center center&#8221; bg_repeat=&#8221;no-repeat&#8221; bg_stretch=&#8221;true&#8221; video_color_mask=&#8221;#ffffff&#8221; video_opacity=&#8221;0.9&#8243; min_height=&#8221;0&#8243; padding_top=&#8221;75&#8243; padding_bottom=&#8221;50&#8243; section_id=&#8221;intro&#8221; sidebar=&#8221;sidebar-1&#8243;][vc_column width=&#8221;1\/12&#8243; css=&#8221;.vc_custom_1650152325815{border-right-width: 5px !important;border-right-color: #1c4549 !important;border-right-style: solid !important;}&#8221;][\/vc_column][vc_column width=&#8221;10\/12&#8243;][mk_fancy_title font_family=&#8221;none&#8221;]\n<h2 style=\"text-align: center;\"><strong>\ud83c\udf3f Tan\u0131\u015fma G\u00f6r\u00fc\u015fmesi Planlay\u0131n<\/strong><\/h2>\n[\/mk_fancy_title][vc_column_text css=&#8221;.vc_custom_1767770700997{margin-bottom: 0px !important;}&#8221;]\n<p style=\"text-align: left;\">Bunun sizin i\u00e7in do\u011fru olup olmad\u0131\u011f\u0131n\u0131 hissetmek ister misiniz?<br \/>\nTeams, Zoom \u00fczerinden ya da Bodrum\u2019da,<br \/>\n<strong>\u00fccretsiz 20 dakikal\u0131k bir tan\u0131\u015fma<\/strong> g\u00f6r\u00fc\u015fmesi planlayabilirsiniz.<br \/>\nSize en uygun zaman\u0131 siz se\u00e7ersiniz.<\/p>\n<p style=\"text-align: left;\"><strong>\ud83d\udc49 Calendly \u00fczerinden tan\u0131\u015fma g\u00f6r\u00fc\u015fmenizi planlay\u0131n<\/strong><br \/>\n<a href=\"https:\/\/calendly.com\/judithmuijen\/coaching\"><em>https:\/\/calendly.com\/judithmuijen\/coaching<\/em><\/a><\/p>\n[\/vc_column_text][mk_padding_divider][mk_fancy_title font_family=&#8221;none&#8221;]\n<h2 style=\"text-align: center;\">\ud83d\udcac <strong>Mesaj G\u00f6nderin veya WhatsApp\u2019tan Yaz\u0131n<\/strong><\/h2>\n[\/mk_fancy_title][vc_column_text css=&#8221;.vc_custom_1766086978869{margin-bottom: 0px !important;}&#8221;]\n<p style=\"text-align: left;\">Ki\u015fisel ileti\u015fimi mi tercih ediyorsunuz ya da k\u0131sa bir sorunuz mu var?<\/p>\n<p>\ud83d\udce9 <strong>E-mail:<\/strong> contact@jmholiday.com<br \/>\n\ud83d\udcf1 WhatsApp: Sohbete ba\u015flay\u0131n <em><br \/>\n<\/em><em>\ud83d\udcde<\/em><em> <strong>Telefon: <\/strong><\/em>+90 536 260 50 80<br \/>\n<strong>\ud83d\udcf7<\/strong><strong> Instagram<\/strong>: <a href=\"https:\/\/www.instagram.com\/joy_memory_holiday\">@joy_memory_holiday<\/a><\/p>\n<p style=\"text-align: center;\"><em>\ud83d\udca1 Dilerseniz \u015funlar\u0131 payla\u015fabilirsiniz:<\/em><\/p>\n<ul>\n<li>\u0130lgi alan\u0131n\u0131z (ko\u00e7luk, bir deneyim, tan\u0131\u015fma g\u00f6r\u00fc\u015fmesi)<\/li>\n<li>Tercih etti\u011finiz ileti\u015fim yolu (e-posta, WhatsApp, Teams)<\/li>\n<li>Varsa sorular\u0131n\u0131z veya istekleriniz<\/li>\n<\/ul>\n[\/vc_column_text][mk_padding_divider][mk_fancy_title font_family=&#8221;none&#8221;]\n<h2 style=\"text-align: center;\"><strong>\ud83d\udccd Konum<\/strong><\/h2>\n[\/mk_fancy_title][vc_column_text css=&#8221;.vc_custom_1767900549345{margin-bottom: 0px !important;}&#8221;]T\u00fcrkiye\u2019nin Bodrum \u015fehrinde \u00e7al\u0131\u015f\u0131yorum, deniz kenar\u0131nda, \u015fehir merkezinde sakin bir noktada<br \/>\nya da konaklad\u0131\u011f\u0131n\u0131z yere yak\u0131n bir ortamda. Ko\u00e7luk, d\u00fcnyan\u0131n neresinde olursan\u0131z olun<br \/>\n<strong>online<\/strong> olarak da m\u00fcmk\u00fcnd\u00fcr.<\/p>\n<p data-start=\"2232\" data-end=\"2332\">\ud83d\udcc560 dakikal\u0131k oturumlar &#8211; Hollandaca, \u0130ngilizce veya T\u00fcrk\u00e7e<br data-start=\"2294\" data-end=\"2297\" \/>\ud83d\udcbbOnline veya Bodrum\u2019da y\u00fcz y\u00fcze<\/p>\n[\/vc_column_text][mk_padding_divider][mk_button size=&#8221;large&#8221; letter_spacing=&#8221;0&#8243; url=&#8221;https:\/\/www.jmholiday.com\/tr\/iletisim-formu\/&#8221; button_custom_width=&#8221;0&#8243; margin_top=&#8221;0&#8243; margin_bottom=&#8221;15&#8243; margin_right=&#8221;15&#8243;]B\u0130R TANI\u015eMA PLANLA[\/mk_button][\/vc_column][vc_column width=&#8221;1\/12&#8243;][\/vc_column][\/mk_page_section]\n","protected":false},"excerpt":{"rendered":"<p>[mk_page_section bg_image=&#8221;https:\/\/www.jmholiday.com\/wp-content\/uploads\/2022\/03\/jm-holiday-contact.jpg&#8221; bg_position=&#8221;center bottom&#8221; bg_repeat=&#8221;no-repeat&#8221; bg_stretch=&#8221;true&#8221; video_color_mask=&#8221;#cda37c&#8221; video_opacity=&#8221;0.45&#8243; padding_top=&#8221;75&#8243; padding_bottom=&#8221;50&#8243; el_class=&#8221;.banner-hero { background-image: linear-gradient(to bottom, rgba(233,207,183,0.10), rgba(233,207,183,0.55)), url(&#8216;jouw-afbeelding.jpg&#8217;); background-size: cover; background-position: center; background-blend-mode: normal; \/* of multiply als je meer warmte wilt *\/ }&#8221; sidebar=&#8221;sidebar-1&#8243;][vc_column][vc_column_text css=&#8221;.vc_custom_1767770649015{margin-bottom: 30px !important;border-bottom-width: 60px !important;padding-top: 140px !important;}&#8221;] \u0130lLET\u0130\u015e\u0130ME GE\u00c7\u0130N [\/vc_column_text][mk_banner_builder padding=&#8221;150&#8243;][\/vc_column][\/mk_page_section][mk_page_section bg_color=&#8221;#e9cfb7&#8243; bg_position=&#8221;center center&#8221; bg_repeat=&#8221;no-repeat&#8221; bg_stretch=&#8221;true&#8221; min_height=&#8221;0&#8243; padding_top=&#8221;75&#8243; padding_bottom=&#8221;50&#8243; sidebar=&#8221;sidebar-1&#8243;][vc_column [&hellip;]<\/p>\n","protected":false},"author":3,"featured_media":0,"parent":0,"menu_order":0,"comment_status":"closed","ping_status":"closed","template":"","meta":{"footnotes":""},"class_list":["post-2171","page","type-page","status-publish","hentry"],"yoast_head":"<!-- This site is optimized with the Yoast SEO plugin v27.2 - https:\/\/yoast.com\/product\/yoast-seo-wordpress\/ -->\n<title>\u0130leti\u015fim \u2013 Ki\u015fiye \u00d6zel Ko\u00e7luk Bodrum | JM Holiday<\/title>\n<meta name=\"description\" content=\"Bodrum\u2019da veya online ko\u00e7luk, bireysel oturumlar ve tan\u0131\u015fma g\u00f6r\u00fc\u015fmeleri i\u00e7in benimle ileti\u015fime ge\u00e7in. Sorular\u0131n\u0131z ya da ilk bir g\u00f6r\u00fc\u015fme i\u00e7in her zaman ula\u015fabilirsiniz.\" \/>\n<meta name=\"robots\" content=\"noindex, follow, max-snippet:-1, max-image-preview:large, max-video-preview:-1\" \/>\n<meta property=\"og:locale\" content=\"tr_TR\" \/>\n<meta property=\"og:type\" content=\"article\" \/>\n<meta property=\"og:title\" content=\"\u0130leti\u015fim \u2013 Ki\u015fiye \u00d6zel Ko\u00e7luk Bodrum | JM Holiday\" \/>\n<meta property=\"og:description\" content=\"Bodrum\u2019da veya online ko\u00e7luk, bireysel oturumlar ve tan\u0131\u015fma g\u00f6r\u00fc\u015fmeleri i\u00e7in benimle ileti\u015fime ge\u00e7in. Sorular\u0131n\u0131z ya da ilk bir g\u00f6r\u00fc\u015fme i\u00e7in her zaman ula\u015fabilirsiniz.\" \/>\n<meta property=\"og:url\" content=\"https:\/\/www.jmholiday.com\/tr\/iletisim-2\/\" \/>\n<meta property=\"og:site_name\" content=\"JM HOLIDAY\" \/>\n<meta property=\"article:modified_time\" content=\"2026-01-15T19:24:47+00:00\" \/>\n<meta name=\"twitter:card\" content=\"summary_large_image\" \/>\n<meta name=\"twitter:label1\" content=\"Tahmini okuma s\u00fcresi\" \/>\n\t<meta name=\"twitter:data1\" content=\"2 dakika\" \/>\n<script type=\"application\/ld+json\" class=\"yoast-schema-graph\">{\"@context\":\"https:\/\/schema.org\",\"@graph\":[{\"@type\":\"WebPage\",\"@id\":\"https:\/\/www.jmholiday.com\/tr\/iletisim-2\/\",\"url\":\"https:\/\/www.jmholiday.com\/tr\/iletisim-2\/\",\"name\":\"\u0130leti\u015fim \u2013 Ki\u015fiye \u00d6zel Ko\u00e7luk Bodrum | JM Holiday\",\"isPartOf\":{\"@id\":\"https:\/\/www.jmholiday.com\/tr\/#website\"},\"datePublished\":\"2025-11-27T11:17:07+00:00\",\"dateModified\":\"2026-01-15T19:24:47+00:00\",\"description\":\"Bodrum\u2019da veya online ko\u00e7luk, bireysel oturumlar ve tan\u0131\u015fma g\u00f6r\u00fc\u015fmeleri i\u00e7in benimle ileti\u015fime ge\u00e7in. Sorular\u0131n\u0131z ya da ilk bir g\u00f6r\u00fc\u015fme i\u00e7in her zaman ula\u015fabilirsiniz.\",\"breadcrumb\":{\"@id\":\"https:\/\/www.jmholiday.com\/tr\/iletisim-2\/#breadcrumb\"},\"inLanguage\":\"tr\",\"potentialAction\":[{\"@type\":\"ReadAction\",\"target\":[\"https:\/\/www.jmholiday.com\/tr\/iletisim-2\/\"]}]},{\"@type\":\"BreadcrumbList\",\"@id\":\"https:\/\/www.jmholiday.com\/tr\/iletisim-2\/#breadcrumb\",\"itemListElement\":[{\"@type\":\"ListItem\",\"position\":1,\"name\":\"Home\",\"item\":\"https:\/\/www.jmholiday.com\/tr\/\"},{\"@type\":\"ListItem\",\"position\":2,\"name\":\"Ileti\u015fim\"}]},{\"@type\":\"WebSite\",\"@id\":\"https:\/\/www.jmholiday.com\/tr\/#website\",\"url\":\"https:\/\/www.jmholiday.com\/tr\/\",\"name\":\"JM HOLIDAY\",\"description\":\"Life coaching en local experiences in Bodrum \u2013 ook online. Voor iedereen die rust, richting of nieuwe energie zoekt.\",\"potentialAction\":[{\"@type\":\"SearchAction\",\"target\":{\"@type\":\"EntryPoint\",\"urlTemplate\":\"https:\/\/www.jmholiday.com\/tr\/?s={search_term_string}\"},\"query-input\":{\"@type\":\"PropertyValueSpecification\",\"valueRequired\":true,\"valueName\":\"search_term_string\"}}],\"inLanguage\":\"tr\"}]}<\/script>\n<!-- \/ Yoast SEO plugin. -->","yoast_head_json":{"title":"\u0130leti\u015fim \u2013 Ki\u015fiye \u00d6zel Ko\u00e7luk Bodrum | JM Holiday","description":"Bodrum\u2019da veya online ko\u00e7luk, bireysel oturumlar ve tan\u0131\u015fma g\u00f6r\u00fc\u015fmeleri i\u00e7in benimle ileti\u015fime ge\u00e7in. Sorular\u0131n\u0131z ya da ilk bir g\u00f6r\u00fc\u015fme i\u00e7in her zaman ula\u015fabilirsiniz.","robots":{"index":"noindex","follow":"follow","max-snippet":"max-snippet:-1","max-image-preview":"max-image-preview:large","max-video-preview":"max-video-preview:-1"},"og_locale":"tr_TR","og_type":"article","og_title":"\u0130leti\u015fim \u2013 Ki\u015fiye \u00d6zel Ko\u00e7luk Bodrum | JM Holiday","og_description":"Bodrum\u2019da veya online ko\u00e7luk, bireysel oturumlar ve tan\u0131\u015fma g\u00f6r\u00fc\u015fmeleri i\u00e7in benimle ileti\u015fime ge\u00e7in. Sorular\u0131n\u0131z ya da ilk bir g\u00f6r\u00fc\u015fme i\u00e7in her zaman ula\u015fabilirsiniz.","og_url":"https:\/\/www.jmholiday.com\/tr\/iletisim-2\/","og_site_name":"JM HOLIDAY","article_modified_time":"2026-01-15T19:24:47+00:00","twitter_card":"summary_large_image","twitter_misc":{"Tahmini okuma s\u00fcresi":"2 dakika"},"schema":{"@context":"https:\/\/schema.org","@graph":[{"@type":"WebPage","@id":"https:\/\/www.jmholiday.com\/tr\/iletisim-2\/","url":"https:\/\/www.jmholiday.com\/tr\/iletisim-2\/","name":"\u0130leti\u015fim \u2013 Ki\u015fiye \u00d6zel Ko\u00e7luk Bodrum | JM Holiday","isPartOf":{"@id":"https:\/\/www.jmholiday.com\/tr\/#website"},"datePublished":"2025-11-27T11:17:07+00:00","dateModified":"2026-01-15T19:24:47+00:00","description":"Bodrum\u2019da veya online ko\u00e7luk, bireysel oturumlar ve tan\u0131\u015fma g\u00f6r\u00fc\u015fmeleri i\u00e7in benimle ileti\u015fime ge\u00e7in. Sorular\u0131n\u0131z ya da ilk bir g\u00f6r\u00fc\u015fme i\u00e7in her zaman ula\u015fabilirsiniz.","breadcrumb":{"@id":"https:\/\/www.jmholiday.com\/tr\/iletisim-2\/#breadcrumb"},"inLanguage":"tr","potentialAction":[{"@type":"ReadAction","target":["https:\/\/www.jmholiday.com\/tr\/iletisim-2\/"]}]},{"@type":"BreadcrumbList","@id":"https:\/\/www.jmholiday.com\/tr\/iletisim-2\/#breadcrumb","itemListElement":[{"@type":"ListItem","position":1,"name":"Home","item":"https:\/\/www.jmholiday.com\/tr\/"},{"@type":"ListItem","position":2,"name":"Ileti\u015fim"}]},{"@type":"WebSite","@id":"https:\/\/www.jmholiday.com\/tr\/#website","url":"https:\/\/www.jmholiday.com\/tr\/","name":"JM HOLIDAY","description":"Life coaching en local experiences in Bodrum \u2013 ook online. Voor iedereen die rust, richting of nieuwe energie zoekt.","potentialAction":[{"@type":"SearchAction","target":{"@type":"EntryPoint","urlTemplate":"https:\/\/www.jmholiday.com\/tr\/?s={search_term_string}"},"query-input":{"@type":"PropertyValueSpecification","valueRequired":true,"valueName":"search_term_string"}}],"inLanguage":"tr"}]}},"_links":{"self":[{"href":"https:\/\/www.jmholiday.com\/tr\/wp-json\/wp\/v2\/pages\/2171","targetHints":{"allow":["GET"]}}],"collection":[{"href":"https:\/\/www.jmholiday.com\/tr\/wp-json\/wp\/v2\/pages"}],"about":[{"href":"https:\/\/www.jmholiday.com\/tr\/wp-json\/wp\/v2\/types\/page"}],"author":[{"embeddable":true,"href":"https:\/\/www.jmholiday.com\/tr\/wp-json\/wp\/v2\/users\/3"}],"replies":[{"embeddable":true,"href":"https:\/\/www.jmholiday.com\/tr\/wp-json\/wp\/v2\/comments?post=2171"}],"version-history":[{"count":7,"href":"https:\/\/www.jmholiday.com\/tr\/wp-json\/wp\/v2\/pages\/2171\/revisions"}],"predecessor-version":[{"id":2197,"href":"https:\/\/www.jmholiday.com\/tr\/wp-json\/wp\/v2\/pages\/2171\/revisions\/2197"}],"wp:attachment":[{"href":"https:\/\/www.jmholiday.com\/tr\/wp-json\/wp\/v2\/media?parent=2171"}],"curies":[{"name":"wp","href":"https:\/\/api.w.org\/{rel}","templated":true}]}}