{"id":2191,"date":"2025-10-20T18:32:27","date_gmt":"2025-10-20T18:32:27","guid":{"rendered":"https:\/\/www.jmholiday.com\/bodrumda-online-bireysel-kocluk\/"},"modified":"2026-01-18T09:33:48","modified_gmt":"2026-01-18T09:33:48","slug":"bodrumda-online-bireysel-kocluk","status":"publish","type":"page","link":"https:\/\/www.jmholiday.com\/tr\/bodrumda-online-bireysel-kocluk\/","title":{"rendered":"Bodrum\u2019da &amp; Online Bireysel Ko\u00e7luk"},"content":{"rendered":"[mk_page_section bg_image=&#8221;https:\/\/www.jmholiday.com\/wp-content\/uploads\/2022\/04\/jm-holiday-making-joy-2.jpg&#8221; bg_position=&#8221;center bottom&#8221; bg_repeat=&#8221;no-repeat&#8221; bg_stretch=&#8221;true&#8221; video_color_mask=&#8221;#cda37c&#8221; video_opacity=&#8221;0.35&#8243; padding_top=&#8221;75&#8243; padding_bottom=&#8221;50&#8243; el_class=&#8221;.banner-hero { background-image: linear-gradient(to bottom, rgba(233,207,183,0.10), rgba(233,207,183,0.55)), url(&#8216;jouw-afbeelding.jpg&#8217;); background-size: cover; background-position: center; background-blend-mode: normal; \/* of multiply als je meer warmte wilt *\/ }&#8221; sidebar=&#8221;sidebar-1&#8243;][vc_column][vc_column_text css=&#8221;.vc_custom_1760977385883{margin-bottom: 30px !important;border-bottom-width: 60px !important;padding-top: 140px !important;}&#8221;]\n<h1><\/h1>\n<h1 style=\"text-align: center;\">Bodrum\u2019da &amp; Online Bireysel Ko\u00e7luk<\/h1>\n[\/vc_column_text][mk_banner_builder padding=&#8221;150&#8243;][\/vc_column][\/mk_page_section][mk_page_section bg_color=&#8221;#e9cfb7&#8243; bg_position=&#8221;center center&#8221; bg_repeat=&#8221;no-repeat&#8221; bg_stretch=&#8221;true&#8221; min_height=&#8221;0&#8243; padding_top=&#8221;75&#8243; padding_bottom=&#8221;50&#8243; sidebar=&#8221;sidebar-1&#8243;][vc_column width=&#8221;1\/12&#8243;][\/vc_column][vc_column width=&#8221;10\/12&#8243;][vc_column_text css=&#8221;.vc_custom_1764243260708{margin-bottom: 0px !important;}&#8221;]\n<p style=\"text-align: center;\">Sakinlik, netlik ve y\u00f6n duygusu kazand\u0131ran ko\u00e7luk, kendi h\u0131z\u0131nda, kendi dilinde.<br data-start=\"440\" data-end=\"443\" \/>\u0130ster Bodrum\u2019da ol, ister evinden online ba\u011flan; her g\u00f6r\u00fc\u015fme ki\u015fisel geli\u015fimini ve bilin\u00e7li ya\u015fam\u0131n\u0131 destekler.<\/p>\n[\/vc_column_text][mk_padding_divider][\/vc_column][vc_column width=&#8221;1\/12&#8243;][\/vc_column][\/mk_page_section][mk_page_section bg_image=&#8221;https:\/\/www.jmholiday.com\/wp-content\/uploads\/2022\/03\/jm-holiday-fav-icon-background-1.png&#8221; bg_color=&#8221;#ffffff&#8221; bg_position=&#8221;center center&#8221; bg_repeat=&#8221;no-repeat&#8221; bg_stretch=&#8221;true&#8221; video_color_mask=&#8221;#ffffff&#8221; video_opacity=&#8221;0.9&#8243; min_height=&#8221;0&#8243; padding_top=&#8221;75&#8243; padding_bottom=&#8221;50&#8243; section_id=&#8221;intro&#8221; sidebar=&#8221;sidebar-1&#8243;][vc_column width=&#8221;1\/12&#8243; css=&#8221;.vc_custom_1650152325815{border-right-width: 5px !important;border-right-color: #1c4549 !important;border-right-style: solid !important;}&#8221;][\/vc_column][vc_column width=&#8221;10\/12&#8243;][mk_fancy_title font_family=&#8221;none&#8221;]\n<h2 style=\"text-align: center;\">\u0130\u00e7g\u00f6r\u00fcden harekete<\/h2>\n[\/mk_fancy_title][vc_column_text css=&#8221;.vc_custom_1760955926903{margin-bottom: 0px !important;}&#8221;]Bazen bir \u015feylerin de\u011fi\u015fmesi gerekti\u011fini hissedersin, ama nereden ba\u015flayaca\u011f\u0131n\u0131 bilemezsin.<br data-start=\"985\" data-end=\"988\" \/>Sana alan a\u00e7mam, d\u00fc\u015f\u00fcncelerini d\u00fczenlemem ve senin i\u00e7in ger\u00e7ekten \u00f6nemli olana yeniden ba\u011flanman konusunda e\u015flik ederim.Pratik y\u00f6ntemler ve sezgisel derinlikle, bir sonraki ad\u0131m\u0131n\u0131 birlikte ke\u015ffederiz.[\/vc_column_text][mk_padding_divider][mk_fancy_title font_family=&#8221;none&#8221;]\n<h2 style=\"text-align: center;\">Ayaklar\u0131 yere basan ve sezgisel bir yakla\u015f\u0131m<\/h2>\n[\/mk_fancy_title][vc_column_text css=&#8221;.vc_custom_1764243283254{margin-bottom: 0px !important;}&#8221;]Seanslar\u0131m; GROW modeli, Footprints y\u00f6ntemi ve Duygusal Merdiven gibi somut ko\u00e7luk modellerini, yans\u0131ma ve duyusal fark\u0131ndal\u0131kla birle\u015ftirir. Talep \u00fczerine; kahve fal\u0131, tarot veya aile dizimi gibi sezgisel bir seans da deneyimleyebilirsin. Olan biteni, hem kelimelerle hem de sembolik d\u00fczeyde, terc\u00fcme ederim, b\u00f6ylece i\u00e7g\u00f6r\u00fcler kal\u0131c\u0131 olur ve g\u00fcnl\u00fck hayata ta\u015f\u0131n\u0131r.[\/vc_column_text][mk_padding_divider][mk_fancy_title font_family=&#8221;none&#8221;]\n<h2 style=\"text-align: center;\">Bodrum\u2019da, deniz kenar\u0131nda, \u015fehir i\u00e7inde ya da online<\/h2>\n[\/mk_fancy_title][vc_column_text css=&#8221;.vc_custom_1764243312299{margin-bottom: 0px !important;}&#8221;]\n<p data-start=\"1928\" data-end=\"2230\">Seanslar sana uygun bir yerde ger\u00e7ekle\u015fir: deniz kenar\u0131nda, Bodrum merkezinde, konaklad\u0131\u011f\u0131n yerde ya da evinden online. Baz\u0131 g\u00f6r\u00fc\u015fmeler sakin ve derinle\u015ftiricidir, baz\u0131lar\u0131 ise daha pratik ve netle\u015ftiricidir.<br data-start=\"2080\" data-end=\"2083\" \/>Her zaman dikkatle, sakinlikle ve oldu\u011fun h\u00e2linle var olabilece\u011fin bir alan i\u00e7inde.<\/p>\n<p data-start=\"2232\" data-end=\"2332\">\ud83d\udcc5 60 dakikal\u0131k seanslar, Hollandaca, \u0130ngilizce veya T\u00fcrk\u00e7e<br data-start=\"2294\" data-end=\"2297\" \/>\ud83d\udcbb Online ya da Bodrum\u2019da y\u00fcz y\u00fcze<\/p>\n[\/vc_column_text][mk_padding_divider][mk_fancy_title font_family=&#8221;none&#8221;]\n<h2 style=\"text-align: center;\">Kurumlar &amp; ekipler i\u00e7in ko\u00e7luk<\/h2>\n[\/mk_fancy_title][vc_column_text css=&#8221;.vc_custom_1764244664753{margin-bottom: 0px !important;}&#8221;]\n<p data-start=\"602\" data-end=\"805\">Ayn\u0131 zamanda kurumlar i\u00e7inde de \u00e7al\u0131\u015f\u0131yorum. \u0130leti\u015fimlerini, liderlik becerilerini ve \u00e7al\u0131\u015fma bi\u00e7imlerini g\u00fc\u00e7lendirmek isteyen profesyonel ve ekipleri destekliyorum. <br data-start=\"671\" data-end=\"674\" \/>Yeteneklerini (yeniden) ke\u015ffetmek, sorumluluk almak ve i\u015f birli\u011fi bi\u00e7imlerini geli\u015ftirmek isteyen ki\u015filerle \u00e7al\u0131\u015f\u0131yorum.<\/p>\n<p data-start=\"807\" data-end=\"993\">I offer 1-on-1 coaching for employees and (emerging) leaders, online or in a hybrid format, with a focus on communication, personal leadership and a healthy work-life balance.<\/p>\n<p data-start=\"995\" data-end=\"1159\">\u00c7al\u0131\u015fanlar ve (geli\u015fmekte olan) liderler i\u00e7in, online ya da hibrit formatta 1-on-1 ko\u00e7luk sunuyorum.<\/p>\n[\/vc_column_text][mk_button size=&#8221;large&#8221; url=&#8221;https:\/\/www.jmholiday.com\/tr\/iletisim-2\/&#8221;]Tan\u0131\u015fma Planla[\/mk_button][\/vc_column][vc_column width=&#8221;1\/12&#8243;][\/vc_column][\/mk_page_section][mk_page_section bg_color=&#8221;rgba(233,207,183,0.15)&#8221; bg_position=&#8221;center center&#8221; bg_repeat=&#8221;no-repeat&#8221; bg_stretch=&#8221;true&#8221; min_height=&#8221;0&#8243; padding_top=&#8221;75&#8243; padding_bottom=&#8221;50&#8243; sidebar=&#8221;sidebar-1&#8243;][vc_column width=&#8221;1\/12&#8243;][\/vc_column][vc_column width=&#8221;10\/12&#8243;][mk_padding_divider][mk_fancy_title font_family=&#8221;none&#8221;]\n<h2 style=\"text-align: center;\">Kat\u0131l\u0131mc\u0131lar\u0131n deneyimledikleri<\/h2>\n[\/mk_fancy_title][vc_column_text css=&#8221;.vc_custom_1760978179090{margin-bottom: 0px !important;}&#8221;]\n<ul>\n<li data-start=\"2528\" data-end=\"2562\">\n<p data-start=\"2530\" data-end=\"2562\">Karar alma s\u00fcre\u00e7lerinde daha fazla netlik<\/p>\n<\/li>\n<li data-start=\"2563\" data-end=\"2591\">\n<p data-start=\"2565\" data-end=\"2591\">\u0130\u00e7sel sakinlik ve odak<\/p>\n<\/li>\n<li data-start=\"2592\" data-end=\"2639\">\n<p data-start=\"2594\" data-end=\"2639\">Kendinle ve ba\u015fkalar\u0131yla daha g\u00fc\u00e7l\u00fc ba\u011f<\/p>\n<\/li>\n<li data-start=\"2642\" data-end=\"2680\">\u0130lerlemek i\u00e7in pratik ara\u00e7lar<\/li>\n<\/ul>\n[\/vc_column_text][mk_padding_divider][mk_button size=&#8221;large&#8221; letter_spacing=&#8221;0&#8243; url=&#8221;https:\/\/www.jmholiday.com\/tr\/#experiences&#8221; button_custom_width=&#8221;0&#8243; margin_top=&#8221;0&#8243; margin_bottom=&#8221;15&#8243; margin_right=&#8221;15&#8243;]DENEYIMLERI OKU[\/mk_button][mk_padding_divider][mk_gallery images=&#8221;432,284,1614&#8243; height=&#8221;250&#8243; item_spacing=&#8221;10&#8243; margin_bottom=&#8221;40&#8243;][mk_padding_divider][mk_fancy_title font_family=&#8221;none&#8221;]\n<h2 style=\"text-align: center;\"><strong data-start=\"345\" data-end=\"371\">Tan\u0131\u015fma &amp; \u00dccretlendirme<\/strong><\/h2>\n[\/mk_fancy_title][vc_column_text css=&#8221;.vc_custom_1764243725919{margin-bottom: 0px !important;}&#8221;]\n<p data-start=\"373\" data-end=\"509\"><strong data-start=\"373\" data-end=\"431\">\u0130lk tan\u0131\u015fma g\u00f6r\u00fc\u015fmesi (20 dakika) her zaman \u00fccretsizdir.<\/strong><br data-start=\"431\" data-end=\"434\" \/>Online ya da Bodrum\u2019da; neye ihtiyac\u0131n oldu\u011funu ve sana neyin uydu\u011funu birlikte ke\u015ffederiz.<\/p>\n<p data-start=\"511\" data-end=\"703\">Sonras\u0131nda tek seans m\u0131 yoksa daha uzun bir s\u00fcre\u00e7 mi istedi\u011fine sen karar verirsin.<br data-start=\"583\" data-end=\"586\" \/>\u00dccretler; ko\u00e7lu\u011fun t\u00fcr\u00fcne ve \u00fclkeye g\u00f6re de\u011fi\u015fiklik g\u00f6sterir, b\u00f6ylece ko\u00e7luk herkes i\u00e7in eri\u015filebilir kal\u0131r.<\/p>\n<p>\u00d6\u011frenciler ve gen\u00e7 profesyonellerle d\u00fczenli olarak \u00e7al\u0131\u015ft\u0131\u011f\u0131m<strong> i\u00e7in<\/strong>, o<strong> nlar i\u00e7in indirimli bir \u00fccret<\/strong> uygulan\u0131r<br data-start=\"2425\" data-end=\"2428\" \/>Ko\u00e7luk; h\u00e2l\u00e2 \u00f6\u011frenme s\u00fcrecinde olanlar veya kariyerinin ba\u015f\u0131nda bulunanlar i\u00e7in de ula\u015f\u0131labilir olmal\u0131d\u0131r.<\/p>\n<p data-start=\"2567\" data-end=\"2730\">JM Holiday\u2019de ko\u00e7luk <em>bir d\u00f6n\u00fc\u015f\u00fcm alan\u0131d\u0131r.<\/em> Terapi de\u011fildir ve bir seyahat \u00fcr\u00fcn\u00fc de de\u011fildir.<br \/>\nFark\u0131ndal\u0131\u011fa, b\u0131rakmaya, b\u00fcy\u00fcmeye ve i\u00e7sel sakinlik bulmaya bir davettir.<br \/>\nBodrum\u2019da ya da online.<\/p>\n[\/vc_column_text][mk_padding_divider][vc_column_text css=&#8221;.vc_custom_1760984728205{margin-bottom: 0px !important;}&#8221;]\n<p style=\"text-align: center;\"><strong>Bireysel ko\u00e7luk i\u00e7in \u00fccret rehberi<\/strong><\/p>\n<ul>\n<li data-start=\"760\" data-end=\"802\"><strong data-start=\"793\" data-end=\"800\">Tek seans (60\u201375 dk) \u2014 2000 TL\u2019den itibaren<\/strong><\/li>\n<li data-start=\"803\" data-end=\"877\">\n<p data-start=\"805\" data-end=\"877\"><strong data-start=\"805\" data-end=\"830\">4\u20136 seansl\u0131k s\u00fcre\u00e7 \u2014hedef ve formata g\u00f6re \u00f6zel paket fiyat\u0131<\/strong><\/p>\n<\/li>\n<li data-start=\"878\" data-end=\"972\">\n<p data-start=\"880\" data-end=\"972\"><strong data-start=\"880\" data-end=\"917\">Kurumsal ko\u00e7luk &amp; ekip s\u00fcre\u00e7leri<\/strong> \u2014 seans ba\u015f\u0131 3500 TL\u2019den itibaren <em data-start=\"946\" data-end=\"970\">(talebe g\u00f6re \u00f6zel)<\/em><\/p>\n<\/li>\n<\/ul>\n<p data-start=\"974\" data-end=\"1108\">\ud83d\udca1 <em data-start=\"977\" data-end=\"1106\">Adil fiyatland\u0131rmaya ve ki\u015fiye \u00f6zel \u00e7\u00f6z\u00fcmlere inan\u0131yorum.<br \/>\nBirlikte; bulundu\u011fun yer, durumun ve imk\u00e2nlar\u0131na en uygun olan\u0131 de\u011ferlendiririz. <\/em><\/p>\n[\/vc_column_text][mk_padding_divider][mk_fancy_title font_family=&#8221;none&#8221;]\n<h2 style=\"text-align: center;\">Bir sonraki ad\u0131m\u0131n i\u00e7in haz\u0131r m\u0131s\u0131n?<\/h2>\n[\/mk_fancy_title][vc_column_text css=&#8221;.vc_custom_1764243769855{margin-bottom: 0px !important;}&#8221;]\u0130\u00e7inde bir \u201cevet\u201d mi var, yoksa sadece bir merak m\u0131?<br data-start=\"2965\" data-end=\"2968\" \/>\u00dccretsiz bir tan\u0131\u015fma seans\u0131 planla ve sana en iyi neyin destek olaca\u011f\u0131n\u0131 birlikte ke\u015ffedelim[\/vc_column_text][\/vc_column][vc_column width=&#8221;1\/12&#8243;][\/vc_column][\/mk_page_section][mk_page_section bg_image=&#8221;https:\/\/www.jmholiday.com\/wp-content\/uploads\/2022\/03\/jm-holiday-homepage-making-joy-v2.png&#8221; bg_position=&#8221;center bottom&#8221; bg_repeat=&#8221;no-repeat&#8221; bg_stretch=&#8221;true&#8221; padding_top=&#8221;75&#8243; padding_bottom=&#8221;50&#8243; sidebar=&#8221;sidebar-1&#8243;][vc_column][mk_button dimension=&#8221;outline&#8221; size=&#8221;xx-large&#8221; url=&#8221;https:\/\/calendly.com\/judithmuijen\/coaching&#8221; nofollow=&#8221;true&#8221; align=&#8221;center&#8221; outline_skin=&#8221;light&#8221;]Randevu Planla[\/mk_button][\/vc_column][\/mk_page_section]\n","protected":false},"excerpt":{"rendered":"<p>[mk_page_section bg_image=&#8221;https:\/\/www.jmholiday.com\/wp-content\/uploads\/2022\/04\/jm-holiday-making-joy-2.jpg&#8221; bg_position=&#8221;center bottom&#8221; bg_repeat=&#8221;no-repeat&#8221; bg_stretch=&#8221;true&#8221; video_color_mask=&#8221;#cda37c&#8221; video_opacity=&#8221;0.35&#8243; padding_top=&#8221;75&#8243; padding_bottom=&#8221;50&#8243; el_class=&#8221;.banner-hero { background-image: linear-gradient(to bottom, rgba(233,207,183,0.10), rgba(233,207,183,0.55)), url(&#8216;jouw-afbeelding.jpg&#8217;); background-size: cover; background-position: center; background-blend-mode: normal; \/* of multiply als je meer warmte wilt *\/ }&#8221; sidebar=&#8221;sidebar-1&#8243;][vc_column][vc_column_text css=&#8221;.vc_custom_1760977385883{margin-bottom: 30px !important;border-bottom-width: 60px !important;padding-top: 140px !important;}&#8221;] Bodrum\u2019da &amp; Online Bireysel Ko\u00e7luk [\/vc_column_text][mk_banner_builder padding=&#8221;150&#8243;][\/vc_column][\/mk_page_section][mk_page_section bg_color=&#8221;#e9cfb7&#8243; bg_position=&#8221;center center&#8221; bg_repeat=&#8221;no-repeat&#8221; bg_stretch=&#8221;true&#8221; min_height=&#8221;0&#8243; [&hellip;]<\/p>\n","protected":false},"author":3,"featured_media":0,"parent":0,"menu_order":0,"comment_status":"closed","ping_status":"closed","template":"","meta":{"footnotes":""},"class_list":["post-2191","page","type-page","status-publish","hentry"],"yoast_head":"<!-- This site is optimized with the Yoast SEO plugin v27.2 - https:\/\/yoast.com\/product\/yoast-seo-wordpress\/ -->\n<title>Bodrum\u2019da &amp; Online Bireysel Ko\u00e7luk | JM Holiday<\/title>\n<meta name=\"description\" content=\"Bodrum\u2019da ve online bireysel ko\u00e7luk. Sakinlik, netlik ve y\u00f6n kazand\u0131ran 1-on-1 seanslar; Hollandaca, \u0130ngilizce veya T\u00fcrk\u00e7e.\" \/>\n<meta name=\"robots\" content=\"noindex, follow, max-snippet:-1, max-image-preview:large, max-video-preview:-1\" \/>\n<meta property=\"og:locale\" content=\"tr_TR\" \/>\n<meta property=\"og:type\" content=\"article\" \/>\n<meta property=\"og:title\" content=\"Bodrum\u2019da &amp; Online Bireysel Ko\u00e7luk | JM Holiday\" \/>\n<meta property=\"og:description\" content=\"Bodrum\u2019da ve online bireysel ko\u00e7luk. Sakinlik, netlik ve y\u00f6n kazand\u0131ran 1-on-1 seanslar; Hollandaca, \u0130ngilizce veya T\u00fcrk\u00e7e.\" \/>\n<meta property=\"og:url\" content=\"https:\/\/www.jmholiday.com\/tr\/bodrumda-online-bireysel-kocluk\/\" \/>\n<meta property=\"og:site_name\" content=\"JM HOLIDAY\" \/>\n<meta property=\"article:modified_time\" content=\"2026-01-18T09:33:48+00:00\" \/>\n<meta name=\"twitter:card\" content=\"summary_large_image\" \/>\n<meta name=\"twitter:label1\" content=\"Tahmini okuma s\u00fcresi\" \/>\n\t<meta name=\"twitter:data1\" content=\"4 dakika\" \/>\n<script type=\"application\/ld+json\" class=\"yoast-schema-graph\">{\"@context\":\"https:\/\/schema.org\",\"@graph\":[{\"@type\":\"WebPage\",\"@id\":\"https:\/\/www.jmholiday.com\/tr\/bodrumda-online-bireysel-kocluk\/\",\"url\":\"https:\/\/www.jmholiday.com\/tr\/bodrumda-online-bireysel-kocluk\/\",\"name\":\"Bodrum\u2019da & Online Bireysel Ko\u00e7luk | JM Holiday\",\"isPartOf\":{\"@id\":\"https:\/\/www.jmholiday.com\/tr\/#website\"},\"datePublished\":\"2025-10-20T18:32:27+00:00\",\"dateModified\":\"2026-01-18T09:33:48+00:00\",\"description\":\"Bodrum\u2019da ve online bireysel ko\u00e7luk. Sakinlik, netlik ve y\u00f6n kazand\u0131ran 1-on-1 seanslar; Hollandaca, \u0130ngilizce veya T\u00fcrk\u00e7e.\",\"breadcrumb\":{\"@id\":\"https:\/\/www.jmholiday.com\/tr\/bodrumda-online-bireysel-kocluk\/#breadcrumb\"},\"inLanguage\":\"tr\",\"potentialAction\":[{\"@type\":\"ReadAction\",\"target\":[\"https:\/\/www.jmholiday.com\/tr\/bodrumda-online-bireysel-kocluk\/\"]}]},{\"@type\":\"BreadcrumbList\",\"@id\":\"https:\/\/www.jmholiday.com\/tr\/bodrumda-online-bireysel-kocluk\/#breadcrumb\",\"itemListElement\":[{\"@type\":\"ListItem\",\"position\":1,\"name\":\"Home\",\"item\":\"https:\/\/www.jmholiday.com\/tr\/\"},{\"@type\":\"ListItem\",\"position\":2,\"name\":\"Bodrum\u2019da &amp; Online Bireysel Ko\u00e7luk\"}]},{\"@type\":\"WebSite\",\"@id\":\"https:\/\/www.jmholiday.com\/tr\/#website\",\"url\":\"https:\/\/www.jmholiday.com\/tr\/\",\"name\":\"JM HOLIDAY\",\"description\":\"Life coaching en local experiences in Bodrum \u2013 ook online. Voor iedereen die rust, richting of nieuwe energie zoekt.\",\"potentialAction\":[{\"@type\":\"SearchAction\",\"target\":{\"@type\":\"EntryPoint\",\"urlTemplate\":\"https:\/\/www.jmholiday.com\/tr\/?s={search_term_string}\"},\"query-input\":{\"@type\":\"PropertyValueSpecification\",\"valueRequired\":true,\"valueName\":\"search_term_string\"}}],\"inLanguage\":\"tr\"}]}<\/script>\n<!-- \/ Yoast SEO plugin. -->","yoast_head_json":{"title":"Bodrum\u2019da & Online Bireysel Ko\u00e7luk | JM Holiday","description":"Bodrum\u2019da ve online bireysel ko\u00e7luk. Sakinlik, netlik ve y\u00f6n kazand\u0131ran 1-on-1 seanslar; Hollandaca, \u0130ngilizce veya T\u00fcrk\u00e7e.","robots":{"index":"noindex","follow":"follow","max-snippet":"max-snippet:-1","max-image-preview":"max-image-preview:large","max-video-preview":"max-video-preview:-1"},"og_locale":"tr_TR","og_type":"article","og_title":"Bodrum\u2019da & Online Bireysel Ko\u00e7luk | JM Holiday","og_description":"Bodrum\u2019da ve online bireysel ko\u00e7luk. Sakinlik, netlik ve y\u00f6n kazand\u0131ran 1-on-1 seanslar; Hollandaca, \u0130ngilizce veya T\u00fcrk\u00e7e.","og_url":"https:\/\/www.jmholiday.com\/tr\/bodrumda-online-bireysel-kocluk\/","og_site_name":"JM HOLIDAY","article_modified_time":"2026-01-18T09:33:48+00:00","twitter_card":"summary_large_image","twitter_misc":{"Tahmini okuma s\u00fcresi":"4 dakika"},"schema":{"@context":"https:\/\/schema.org","@graph":[{"@type":"WebPage","@id":"https:\/\/www.jmholiday.com\/tr\/bodrumda-online-bireysel-kocluk\/","url":"https:\/\/www.jmholiday.com\/tr\/bodrumda-online-bireysel-kocluk\/","name":"Bodrum\u2019da & Online Bireysel Ko\u00e7luk | JM Holiday","isPartOf":{"@id":"https:\/\/www.jmholiday.com\/tr\/#website"},"datePublished":"2025-10-20T18:32:27+00:00","dateModified":"2026-01-18T09:33:48+00:00","description":"Bodrum\u2019da ve online bireysel ko\u00e7luk. Sakinlik, netlik ve y\u00f6n kazand\u0131ran 1-on-1 seanslar; Hollandaca, \u0130ngilizce veya T\u00fcrk\u00e7e.","breadcrumb":{"@id":"https:\/\/www.jmholiday.com\/tr\/bodrumda-online-bireysel-kocluk\/#breadcrumb"},"inLanguage":"tr","potentialAction":[{"@type":"ReadAction","target":["https:\/\/www.jmholiday.com\/tr\/bodrumda-online-bireysel-kocluk\/"]}]},{"@type":"BreadcrumbList","@id":"https:\/\/www.jmholiday.com\/tr\/bodrumda-online-bireysel-kocluk\/#breadcrumb","itemListElement":[{"@type":"ListItem","position":1,"name":"Home","item":"https:\/\/www.jmholiday.com\/tr\/"},{"@type":"ListItem","position":2,"name":"Bodrum\u2019da &amp; Online Bireysel Ko\u00e7luk"}]},{"@type":"WebSite","@id":"https:\/\/www.jmholiday.com\/tr\/#website","url":"https:\/\/www.jmholiday.com\/tr\/","name":"JM HOLIDAY","description":"Life coaching en local experiences in Bodrum \u2013 ook online. Voor iedereen die rust, richting of nieuwe energie zoekt.","potentialAction":[{"@type":"SearchAction","target":{"@type":"EntryPoint","urlTemplate":"https:\/\/www.jmholiday.com\/tr\/?s={search_term_string}"},"query-input":{"@type":"PropertyValueSpecification","valueRequired":true,"valueName":"search_term_string"}}],"inLanguage":"tr"}]}},"_links":{"self":[{"href":"https:\/\/www.jmholiday.com\/tr\/wp-json\/wp\/v2\/pages\/2191","targetHints":{"allow":["GET"]}}],"collection":[{"href":"https:\/\/www.jmholiday.com\/tr\/wp-json\/wp\/v2\/pages"}],"about":[{"href":"https:\/\/www.jmholiday.com\/tr\/wp-json\/wp\/v2\/types\/page"}],"author":[{"embeddable":true,"href":"https:\/\/www.jmholiday.com\/tr\/wp-json\/wp\/v2\/users\/3"}],"replies":[{"embeddable":true,"href":"https:\/\/www.jmholiday.com\/tr\/wp-json\/wp\/v2\/comments?post=2191"}],"version-history":[{"count":7,"href":"https:\/\/www.jmholiday.com\/tr\/wp-json\/wp\/v2\/pages\/2191\/revisions"}],"predecessor-version":[{"id":2227,"href":"https:\/\/www.jmholiday.com\/tr\/wp-json\/wp\/v2\/pages\/2191\/revisions\/2227"}],"wp:attachment":[{"href":"https:\/\/www.jmholiday.com\/tr\/wp-json\/wp\/v2\/media?parent=2191"}],"curies":[{"name":"wp","href":"https:\/\/api.w.org\/{rel}","templated":true}]}}