{"id":2199,"date":"2025-12-15T19:39:22","date_gmt":"2025-12-15T19:39:22","guid":{"rendered":"https:\/\/www.jmholiday.com\/ozel-tasarlanmis-seanslar-atolyeler\/"},"modified":"2026-01-17T18:06:04","modified_gmt":"2026-01-17T18:06:04","slug":"ozel-tasarlanmis-seanslar-atolyeler","status":"publish","type":"page","link":"https:\/\/www.jmholiday.com\/tr\/ozel-tasarlanmis-seanslar-atolyeler\/","title":{"rendered":"\u00d6zel Tasarlanm\u0131\u015f Seanslar &amp; At\u00f6lyeler"},"content":{"rendered":"[mk_page_section bg_position=&#8221;center center&#8221; bg_repeat=&#8221;no-repeat&#8221; bg_stretch=&#8221;true&#8221; padding_top=&#8221;75&#8243; padding_bottom=&#8221;50&#8243; visibility=&#8221;hidden-sm&#8221; sidebar=&#8221;sidebar-1&#8243;][vc_column width=&#8221;1\/2&#8243;][mk_custom_box padding_vertical=&#8221;50&#8243; padding_horizental=&#8221;50&#8243; margin_bottom=&#8221;0&#8243; min_height=&#8221;605&#8243; bg_color=&#8221;#e9cfb7&#8243;][mk_fancy_title margin_bottom=&#8221;0&#8243; font_family=&#8221;none&#8221;]\n<h2 style=\"text-align: center;\" data-start=\"214\" data-end=\"250\"><strong data-start=\"216\" data-end=\"248\">\u00d6zel Tasarlanm\u0131\u015f Seanslar &amp; At\u00f6lyeler<\/strong><\/h2>\n<h3 style=\"text-align: left;\" data-start=\"214\" data-end=\"250\"><em data-start=\"251\" data-end=\"330\">Netlik, derinlik ya da yeni i\u00e7g\u00f6r\u00fcler arayan gen\u00e7ler, profesyoneller ve ikililer i\u00e7in.<\/em><\/h3>\n<h2 data-start=\"214\" data-end=\"250\"><\/h2>\n[\/mk_fancy_title][vc_column_text css=&#8221;.vc_custom_1768295892080{margin-bottom: 0px !important;}&#8221;]\n<p style=\"text-align: left;\" data-start=\"332\" data-end=\"556\">Her soru ve her durum, standart bir ko\u00e7luk s\u00fcrecine uymaz. Bazen farkl\u0131 bir sohbet, farkl\u0131 bir enerji ya da farkl\u0131 bir yakla\u015f\u0131m gerekir. \u015eu anda oldu\u011fun yere, kim oldu\u011funa ve bu an neye ihtiyac\u0131n oldu\u011funa ger\u00e7ekten uyan bir \u015fey.<\/p>\n<p style=\"text-align: left;\" data-start=\"558\" data-end=\"683\">Bu nedenle <strong data-start=\"573\" data-end=\"618\">\u00f6zel tasarlanm\u0131\u015f seanslar ve ki\u015fisel at\u00f6lyeler <\/strong>sunuyorum:<br data-start=\"623\" data-end=\"626\" \/>sakin, net, duyusal ve tamamen sana uyumlanan.<\/p>\n[\/vc_column_text][\/mk_custom_box][\/vc_column][vc_column width=&#8221;1\/2&#8243;][mk_custom_box margin_bottom=&#8221;0&#8243; min_height=&#8221;605&#8243; bg_image=&#8221;https:\/\/www.jmholiday.com\/wp-content\/uploads\/2022\/02\/jm-holiday-home-header-scaled.jpg&#8221; bg_stretch=&#8221;true&#8221;][\/mk_custom_box][\/vc_column][\/mk_page_section][mk_page_section bg_position=&#8221;center center&#8221; bg_repeat=&#8221;no-repeat&#8221; bg_stretch=&#8221;true&#8221; padding_top=&#8221;75&#8243; padding_bottom=&#8221;50&#8243; sidebar=&#8221;sidebar-1&#8243;][vc_column width=&#8221;1\/2&#8243;][mk_custom_box padding_vertical=&#8221;50&#8243; padding_horizental=&#8221;25&#8243; margin_bottom=&#8221;0&#8243; min_height=&#8221;605&#8243; bg_color=&#8221;#e9cfb7&#8243;][mk_fancy_title margin_bottom=&#8221;0&#8243; font_family=&#8221;none&#8221;]\n<h2 style=\"text-align: center;\">\ud83c\udf3c<strong data-start=\"1240\" data-end=\"1285\">\u00d6zel bir seansta neler yapabiliriz?<\/strong><\/h2>\n[\/mk_fancy_title][vc_column_text css=&#8221;.vc_custom_1765826756212{margin-bottom: 0px !important;}&#8221;]\n<p data-start=\"1287\" data-end=\"1340\">Her seans farkl\u0131d\u0131r. A\u015fa\u011f\u0131daki unsurlar s\u00fcrece dahil olabilir:<\/p>\n<ul data-start=\"1342\" data-end=\"1840\">\n<li data-start=\"1342\" data-end=\"1365\">\n<p data-start=\"1344\" data-end=\"1365\"><strong data-start=\"1344\" data-end=\"1363\">Bire bir ko\u00e7luk<\/strong><\/p>\n<\/li>\n<li data-start=\"1366\" data-end=\"1422\">\n<p data-start=\"1368\" data-end=\"1422\"><strong data-start=\"1368\" data-end=\"1384\">Duyusal \u00e7al\u0131\u015fmalar <\/strong>(koku, semboller, kartlar, i\u00e7g\u00f6r\u00fc)<\/p>\n<\/li>\n<li data-start=\"1423\" data-end=\"1472\">\n<p data-start=\"1425\" data-end=\"1472\">Do\u011fada veya deniz kenar\u0131nda <strong data-start=\"1425\" data-end=\"1446\">yans\u0131ma anlar\u0131<\/strong><\/p>\n<\/li>\n<li data-start=\"1473\" data-end=\"1627\">\n<p data-start=\"1475\" data-end=\"1627\">G\u00fcm\u00fc\u015fl\u00fck\u2019te g\u00fcn bat\u0131m\u0131nda y\u00fcr\u00fcy\u00fc\u015f &amp; sohbet \u2013 hareketin, \u0131\u015f\u0131\u011f\u0131n ve konu\u015fman\u0131n do\u011fal olarak derinlik yaratt\u0131\u011f\u0131 sakin bir y\u00fcr\u00fcy\u00fc\u015f<\/p>\n<\/li>\n<li data-start=\"1628\" data-end=\"1690\">\n<p data-start=\"1630\" data-end=\"1690\"><strong data-start=\"1630\" data-end=\"1658\">Profesyonel netlik<\/strong> (ileti\u015fim, rol, y\u00f6n)<\/p>\n<\/li>\n<li data-start=\"1691\" data-end=\"1748\">\n<p data-start=\"1693\" data-end=\"1748\"><strong data-start=\"1693\" data-end=\"1711\">Mini at\u00f6lyeler <\/strong>(aromaterapi, sezgi, duyusal deneyimler)<\/p>\n<\/li>\n<li data-start=\"1749\" data-end=\"1775\">\n<p data-start=\"1751\" data-end=\"1775\"><strong data-start=\"1751\" data-end=\"1773\">Sohbetin pratik bir egzersizle desteklenmesi<\/strong><\/p>\n<\/li>\n<li data-start=\"1776\" data-end=\"1806\">\n<p data-start=\"1778\" data-end=\"1806\"><strong data-start=\"1778\" data-end=\"1804\">Sakinlik ve alan yaratmak<\/strong><\/p>\n<\/li>\n<\/ul>\n<p data-start=\"1842\" data-end=\"1919\">Yakla\u015f\u0131m\u0131m. Sade, s\u0131cak ve do\u011frudan.<br data-start=\"1871\" data-end=\"1874\" \/>O anda ne varsa onunla \u00e7al\u0131\u015f\u0131r, s\u00fcreci somut ve g\u00fcnl\u00fck hayatta uygulanabilir hale getiririz.<br \/>\nAyaklar\u0131 yere basan bir yakla\u015f\u0131m ile sezgisel derinli\u011fi birle\u015ftiririm.<\/p>\n[\/vc_column_text][\/mk_custom_box][\/vc_column][vc_column width=&#8221;1\/2&#8243;][mk_custom_box padding_vertical=&#8221;50&#8243; padding_horizental=&#8221;25&#8243; margin_bottom=&#8221;0&#8243; min_height=&#8221;605&#8243; bg_image=&#8221;https:\/\/www.jmholiday.com\/wp-content\/uploads\/2022\/04\/jm-holiday-making-joy-1.jpg&#8221; bg_stretch=&#8221;true&#8221;][\/mk_custom_box][\/vc_column][\/mk_page_section][mk_page_section bg_image=&#8221;https:\/\/www.jmholiday.com\/wp-content\/uploads\/2022\/03\/jm-holiday-fav-icon-background-1.png&#8221; bg_position=&#8221;center center&#8221; bg_repeat=&#8221;no-repeat&#8221; video_color_mask=&#8221;#ffffff&#8221; video_opacity=&#8221;0.9&#8243; min_height=&#8221;0&#8243; padding_top=&#8221;75&#8243; padding_bottom=&#8221;50&#8243; sidebar=&#8221;sidebar-1&#8243;][vc_column width=&#8221;1\/12&#8243;][\/vc_column][vc_column width=&#8221;10\/12&#8243;][vc_column_text css=&#8221;.vc_custom_1765969232226{margin-bottom: 0px !important;}&#8221;]\n<h2 data-start=\"690\" data-end=\"729\">\ud83c\udf3f <strong data-start=\"696\" data-end=\"729\">\u00d6zel tasarlanm\u0131\u015f \u00e7al\u0131\u015fmalar kimler i\u00e7in?<\/strong><\/h2>\n<p data-start=\"731\" data-end=\"798\">\u201cStandart ko\u00e7luktan&#8221; farkl\u0131 bir \u015feye ihtiya\u00e7 duyan herkes i\u00e7in:<\/p>\n<ul data-start=\"800\" data-end=\"1143\">\n<li data-start=\"800\" data-end=\"843\">\n<p data-start=\"802\" data-end=\"843\">Kendi yerini ve y\u00f6n\u00fcn\u00fc bulmak isteyen gen\u00e7ler<\/p>\n<\/li>\n<li data-start=\"844\" data-end=\"890\">\n<p data-start=\"846\" data-end=\"890\">Geli\u015fim ya da netlik arayan profesyoneller<\/p>\n<\/li>\n<li data-start=\"891\" data-end=\"929\">\n<p data-start=\"893\" data-end=\"929\">Daha etkili ve dengeli birlikte \u00e7al\u0131\u015fmak isteyen ikililer<\/p>\n<\/li>\n<li data-start=\"930\" data-end=\"985\">\n<p data-start=\"932\" data-end=\"985\">Bodrum\u2019da ki\u015fisel bir yar\u0131m g\u00fcn deneyimi arayanlar<\/p>\n<\/li>\n<li data-start=\"986\" data-end=\"1027\">\n<p data-start=\"988\" data-end=\"1027\">Sezgilerini derinle\u015ftirmek isteyenler<\/p>\n<\/li>\n<li data-start=\"1028\" data-end=\"1078\">\n<p data-start=\"1030\" data-end=\"1078\">\u0130leti\u015fimini g\u00fc\u00e7lendirmek isteyen liderler<\/p>\n<\/li>\n<li data-start=\"1079\" data-end=\"1143\">\n<p data-start=\"1081\" data-end=\"1143\">G\u00fcnl\u00fck hayat\u0131n ak\u0131\u015f\u0131ndan bir anl\u0131\u011f\u0131na uzakla\u015fmak isteyenler<\/p>\n<\/li>\n<\/ul>\n<p data-start=\"1145\" data-end=\"1227\">Bu, i\u015f ya da ki\u015fisel alanlarla s\u0131n\u0131rl\u0131 de\u011fildir.<br data-start=\"1182\" data-end=\"1185\" \/><strong data-start=\"1185\" data-end=\"1227\">\u0130nsan olarak b\u00fcy\u00fcmek isteyenler i\u00e7indir.<\/strong><\/p>\n[\/vc_column_text][mk_padding_divider][mk_gallery images=&#8221;282,116&#8243; column=&#8221;2&#8243; height=&#8221;350&#8243; hover_scenarios=&#8221;slow_zoom&#8221; item_spacing=&#8221;10&#8243; margin_bottom=&#8221;40&#8243;][\/vc_column][vc_column width=&#8221;1\/12&#8243;][\/vc_column][\/mk_page_section][mk_page_section bg_position=&#8221;center center&#8221; bg_repeat=&#8221;no-repeat&#8221; min_height=&#8221;0&#8243; padding_top=&#8221;75&#8243; padding_bottom=&#8221;50&#8243; section_id=&#8221;intro&#8221; sidebar=&#8221;sidebar-1&#8243;][vc_column][vc_separator color=&#8221;custom&#8221; border_width=&#8221;5&#8243; el_width=&#8221;10&#8243; accent_color=&#8221;rgba(233,207,183,0.15)&#8221;][vc_column_text css=&#8221;.vc_custom_1765824195799{margin-bottom: 0px !important;}&#8221;]\n<h2 style=\"text-align: left;\" data-start=\"1926\" data-end=\"1967\">\ud83c\udf1e<strong data-start=\"1932\" data-end=\"1967\"> Bodrum\u2019da Ki\u015fisel Yar\u0131m G\u00fcn Deneyimleri<\/strong><\/h2>\n<p style=\"text-align: left;\" data-start=\"1969\" data-end=\"2066\">Daha derin bir deneyim arayanlar i\u00e7in, Bodrum\u2019da \u00f6zel tasarlanm\u0131\u015f yar\u0131m g\u00fcn seanslar sunuyorum Bu deneyim, a\u015fa\u011f\u0131daki unsurlar\u0131n bir kombinasyonundan olu\u015fur:<\/p>\n<ul style=\"text-align: left;\" data-start=\"2068\" data-end=\"2176\">\n<li data-start=\"2068\" data-end=\"2080\">\n<p data-start=\"2070\" data-end=\"2080\">Ko\u00e7luk<\/p>\n<\/li>\n<li data-start=\"2081\" data-end=\"2097\">\n<p data-start=\"2083\" data-end=\"2097\">Duyusal \u00e7al\u0131\u015fmalar<\/p>\n<\/li>\n<li data-start=\"2098\" data-end=\"2109\">\n<p data-start=\"2100\" data-end=\"2109\">\u0130\u00e7g\u00f6r\u00fc<\/p>\n<\/li>\n<li data-start=\"2110\" data-end=\"2122\">\n<p data-start=\"2112\" data-end=\"2122\">Hareket<\/p>\n<\/li>\n<li data-start=\"2123\" data-end=\"2131\">\n<p data-start=\"2125\" data-end=\"2131\">Dinlenme<\/p>\n<\/li>\n<li data-start=\"2132\" data-end=\"2176\">\n<p data-start=\"2134\" data-end=\"2176\">Soruna ve ihtiyaca uyumlanan bir at\u00f6lye<\/p>\n<\/li>\n<\/ul>\n<p style=\"text-align: left;\" data-start=\"2178\" data-end=\"2252\">Konaklaman\u0131 kendin ayarlars\u0131n; yar\u0131m g\u00fcn deneyimi tamamen sana \u00f6zel olarak \u015fekillendirilir.<\/p>\n[\/vc_column_text][mk_padding_divider][\/vc_column][vc_column][mk_gallery images=&#8221;123,203&#8243; column=&#8221;2&#8243; height=&#8221;350&#8243; hover_scenarios=&#8221;slow_zoom&#8221; item_spacing=&#8221;10&#8243; margin_bottom=&#8221;40&#8243;][\/vc_column][\/mk_page_section][mk_page_section bg_color=&#8221;rgba(233,207,183,0.15)&#8221; bg_position=&#8221;center center&#8221; bg_repeat=&#8221;no-repeat&#8221; bg_stretch=&#8221;true&#8221; min_height=&#8221;0&#8243; padding_top=&#8221;75&#8243; padding_bottom=&#8221;75&#8243; visibility=&#8221;hidden-sm&#8221; sidebar=&#8221;sidebar-1&#8243;][vc_column][mk_custom_box padding_vertical=&#8221;50&#8243; padding_horizental=&#8221;50&#8243; margin_bottom=&#8221;0&#8243; min_height=&#8221;0&#8243; bg_color=&#8221;#ffffff&#8221; bg_stretch=&#8221;true&#8221;][vc_column_text css=&#8221;.vc_custom_1765824248199{margin-bottom: 0px !important;}&#8221;]\n<h2 data-start=\"2259\" data-end=\"2281\">\ud83e\uddedNas\u0131l ilerliyoruz?<\/h2>\n<ol data-start=\"2283\" data-end=\"2410\">\n<li data-start=\"2283\" data-end=\"2313\">\n<p data-start=\"2286\" data-end=\"2313\"><strong data-start=\"2286\" data-end=\"2311\">Tan\u0131\u015fma g\u00f6r\u00fc\u015fmesi (20 dakika)<\/strong><\/p>\n<\/li>\n<li data-start=\"2314\" data-end=\"2339\">\n<p data-start=\"2317\" data-end=\"2339\"><strong data-start=\"2317\" data-end=\"2337\">Size \u00f6zel bir \u00f6neri<\/strong><\/p>\n<\/li>\n<li data-start=\"2340\" data-end=\"2375\">\n<p data-start=\"2343\" data-end=\"2375\"><strong data-start=\"2343\" data-end=\"2373\">S\u00f6zle\u015fme ve \u00f6n \u00f6deme<\/strong><\/p>\n<\/li>\n<li data-start=\"2376\" data-end=\"2410\">\n<p data-start=\"2379\" data-end=\"2410\">Bodrum\u2019da ya da online<strong data-start=\"2379\" data-end=\"2390\"> seanslar<\/strong><\/p>\n<\/li>\n<\/ol>\n[\/vc_column_text][mk_padding_divider size=&#8221;50&#8243;][vc_column_text css=&#8221;.vc_custom_1765969256494{margin-bottom: 0px !important;}&#8221;]\n<h2 data-start=\"2417\" data-end=\"2437\">\ud83d\udcac<strong data-start=\"2423\" data-end=\"2437\"> \u0130lgini \u00e7ekti mi?<\/strong><\/h2>\n<p data-start=\"2439\" data-end=\"2530\">\u0130leti\u015fim formu ya da WhatsApp \u00fczerinden mesaj g\u00f6nderebilirsin.<br data-start=\"2494\" data-end=\"2497\" \/>Genellikle 24 saat i\u00e7inde yan\u0131t veririm.<\/p>\n[\/vc_column_text][mk_padding_divider][mk_gallery images=&#8221;286,283,221,770&#8243; column=&#8221;2&#8243; height=&#8221;350&#8243; hover_scenarios=&#8221;slow_zoom&#8221; item_spacing=&#8221;10&#8243; margin_bottom=&#8221;40&#8243;][\/mk_custom_box][\/vc_column][\/mk_page_section][mk_page_section bg_color=&#8221;rgba(233,207,183,0.15)&#8221; bg_position=&#8221;center center&#8221; bg_repeat=&#8221;no-repeat&#8221; bg_stretch=&#8221;true&#8221; min_height=&#8221;0&#8243; padding_top=&#8221;75&#8243; padding_bottom=&#8221;50&#8243; sidebar=&#8221;sidebar-1&#8243;][vc_column width=&#8221;2\/3&#8243;][mk_padding_divider size=&#8221;25&#8243;][mk_fancy_title margin_bottom=&#8221;0&#8243; font_family=&#8221;none&#8221; align=&#8221;center&#8221;]\n<h3><strong data-start=\"598\" data-end=\"640\">Size ger\u00e7ekten uyan bir yakla\u015f\u0131m se\u00e7.<\/strong><\/h3>\n<h4><em data-start=\"643\" data-end=\"695\">\u00d6zel tasarlanm\u0131\u015f seanslar, \u015fu anda dikkat isteyen \u015feye alan a\u00e7ar.<\/em><\/h4>\n<h3><\/h3>\n[\/mk_fancy_title][\/vc_column][vc_column width=&#8221;1\/3&#8243;][vc_single_image image=&#8221;285&#8243; img_size=&#8221;full&#8221; css=&#8221;&#8221;][\/vc_column][\/mk_page_section][mk_page_section bg_image=&#8221;https:\/\/www.jmholiday.com\/wp-content\/uploads\/2022\/03\/jm-holiday-homepage-making-joy-v2.png&#8221; bg_position=&#8221;center bottom&#8221; bg_repeat=&#8221;no-repeat&#8221; bg_stretch=&#8221;true&#8221; padding_top=&#8221;75&#8243; padding_bottom=&#8221;50&#8243; sidebar=&#8221;sidebar-1&#8243;][vc_column][mk_button dimension=&#8221;outline&#8221; size=&#8221;large&#8221; letter_spacing=&#8221;0&#8243; url=&#8221;https:\/\/www.jmholiday.com\/tr\/iletisim-formu\/&#8221; nofollow=&#8221;true&#8221; align=&#8221;center&#8221; button_custom_width=&#8221;0&#8243; margin_top=&#8221;0&#8243; margin_bottom=&#8221;15&#8243; margin_right=&#8221;15&#8243; outline_skin=&#8221;light&#8221;]\u0130leti\u015fime Ge\u00e7[\/mk_button][\/vc_column][\/mk_page_section]\n","protected":false},"excerpt":{"rendered":"<p>[mk_page_section bg_position=&#8221;center center&#8221; bg_repeat=&#8221;no-repeat&#8221; bg_stretch=&#8221;true&#8221; padding_top=&#8221;75&#8243; padding_bottom=&#8221;50&#8243; visibility=&#8221;hidden-sm&#8221; sidebar=&#8221;sidebar-1&#8243;][vc_column width=&#8221;1\/2&#8243;][mk_custom_box padding_vertical=&#8221;50&#8243; padding_horizental=&#8221;50&#8243; margin_bottom=&#8221;0&#8243; min_height=&#8221;605&#8243; bg_color=&#8221;#e9cfb7&#8243;][mk_fancy_title margin_bottom=&#8221;0&#8243; font_family=&#8221;none&#8221;] \u00d6zel Tasarlanm\u0131\u015f Seanslar &amp; At\u00f6lyeler Netlik, derinlik ya da yeni i\u00e7g\u00f6r\u00fcler arayan gen\u00e7ler, profesyoneller ve ikililer i\u00e7in. [\/mk_fancy_title][vc_column_text css=&#8221;.vc_custom_1768295892080{margin-bottom: 0px !important;}&#8221;] Her soru ve her durum, standart bir ko\u00e7luk s\u00fcrecine uymaz. Bazen farkl\u0131 bir sohbet, farkl\u0131 bir enerji [&hellip;]<\/p>\n","protected":false},"author":3,"featured_media":0,"parent":0,"menu_order":0,"comment_status":"closed","ping_status":"open","template":"","meta":{"footnotes":""},"class_list":["post-2199","page","type-page","status-publish","hentry"],"yoast_head":"<!-- This site is optimized with the Yoast SEO plugin v27.2 - https:\/\/yoast.com\/product\/yoast-seo-wordpress\/ -->\n<title>\u00d6zel Tasarlanm\u0131\u015f Ko\u00e7luk &amp; Ki\u015fisel At\u00f6lyeler | JM Holiday<\/title>\n<meta name=\"description\" content=\"Gen\u00e7ler, profesyoneller ve ikililer i\u00e7in \u00f6zel tasarlanm\u0131\u015f ko\u00e7luk ve ki\u015fisel at\u00f6lyeler. Bodrum\u2019da ya da online, kendi h\u0131z\u0131nda ve ihtiyac\u0131na uyumlu.\" \/>\n<meta name=\"robots\" content=\"noindex, follow, max-snippet:-1, max-image-preview:large, max-video-preview:-1\" \/>\n<meta property=\"og:locale\" content=\"tr_TR\" \/>\n<meta property=\"og:type\" content=\"article\" \/>\n<meta property=\"og:title\" content=\"\u00d6zel Tasarlanm\u0131\u015f Ko\u00e7luk &amp; Ki\u015fisel At\u00f6lyeler | JM Holiday\" \/>\n<meta property=\"og:description\" content=\"Gen\u00e7ler, profesyoneller ve ikililer i\u00e7in \u00f6zel tasarlanm\u0131\u015f ko\u00e7luk ve ki\u015fisel at\u00f6lyeler. Bodrum\u2019da ya da online, kendi h\u0131z\u0131nda ve ihtiyac\u0131na uyumlu.\" \/>\n<meta property=\"og:url\" content=\"https:\/\/www.jmholiday.com\/tr\/ozel-tasarlanmis-seanslar-atolyeler\/\" \/>\n<meta property=\"og:site_name\" content=\"JM HOLIDAY\" \/>\n<meta property=\"article:modified_time\" content=\"2026-01-17T18:06:04+00:00\" \/>\n<meta name=\"twitter:card\" content=\"summary_large_image\" \/>\n<meta name=\"twitter:label1\" content=\"Tahmini okuma s\u00fcresi\" \/>\n\t<meta name=\"twitter:data1\" content=\"5 dakika\" \/>\n<script type=\"application\/ld+json\" class=\"yoast-schema-graph\">{\"@context\":\"https:\/\/schema.org\",\"@graph\":[{\"@type\":\"WebPage\",\"@id\":\"https:\/\/www.jmholiday.com\/tr\/ozel-tasarlanmis-seanslar-atolyeler\/\",\"url\":\"https:\/\/www.jmholiday.com\/tr\/ozel-tasarlanmis-seanslar-atolyeler\/\",\"name\":\"\u00d6zel Tasarlanm\u0131\u015f Ko\u00e7luk & Ki\u015fisel At\u00f6lyeler | JM Holiday\",\"isPartOf\":{\"@id\":\"https:\/\/www.jmholiday.com\/tr\/#website\"},\"datePublished\":\"2025-12-15T19:39:22+00:00\",\"dateModified\":\"2026-01-17T18:06:04+00:00\",\"description\":\"Gen\u00e7ler, profesyoneller ve ikililer i\u00e7in \u00f6zel tasarlanm\u0131\u015f ko\u00e7luk ve ki\u015fisel at\u00f6lyeler. Bodrum\u2019da ya da online, kendi h\u0131z\u0131nda ve ihtiyac\u0131na uyumlu.\",\"breadcrumb\":{\"@id\":\"https:\/\/www.jmholiday.com\/tr\/ozel-tasarlanmis-seanslar-atolyeler\/#breadcrumb\"},\"inLanguage\":\"tr\",\"potentialAction\":[{\"@type\":\"ReadAction\",\"target\":[\"https:\/\/www.jmholiday.com\/tr\/ozel-tasarlanmis-seanslar-atolyeler\/\"]}]},{\"@type\":\"BreadcrumbList\",\"@id\":\"https:\/\/www.jmholiday.com\/tr\/ozel-tasarlanmis-seanslar-atolyeler\/#breadcrumb\",\"itemListElement\":[{\"@type\":\"ListItem\",\"position\":1,\"name\":\"Home\",\"item\":\"https:\/\/www.jmholiday.com\/tr\/\"},{\"@type\":\"ListItem\",\"position\":2,\"name\":\"\u00d6zel Tasarlanm\u0131\u015f Seanslar &amp; At\u00f6lyeler\"}]},{\"@type\":\"WebSite\",\"@id\":\"https:\/\/www.jmholiday.com\/tr\/#website\",\"url\":\"https:\/\/www.jmholiday.com\/tr\/\",\"name\":\"JM HOLIDAY\",\"description\":\"Life coaching en local experiences in Bodrum \u2013 ook online. Voor iedereen die rust, richting of nieuwe energie zoekt.\",\"potentialAction\":[{\"@type\":\"SearchAction\",\"target\":{\"@type\":\"EntryPoint\",\"urlTemplate\":\"https:\/\/www.jmholiday.com\/tr\/?s={search_term_string}\"},\"query-input\":{\"@type\":\"PropertyValueSpecification\",\"valueRequired\":true,\"valueName\":\"search_term_string\"}}],\"inLanguage\":\"tr\"}]}<\/script>\n<!-- \/ Yoast SEO plugin. -->","yoast_head_json":{"title":"\u00d6zel Tasarlanm\u0131\u015f Ko\u00e7luk & Ki\u015fisel At\u00f6lyeler | JM Holiday","description":"Gen\u00e7ler, profesyoneller ve ikililer i\u00e7in \u00f6zel tasarlanm\u0131\u015f ko\u00e7luk ve ki\u015fisel at\u00f6lyeler. Bodrum\u2019da ya da online, kendi h\u0131z\u0131nda ve ihtiyac\u0131na uyumlu.","robots":{"index":"noindex","follow":"follow","max-snippet":"max-snippet:-1","max-image-preview":"max-image-preview:large","max-video-preview":"max-video-preview:-1"},"og_locale":"tr_TR","og_type":"article","og_title":"\u00d6zel Tasarlanm\u0131\u015f Ko\u00e7luk & Ki\u015fisel At\u00f6lyeler | JM Holiday","og_description":"Gen\u00e7ler, profesyoneller ve ikililer i\u00e7in \u00f6zel tasarlanm\u0131\u015f ko\u00e7luk ve ki\u015fisel at\u00f6lyeler. Bodrum\u2019da ya da online, kendi h\u0131z\u0131nda ve ihtiyac\u0131na uyumlu.","og_url":"https:\/\/www.jmholiday.com\/tr\/ozel-tasarlanmis-seanslar-atolyeler\/","og_site_name":"JM HOLIDAY","article_modified_time":"2026-01-17T18:06:04+00:00","twitter_card":"summary_large_image","twitter_misc":{"Tahmini okuma s\u00fcresi":"5 dakika"},"schema":{"@context":"https:\/\/schema.org","@graph":[{"@type":"WebPage","@id":"https:\/\/www.jmholiday.com\/tr\/ozel-tasarlanmis-seanslar-atolyeler\/","url":"https:\/\/www.jmholiday.com\/tr\/ozel-tasarlanmis-seanslar-atolyeler\/","name":"\u00d6zel Tasarlanm\u0131\u015f Ko\u00e7luk & Ki\u015fisel At\u00f6lyeler | JM Holiday","isPartOf":{"@id":"https:\/\/www.jmholiday.com\/tr\/#website"},"datePublished":"2025-12-15T19:39:22+00:00","dateModified":"2026-01-17T18:06:04+00:00","description":"Gen\u00e7ler, profesyoneller ve ikililer i\u00e7in \u00f6zel tasarlanm\u0131\u015f ko\u00e7luk ve ki\u015fisel at\u00f6lyeler. Bodrum\u2019da ya da online, kendi h\u0131z\u0131nda ve ihtiyac\u0131na uyumlu.","breadcrumb":{"@id":"https:\/\/www.jmholiday.com\/tr\/ozel-tasarlanmis-seanslar-atolyeler\/#breadcrumb"},"inLanguage":"tr","potentialAction":[{"@type":"ReadAction","target":["https:\/\/www.jmholiday.com\/tr\/ozel-tasarlanmis-seanslar-atolyeler\/"]}]},{"@type":"BreadcrumbList","@id":"https:\/\/www.jmholiday.com\/tr\/ozel-tasarlanmis-seanslar-atolyeler\/#breadcrumb","itemListElement":[{"@type":"ListItem","position":1,"name":"Home","item":"https:\/\/www.jmholiday.com\/tr\/"},{"@type":"ListItem","position":2,"name":"\u00d6zel Tasarlanm\u0131\u015f Seanslar &amp; At\u00f6lyeler"}]},{"@type":"WebSite","@id":"https:\/\/www.jmholiday.com\/tr\/#website","url":"https:\/\/www.jmholiday.com\/tr\/","name":"JM HOLIDAY","description":"Life coaching en local experiences in Bodrum \u2013 ook online. Voor iedereen die rust, richting of nieuwe energie zoekt.","potentialAction":[{"@type":"SearchAction","target":{"@type":"EntryPoint","urlTemplate":"https:\/\/www.jmholiday.com\/tr\/?s={search_term_string}"},"query-input":{"@type":"PropertyValueSpecification","valueRequired":true,"valueName":"search_term_string"}}],"inLanguage":"tr"}]}},"_links":{"self":[{"href":"https:\/\/www.jmholiday.com\/tr\/wp-json\/wp\/v2\/pages\/2199","targetHints":{"allow":["GET"]}}],"collection":[{"href":"https:\/\/www.jmholiday.com\/tr\/wp-json\/wp\/v2\/pages"}],"about":[{"href":"https:\/\/www.jmholiday.com\/tr\/wp-json\/wp\/v2\/types\/page"}],"author":[{"embeddable":true,"href":"https:\/\/www.jmholiday.com\/tr\/wp-json\/wp\/v2\/users\/3"}],"replies":[{"embeddable":true,"href":"https:\/\/www.jmholiday.com\/tr\/wp-json\/wp\/v2\/comments?post=2199"}],"version-history":[{"count":3,"href":"https:\/\/www.jmholiday.com\/tr\/wp-json\/wp\/v2\/pages\/2199\/revisions"}],"predecessor-version":[{"id":2209,"href":"https:\/\/www.jmholiday.com\/tr\/wp-json\/wp\/v2\/pages\/2199\/revisions\/2209"}],"wp:attachment":[{"href":"https:\/\/www.jmholiday.com\/tr\/wp-json\/wp\/v2\/media?parent=2199"}],"curies":[{"name":"wp","href":"https:\/\/api.w.org\/{rel}","templated":true}]}}