{"id":2215,"date":"2025-12-15T18:13:18","date_gmt":"2025-12-15T18:13:18","guid":{"rendered":"https:\/\/www.jmholiday.com\/moments-of-joy-kucuk-mutluluk-anlari\/"},"modified":"2026-01-18T06:47:38","modified_gmt":"2026-01-18T06:47:38","slug":"moments-of-joy-kucuk-mutluluk-anlari","status":"publish","type":"page","link":"https:\/\/www.jmholiday.com\/tr\/moments-of-joy-kucuk-mutluluk-anlari\/","title":{"rendered":"Moments of Joy &#8211; K\u00fc\u00e7\u00fck mutluluk anlar\u0131"},"content":{"rendered":"[mk_page_section bg_position=&#8221;center center&#8221; bg_repeat=&#8221;no-repeat&#8221; bg_stretch=&#8221;true&#8221; padding_top=&#8221;75&#8243; padding_bottom=&#8221;50&#8243; visibility=&#8221;hidden-sm&#8221; sidebar=&#8221;sidebar-1&#8243;][vc_column width=&#8221;1\/2&#8243;][mk_custom_box padding_vertical=&#8221;50&#8243; padding_horizental=&#8221;50&#8243; margin_bottom=&#8221;0&#8243; min_height=&#8221;605&#8243; bg_color=&#8221;#e9cfb7&#8243;][mk_fancy_title margin_bottom=&#8221;0&#8243; font_family=&#8221;none&#8221;]\n<h2 style=\"text-align: left;\">\u2728 MOMENTS OF JOY &#8211;<strong data-start=\"260\" data-end=\"278\"> K\u00fc\u00e7\u00fck mutluluk anlar\u0131<\/strong><\/h2>\n[\/mk_fancy_title][vc_column_text css=&#8221;.vc_custom_1765785640754{margin-bottom: 0px !important;}&#8221;]\n<p data-start=\"281\" data-end=\"332\"><strong><em data-start=\"281\" data-end=\"332\">Sakinlik, i\u00e7g\u00f6r\u00fc ve ba\u011f kurmak i\u00e7in duyusal anlar<\/em><\/strong><\/p>\n<p data-start=\"334\" data-end=\"445\">Her \u015feyin bir s\u00fcre\u00e7 olmas\u0131 gerekmez.<br data-start=\"371\" data-end=\"374\" \/>Bazen tek bir, \u00f6zenle se\u00e7ilmi\u015f an, kendinle yeniden temas kurman i\u00e7in yeterlidir.<\/p>\n<p data-start=\"447\" data-end=\"605\"><strong data-start=\"447\" data-end=\"465\">Moments of Joy<\/strong>, Bodrum\u2019da sunulan ki\u015fisel ve duyusal seanslard\u0131r.<br data-start=\"516\" data-end=\"519\" \/>K\u00fc\u00e7\u00fck \u00f6l\u00e7ekli, \u00f6zenle e\u015flik edilen ve o an neye ihtiyac\u0131n varsa ona uyumlanan anlar.<\/p>\n<p data-start=\"607\" data-end=\"669\">Program yok. Acele yok.<br data-start=\"634\" data-end=\"637\" \/><strong data-start=\"648\" data-end=\"668\">Sadece do\u011fru hissettiren bir an.<\/strong><\/p>\n[\/vc_column_text][\/mk_custom_box][\/vc_column][vc_column width=&#8221;1\/2&#8243;][mk_custom_box margin_bottom=&#8221;0&#8243; min_height=&#8221;605&#8243; bg_image=&#8221;https:\/\/www.jmholiday.com\/wp-content\/uploads\/2025\/12\/foto-sup-4.jpeg&#8221; bg_stretch=&#8221;true&#8221;][\/mk_custom_box][\/vc_column][\/mk_page_section][mk_page_section bg_position=&#8221;center center&#8221; bg_repeat=&#8221;no-repeat&#8221; bg_stretch=&#8221;true&#8221; padding_top=&#8221;75&#8243; padding_bottom=&#8221;50&#8243; sidebar=&#8221;sidebar-1&#8243;][vc_column width=&#8221;1\/2&#8243;][mk_custom_box padding_vertical=&#8221;50&#8243; padding_horizental=&#8221;25&#8243; margin_bottom=&#8221;0&#8243; min_height=&#8221;605&#8243; bg_color=&#8221;#e9cfb7&#8243;][mk_fancy_title margin_bottom=&#8221;0&#8243; font_family=&#8221;none&#8221;]\n<h2 style=\"text-align: center;\">\ud83c\udf3f<strong data-start=\"682\" data-end=\"710\">Moments of Joy nedir?<\/strong><\/h2>\n[\/mk_fancy_title][vc_column_text css=&#8221;.vc_custom_1765789146582{margin-bottom: 0px !important;}&#8221;]\n<p style=\"text-align: center;\" data-start=\"712\" data-end=\"915\">Yakla\u015f\u0131k 20\u201360 dakika s\u00fcren, yava\u015flamay\u0131, hissetmeyi ve yans\u0131may\u0131 destekleyen<strong data-start=\"721\" data-end=\"741\"> duyusal seanslard\u0131r.<br data-start=\"811\" data-end=\"814\" \/>Bodrum\u2019un sakin mek\u00e2nlar\u0131nda ger\u00e7ekle\u015fir ve her zaman senin enerjine ve ihtiyac\u0131na g\u00f6re \u015fekillenir.<br \/>\n<\/strong><\/p>\n<p style=\"text-align: center;\" data-start=\"917\" data-end=\"985\">\u0130stersen \u00f6nceden bir se\u00e7im yapabilirsin,<br \/>\nistersek o anda birlikte neyin uygun oldu\u011funa bakar\u0131z.<\/p>\n[\/vc_column_text][\/mk_custom_box][\/vc_column][vc_column width=&#8221;1\/2&#8243;][mk_custom_box padding_vertical=&#8221;50&#8243; padding_horizental=&#8221;25&#8243; margin_bottom=&#8221;0&#8243; min_height=&#8221;605&#8243; bg_image=&#8221;https:\/\/www.jmholiday.com\/wp-content\/uploads\/2025\/10\/jmkn-314-e1760782360282.jpg&#8221; bg_stretch=&#8221;true&#8221;][\/mk_custom_box][\/vc_column][\/mk_page_section][mk_page_section bg_image=&#8221;https:\/\/www.jmholiday.com\/wp-content\/uploads\/2022\/03\/jm-holiday-fav-icon-background-1.png&#8221; bg_position=&#8221;center center&#8221; bg_repeat=&#8221;no-repeat&#8221; video_color_mask=&#8221;#ffffff&#8221; video_opacity=&#8221;0.9&#8243; min_height=&#8221;0&#8243; padding_top=&#8221;75&#8243; padding_bottom=&#8221;50&#8243; sidebar=&#8221;sidebar-1&#8243;][vc_column width=&#8221;1\/12&#8243;][\/vc_column][vc_column width=&#8221;10\/12&#8243;][vc_column_text css=&#8221;.vc_custom_1765791044912{margin-bottom: 0px !important;}&#8221;]\n<h2 data-start=\"2269\" data-end=\"2308\">\ud83c\udf19 <strong data-start=\"2275\" data-end=\"2308\">Moments of Joy kimler i\u00e7in?<\/strong><\/h2>\n<ul data-start=\"2310\" data-end=\"2552\">\n<li data-start=\"2310\" data-end=\"2350\">\n<p data-start=\"2312\" data-end=\"2350\">Sakinlik ya da netlik arayanlar<\/p>\n<\/li>\n<li data-start=\"2351\" data-end=\"2396\">\n<p data-start=\"2353\" data-end=\"2396\">Bodrum\u2019da olup deneyimine derinlik katmak isteyen gezginler<\/p>\n<\/li>\n<li data-start=\"2397\" data-end=\"2436\">\n<p data-start=\"2399\" data-end=\"2436\">Bir an durup yere basmaya ihtiya\u00e7 duyan gen\u00e7ler<\/p>\n<\/li>\n<li data-start=\"2437\" data-end=\"2500\">\n<p data-start=\"2439\" data-end=\"2500\">K\u00fc\u00e7\u00fck ama anlaml\u0131 bir deneyim arayan yeti\u015fkinler<\/p>\n<\/li>\n<li data-start=\"2501\" data-end=\"2552\">\n<p data-start=\"2503\" data-end=\"2552\">Uzun bir s\u00fcrece ba\u011flanmadan hissetmek isteyen herkes<\/p>\n<\/li>\n<\/ul>\n<p data-start=\"2554\" data-end=\"2651\">Bu bir ko\u00e7luk program\u0131 de\u011fildir ve bir aktivite de de\u011fildir.<br data-start=\"2601\" data-end=\"2604\" \/>Dikkat, varl\u0131k ve anlamd\u0131r.<\/p>\n[\/vc_column_text][mk_padding_divider][mk_gallery images=&#8221;729,1614&#8243; column=&#8221;2&#8243; height=&#8221;350&#8243; hover_scenarios=&#8221;slow_zoom&#8221; item_spacing=&#8221;10&#8243; margin_bottom=&#8221;40&#8243;][\/vc_column][vc_column width=&#8221;1\/12&#8243;][\/vc_column][\/mk_page_section][mk_page_section bg_position=&#8221;center center&#8221; bg_repeat=&#8221;no-repeat&#8221; min_height=&#8221;0&#8243; padding_top=&#8221;75&#8243; padding_bottom=&#8221;50&#8243; section_id=&#8221;intro&#8221; sidebar=&#8221;sidebar-1&#8243;][vc_column][vc_separator color=&#8221;custom&#8221; border_width=&#8221;5&#8243; el_width=&#8221;10&#8243; accent_color=&#8221;rgba(233,207,183,0.15)&#8221;][vc_column_text css=&#8221;.vc_custom_1765829326405{margin-bottom: 0px !important;}&#8221;]\n<h2 style=\"text-align: center;\"><strong data-start=\"998\" data-end=\"1019\"> \ud83c\udf3c Moments of Joy se\u00e7enekleri<\/strong><\/h2>\n<h3 style=\"text-align: center;\" data-start=\"1021\" data-end=\"1058\"><\/h3>\n[\/vc_column_text][mk_padding_divider][vc_column_text css=&#8221;.vc_custom_1768674190137{margin-bottom: 0px !important;}&#8221;]\n<h3 style=\"text-align: center;\" data-start=\"1021\" data-end=\"1058\">\ud83c\udf3f<strong data-start=\"2088\" data-end=\"2120\">Duyusal Yans\u0131ma (ki\u015fiye \u00f6zel)<\/strong><\/h3>\n<p style=\"text-align: center;\" data-start=\"908\" data-end=\"1116\">\u0130htiyac\u0131na g\u00f6re \u00f6zenle \u015fekillendirilen ki\u015fisel bir an.<br data-start=\"992\" data-end=\"995\" \/>Sohbet ve aromaterapi, do\u011fa, yeme-i\u00e7me \u00e7al\u0131\u015fmalar\u0131 veya yans\u0131ma gibi duyusal unsurlar i\u00e7erebilir.<\/p>\n<h3 style=\"text-align: center;\" data-start=\"1021\" data-end=\"1058\"><\/h3>\n[\/vc_column_text][mk_padding_divider][\/vc_column][vc_column width=&#8221;1\/2&#8243;][mk_custom_box padding_vertical=&#8221;50&#8243; padding_horizental=&#8221;50&#8243; margin_bottom=&#8221;30&#8243; min_height=&#8221;0&#8243; bg_color=&#8221;rgba(233,207,183,0.15)&#8221;][vc_column_text css=&#8221;.vc_custom_1765822185873{margin-bottom: 0px !important;}&#8221;]\n<h3 style=\"text-align: center;\" data-start=\"1021\" data-end=\"1058\">\ud83e\udea8 Ta\u015flarla Yans\u0131ma<\/h3>\n<p style=\"text-align: center;\" data-start=\"1059\" data-end=\"1208\">Ta\u015flar ve sembolizm arac\u0131l\u0131\u011f\u0131yla yap\u0131lan yans\u0131t\u0131c\u0131 bir an.<br data-start=\"1103\" data-end=\"1106\" \/>Se\u00e7ti\u011fin ta\u015f, o anda var olan\u0131 g\u00f6r\u00fcn\u00fcr k\u0131lar ve bir \u015feyi sabitlemene ya da b\u0131rakmana yard\u0131mc\u0131 olur.<\/p>\n[\/vc_column_text][\/mk_custom_box][mk_custom_box padding_vertical=&#8221;50&#8243; padding_horizental=&#8221;50&#8243; margin_bottom=&#8221;30&#8243; min_height=&#8221;0&#8243; bg_color=&#8221;rgba(233,207,183,0.15)&#8221;][vc_column_text css=&#8221;.vc_custom_1765822211385{margin-bottom: 0px !important;}&#8221;]\n<h3 style=\"text-align: center;\" data-start=\"1215\" data-end=\"1262\">\u2615\ud83d\udd2e Tarot &amp; T\u00fcrk Kahvesi<\/h3>\n<p style=\"text-align: center;\" data-start=\"1263\" data-end=\"1408\">Tarot ya da T\u00fcrk kahvesiyle yap\u0131lan sezgisel bir seans.<br data-start=\"1312\" data-end=\"1315\" \/>Gelece\u011fi tahmin etmek i\u00e7in de\u011fil, dikkat isteyen temalara ayna tutmak i\u00e7in.<\/p>\n[\/vc_column_text][\/mk_custom_box][mk_custom_box padding_vertical=&#8221;50&#8243; padding_horizental=&#8221;50&#8243; margin_bottom=&#8221;30&#8243; min_height=&#8221;0&#8243; bg_color=&#8221;rgba(233,207,183,0.15)&#8221;][vc_column_text css=&#8221;.vc_custom_1765822474154{margin-bottom: 0px !important;}&#8221;]\n<h3 style=\"text-align: center;\" data-start=\"1415\" data-end=\"1449\">\ud83c\udf3f Hamam, Spa veya Reiki Masaj\u0131<\/h3>\n<p style=\"text-align: center;\" data-start=\"1450\" data-end=\"1584\">Bedene odaklanan bir gev\u015feme ve b\u0131rakma an\u0131.<br data-start=\"1505\" data-end=\"1508\" \/>Dikkat, sakinlik ve niyetle; beden ve zihnin yeniden dengeye gelmesi i\u00e7in.<\/p>\n[\/vc_column_text][\/mk_custom_box][\/vc_column][vc_column width=&#8221;1\/2&#8243;][mk_custom_box padding_vertical=&#8221;50&#8243; padding_horizental=&#8221;50&#8243; margin_bottom=&#8221;30&#8243; min_height=&#8221;0&#8243; bg_color=&#8221;rgba(233,207,183,0.15)&#8221;][vc_column_text css=&#8221;.vc_custom_1765829465560{margin-bottom: 0px !important;}&#8221;]\n<h3 style=\"text-align: center;\" data-start=\"1591\" data-end=\"1626\">\ud83c\udf0a Tekne An\u0131<\/h3>\n<p style=\"text-align: center;\" data-start=\"1627\" data-end=\"1762\">Suyun \u00fczerinde sakin bir an.<br data-start=\"1658\" data-end=\"1661\" \/>Alan, ritim ve ufuk; olan bitene mesafe alman\u0131 ve netlik kazanman\u0131 destekler.<\/p>\n[\/vc_column_text][\/mk_custom_box][mk_custom_box padding_vertical=&#8221;50&#8243; padding_horizental=&#8221;50&#8243; margin_bottom=&#8221;30&#8243; min_height=&#8221;0&#8243; bg_color=&#8221;rgba(233,207,183,0.15)&#8221;][vc_column_text css=&#8221;.vc_custom_1765822265083{margin-bottom: 0px !important;}&#8221;]\n<h3 style=\"text-align: center;\" data-start=\"1769\" data-end=\"1804\">\ud83c\udf05 G\u00fcn Bat\u0131m\u0131 Y\u00fcr\u00fcy\u00fc\u015f\u00fc<\/h3>\n<p style=\"text-align: center;\" data-start=\"1805\" data-end=\"1917\">Bodrum yar\u0131madas\u0131n\u0131n en \u00f6zel tepelerinden birinde k\u0131sa bir g\u00fcn bat\u0131m\u0131 y\u00fcr\u00fcy\u00fc\u015f\u00fc.<br data-start=\"1843\" data-end=\"1846\" \/>Hareket, \u0131\u015f\u0131k ve sohbet; kapan\u0131\u015f, sakinlik ve yeni i\u00e7g\u00f6r\u00fcler getirir.<\/p>\n[\/vc_column_text][\/mk_custom_box][mk_custom_box padding_vertical=&#8221;50&#8243; padding_horizental=&#8221;50&#8243; margin_bottom=&#8221;30&#8243; min_height=&#8221;0&#8243; bg_color=&#8221;rgba(233,207,183,0.15)&#8221;][vc_column_text css=&#8221;.vc_custom_1765822294917{margin-bottom: 0px !important;}&#8221;]\n<h3 style=\"text-align: center;\" data-start=\"1924\" data-end=\"1958\">\ud83c\udfc4\u200d\u2640\ufe0f SUP G\u00fcn Do\u011fumu<\/h3>\n<p style=\"text-align: center;\" data-start=\"1959\" data-end=\"2074\">G\u00fcn\u00fcn suda, sakin bir ba\u015flang\u0131c\u0131.<br data-start=\"1998\" data-end=\"2001\" \/>Denge, anda kalma ve fark\u0131ndal\u0131\u011fa odaklan\u0131r; g\u00fcn yava\u015f\u00e7a a\u00e7\u0131l\u0131rken.<\/p>\n[\/vc_column_text][\/mk_custom_box][\/vc_column][vc_column][mk_gallery images=&#8221;1850,1852&#8243; column=&#8221;2&#8243; height=&#8221;350&#8243; hover_scenarios=&#8221;slow_zoom&#8221; item_spacing=&#8221;10&#8243; margin_bottom=&#8221;40&#8243;][\/vc_column][\/mk_page_section][mk_page_section bg_color=&#8221;rgba(233,207,183,0.15)&#8221; bg_position=&#8221;center center&#8221; bg_repeat=&#8221;no-repeat&#8221; bg_stretch=&#8221;true&#8221; min_height=&#8221;0&#8243; padding_top=&#8221;75&#8243; padding_bottom=&#8221;75&#8243; visibility=&#8221;hidden-sm&#8221; sidebar=&#8221;sidebar-1&#8243;][vc_column][mk_custom_box padding_vertical=&#8221;50&#8243; padding_horizental=&#8221;50&#8243; margin_bottom=&#8221;0&#8243; min_height=&#8221;0&#8243; bg_color=&#8221;#ffffff&#8221; bg_stretch=&#8221;true&#8221;][vc_column_text css=&#8221;.vc_custom_1765801870159{margin-bottom: 0px !important;}&#8221;]\n<h2 data-start=\"2658\" data-end=\"2677\">\ud83e\udded <strong data-start=\"2664\" data-end=\"2677\">Pratik bilgiler<\/strong><\/h2>\n<ul data-start=\"2679\" data-end=\"2845\">\n<li data-start=\"2679\" data-end=\"2706\">\n<p data-start=\"2681\" data-end=\"2706\">S\u00fcre: yakla\u015f\u0131k 20\u201360 dakika<\/p>\n<\/li>\n<li data-start=\"2707\" data-end=\"2744\">\n<p data-start=\"2709\" data-end=\"2744\">Dil: Hollandaca, \u0130ngilizce veya T\u00fcrk\u00e7e<\/p>\n<\/li>\n<li data-start=\"2745\" data-end=\"2776\">\n<p data-start=\"2747\" data-end=\"2776\">Lokasyon: Bodrum ve \u00e7evresi<\/p>\n<\/li>\n<li data-start=\"2777\" data-end=\"2806\">\n<p data-start=\"2779\" data-end=\"2806\">Bireysel, ikili veya k\u00fc\u00e7\u00fck grup<\/p>\n<\/li>\n<li data-start=\"2807\" data-end=\"2845\">\n<p data-start=\"2809\" data-end=\"2845\">\u00d6nceden uyumlanma ve \u00f6n \u00f6deme<\/p>\n<\/li>\n<\/ul>\n[\/vc_column_text][mk_padding_divider size=&#8221;50&#8243;][vc_column_text css=&#8221;.vc_custom_1765790398325{margin-bottom: 0px !important;}&#8221;]\n<h2 data-start=\"2852\" data-end=\"2895\">\ud83d\udcac<strong data-start=\"2858\" data-end=\"2895\"> Bir Moment of Joy deneyimlemek ister misin?<\/strong><\/h2>\n<p data-start=\"2897\" data-end=\"3007\">\u0130leti\u015fim formu ya da WhatsApp \u00fczerinden mesaj g\u00f6nderebilirsin.<br data-start=\"2959\" data-end=\"2962\" \/>Birlikte, sana en uygun olan an\u0131 hissederek se\u00e7eriz.<\/p>\n<p>.[\/vc_column_text][mk_padding_divider][mk_gallery images=&#8221;808,204,717,1968&#8243; column=&#8221;2&#8243; height=&#8221;350&#8243; hover_scenarios=&#8221;slow_zoom&#8221; item_spacing=&#8221;10&#8243; margin_bottom=&#8221;40&#8243;][\/mk_custom_box][\/vc_column][\/mk_page_section][mk_page_section bg_color=&#8221;rgba(233,207,183,0.15)&#8221; bg_position=&#8221;center center&#8221; bg_repeat=&#8221;no-repeat&#8221; bg_stretch=&#8221;true&#8221; min_height=&#8221;0&#8243; padding_top=&#8221;75&#8243; padding_bottom=&#8221;50&#8243; sidebar=&#8221;sidebar-1&#8243;][vc_column width=&#8221;2\/3&#8243;][mk_padding_divider size=&#8221;25&#8243;][mk_fancy_title margin_bottom=&#8221;0&#8243; font_family=&#8221;none&#8221; align=&#8221;center&#8221;]\n<blockquote>\n<h3 data-start=\"95\" data-end=\"165\"><strong data-start=\"95\" data-end=\"127\">Kendine bir Moment of Joy arma\u011fan et<\/strong><\/h3>\n<h4><em>K\u00fc\u00e7\u00fck bir an, \u00e7ok \u015fey a\u00e7abilir.<\/em><\/h4>\n<\/blockquote>\n<h3><\/h3>\n[\/mk_fancy_title][\/vc_column][vc_column width=&#8221;1\/3&#8243;][vc_single_image image=&#8221;285&#8243; img_size=&#8221;full&#8221; css=&#8221;&#8221;][\/vc_column][\/mk_page_section][mk_page_section bg_image=&#8221;https:\/\/www.jmholiday.com\/wp-content\/uploads\/2022\/03\/jm-holiday-homepage-making-joy-v2.png&#8221; bg_position=&#8221;center bottom&#8221; bg_repeat=&#8221;no-repeat&#8221; bg_stretch=&#8221;true&#8221; padding_top=&#8221;75&#8243; padding_bottom=&#8221;50&#8243; sidebar=&#8221;sidebar-1&#8243;][vc_column][mk_button dimension=&#8221;outline&#8221; size=&#8221;large&#8221; letter_spacing=&#8221;0&#8243; url=&#8221;https:\/\/www.jmholiday.com\/tr\/iletisim-formu\/&#8221; nofollow=&#8221;true&#8221; align=&#8221;center&#8221; button_custom_width=&#8221;0&#8243; margin_top=&#8221;0&#8243; margin_bottom=&#8221;15&#8243; margin_right=&#8221;15&#8243; outline_skin=&#8221;light&#8221;]\u0130leti\u015fime Ge\u00e7[\/mk_button][\/vc_column][\/mk_page_section]\n","protected":false},"excerpt":{"rendered":"<p>[mk_page_section bg_position=&#8221;center center&#8221; bg_repeat=&#8221;no-repeat&#8221; bg_stretch=&#8221;true&#8221; padding_top=&#8221;75&#8243; padding_bottom=&#8221;50&#8243; visibility=&#8221;hidden-sm&#8221; sidebar=&#8221;sidebar-1&#8243;][vc_column width=&#8221;1\/2&#8243;][mk_custom_box padding_vertical=&#8221;50&#8243; padding_horizental=&#8221;50&#8243; margin_bottom=&#8221;0&#8243; min_height=&#8221;605&#8243; bg_color=&#8221;#e9cfb7&#8243;][mk_fancy_title margin_bottom=&#8221;0&#8243; font_family=&#8221;none&#8221;] \u2728 MOMENTS OF JOY &#8211; K\u00fc\u00e7\u00fck mutluluk anlar\u0131 [\/mk_fancy_title][vc_column_text css=&#8221;.vc_custom_1765785640754{margin-bottom: 0px !important;}&#8221;] Sakinlik, i\u00e7g\u00f6r\u00fc ve ba\u011f kurmak i\u00e7in duyusal anlar Her \u015feyin bir s\u00fcre\u00e7 olmas\u0131 gerekmez.Bazen tek bir, \u00f6zenle se\u00e7ilmi\u015f an, kendinle yeniden temas kurman i\u00e7in yeterlidir. Moments [&hellip;]<\/p>\n","protected":false},"author":3,"featured_media":0,"parent":0,"menu_order":0,"comment_status":"closed","ping_status":"open","template":"","meta":{"footnotes":""},"class_list":["post-2215","page","type-page","status-publish","hentry"],"yoast_head":"<!-- This site is optimized with the Yoast SEO plugin v27.2 - https:\/\/yoast.com\/product\/yoast-seo-wordpress\/ -->\n<title>Bodrum\u2019da Duyusal &amp; Fark\u0131ndal\u0131k Seanslar\u0131 | Moments of Joy<\/title>\n<meta name=\"description\" content=\"Bodrum\u2019da sakinlik, i\u00e7g\u00f6r\u00fc ve ba\u011f kurmak i\u00e7in ki\u015fisel duyusal ve fark\u0131ndal\u0131k seanslar\u0131. Moments of Joy, o an neye ihtiyac\u0131n varsa ona uyumlan\u0131r.\" \/>\n<meta name=\"robots\" content=\"noindex, follow, max-snippet:-1, max-image-preview:large, max-video-preview:-1\" \/>\n<meta property=\"og:locale\" content=\"tr_TR\" \/>\n<meta property=\"og:type\" content=\"article\" \/>\n<meta property=\"og:title\" content=\"Bodrum\u2019da Duyusal &amp; Fark\u0131ndal\u0131k Seanslar\u0131 | Moments of Joy\" \/>\n<meta property=\"og:description\" content=\"Bodrum\u2019da sakinlik, i\u00e7g\u00f6r\u00fc ve ba\u011f kurmak i\u00e7in ki\u015fisel duyusal ve fark\u0131ndal\u0131k seanslar\u0131. Moments of Joy, o an neye ihtiyac\u0131n varsa ona uyumlan\u0131r.\" \/>\n<meta property=\"og:url\" content=\"https:\/\/www.jmholiday.com\/tr\/moments-of-joy-kucuk-mutluluk-anlari\/\" \/>\n<meta property=\"og:site_name\" content=\"JM HOLIDAY\" \/>\n<meta property=\"article:modified_time\" content=\"2026-01-18T06:47:38+00:00\" \/>\n<meta name=\"twitter:card\" content=\"summary_large_image\" \/>\n<meta name=\"twitter:label1\" content=\"Tahmini okuma s\u00fcresi\" \/>\n\t<meta name=\"twitter:data1\" content=\"5 dakika\" \/>\n<script type=\"application\/ld+json\" class=\"yoast-schema-graph\">{\"@context\":\"https:\/\/schema.org\",\"@graph\":[{\"@type\":\"WebPage\",\"@id\":\"https:\/\/www.jmholiday.com\/tr\/moments-of-joy-kucuk-mutluluk-anlari\/\",\"url\":\"https:\/\/www.jmholiday.com\/tr\/moments-of-joy-kucuk-mutluluk-anlari\/\",\"name\":\"Bodrum\u2019da Duyusal & Fark\u0131ndal\u0131k Seanslar\u0131 | Moments of Joy\",\"isPartOf\":{\"@id\":\"https:\/\/www.jmholiday.com\/tr\/#website\"},\"datePublished\":\"2025-12-15T18:13:18+00:00\",\"dateModified\":\"2026-01-18T06:47:38+00:00\",\"description\":\"Bodrum\u2019da sakinlik, i\u00e7g\u00f6r\u00fc ve ba\u011f kurmak i\u00e7in ki\u015fisel duyusal ve fark\u0131ndal\u0131k seanslar\u0131. Moments of Joy, o an neye ihtiyac\u0131n varsa ona uyumlan\u0131r.\",\"breadcrumb\":{\"@id\":\"https:\/\/www.jmholiday.com\/tr\/moments-of-joy-kucuk-mutluluk-anlari\/#breadcrumb\"},\"inLanguage\":\"tr\",\"potentialAction\":[{\"@type\":\"ReadAction\",\"target\":[\"https:\/\/www.jmholiday.com\/tr\/moments-of-joy-kucuk-mutluluk-anlari\/\"]}]},{\"@type\":\"BreadcrumbList\",\"@id\":\"https:\/\/www.jmholiday.com\/tr\/moments-of-joy-kucuk-mutluluk-anlari\/#breadcrumb\",\"itemListElement\":[{\"@type\":\"ListItem\",\"position\":1,\"name\":\"Home\",\"item\":\"https:\/\/www.jmholiday.com\/tr\/\"},{\"@type\":\"ListItem\",\"position\":2,\"name\":\"Moments of Joy &#8211; K\u00fc\u00e7\u00fck mutluluk anlar\u0131\"}]},{\"@type\":\"WebSite\",\"@id\":\"https:\/\/www.jmholiday.com\/tr\/#website\",\"url\":\"https:\/\/www.jmholiday.com\/tr\/\",\"name\":\"JM HOLIDAY\",\"description\":\"Life coaching en local experiences in Bodrum \u2013 ook online. Voor iedereen die rust, richting of nieuwe energie zoekt.\",\"potentialAction\":[{\"@type\":\"SearchAction\",\"target\":{\"@type\":\"EntryPoint\",\"urlTemplate\":\"https:\/\/www.jmholiday.com\/tr\/?s={search_term_string}\"},\"query-input\":{\"@type\":\"PropertyValueSpecification\",\"valueRequired\":true,\"valueName\":\"search_term_string\"}}],\"inLanguage\":\"tr\"}]}<\/script>\n<!-- \/ Yoast SEO plugin. -->","yoast_head_json":{"title":"Bodrum\u2019da Duyusal & Fark\u0131ndal\u0131k Seanslar\u0131 | Moments of Joy","description":"Bodrum\u2019da sakinlik, i\u00e7g\u00f6r\u00fc ve ba\u011f kurmak i\u00e7in ki\u015fisel duyusal ve fark\u0131ndal\u0131k seanslar\u0131. Moments of Joy, o an neye ihtiyac\u0131n varsa ona uyumlan\u0131r.","robots":{"index":"noindex","follow":"follow","max-snippet":"max-snippet:-1","max-image-preview":"max-image-preview:large","max-video-preview":"max-video-preview:-1"},"og_locale":"tr_TR","og_type":"article","og_title":"Bodrum\u2019da Duyusal & Fark\u0131ndal\u0131k Seanslar\u0131 | Moments of Joy","og_description":"Bodrum\u2019da sakinlik, i\u00e7g\u00f6r\u00fc ve ba\u011f kurmak i\u00e7in ki\u015fisel duyusal ve fark\u0131ndal\u0131k seanslar\u0131. Moments of Joy, o an neye ihtiyac\u0131n varsa ona uyumlan\u0131r.","og_url":"https:\/\/www.jmholiday.com\/tr\/moments-of-joy-kucuk-mutluluk-anlari\/","og_site_name":"JM HOLIDAY","article_modified_time":"2026-01-18T06:47:38+00:00","twitter_card":"summary_large_image","twitter_misc":{"Tahmini okuma s\u00fcresi":"5 dakika"},"schema":{"@context":"https:\/\/schema.org","@graph":[{"@type":"WebPage","@id":"https:\/\/www.jmholiday.com\/tr\/moments-of-joy-kucuk-mutluluk-anlari\/","url":"https:\/\/www.jmholiday.com\/tr\/moments-of-joy-kucuk-mutluluk-anlari\/","name":"Bodrum\u2019da Duyusal & Fark\u0131ndal\u0131k Seanslar\u0131 | Moments of Joy","isPartOf":{"@id":"https:\/\/www.jmholiday.com\/tr\/#website"},"datePublished":"2025-12-15T18:13:18+00:00","dateModified":"2026-01-18T06:47:38+00:00","description":"Bodrum\u2019da sakinlik, i\u00e7g\u00f6r\u00fc ve ba\u011f kurmak i\u00e7in ki\u015fisel duyusal ve fark\u0131ndal\u0131k seanslar\u0131. Moments of Joy, o an neye ihtiyac\u0131n varsa ona uyumlan\u0131r.","breadcrumb":{"@id":"https:\/\/www.jmholiday.com\/tr\/moments-of-joy-kucuk-mutluluk-anlari\/#breadcrumb"},"inLanguage":"tr","potentialAction":[{"@type":"ReadAction","target":["https:\/\/www.jmholiday.com\/tr\/moments-of-joy-kucuk-mutluluk-anlari\/"]}]},{"@type":"BreadcrumbList","@id":"https:\/\/www.jmholiday.com\/tr\/moments-of-joy-kucuk-mutluluk-anlari\/#breadcrumb","itemListElement":[{"@type":"ListItem","position":1,"name":"Home","item":"https:\/\/www.jmholiday.com\/tr\/"},{"@type":"ListItem","position":2,"name":"Moments of Joy &#8211; K\u00fc\u00e7\u00fck mutluluk anlar\u0131"}]},{"@type":"WebSite","@id":"https:\/\/www.jmholiday.com\/tr\/#website","url":"https:\/\/www.jmholiday.com\/tr\/","name":"JM HOLIDAY","description":"Life coaching en local experiences in Bodrum \u2013 ook online. Voor iedereen die rust, richting of nieuwe energie zoekt.","potentialAction":[{"@type":"SearchAction","target":{"@type":"EntryPoint","urlTemplate":"https:\/\/www.jmholiday.com\/tr\/?s={search_term_string}"},"query-input":{"@type":"PropertyValueSpecification","valueRequired":true,"valueName":"search_term_string"}}],"inLanguage":"tr"}]}},"_links":{"self":[{"href":"https:\/\/www.jmholiday.com\/tr\/wp-json\/wp\/v2\/pages\/2215","targetHints":{"allow":["GET"]}}],"collection":[{"href":"https:\/\/www.jmholiday.com\/tr\/wp-json\/wp\/v2\/pages"}],"about":[{"href":"https:\/\/www.jmholiday.com\/tr\/wp-json\/wp\/v2\/types\/page"}],"author":[{"embeddable":true,"href":"https:\/\/www.jmholiday.com\/tr\/wp-json\/wp\/v2\/users\/3"}],"replies":[{"embeddable":true,"href":"https:\/\/www.jmholiday.com\/tr\/wp-json\/wp\/v2\/comments?post=2215"}],"version-history":[{"count":3,"href":"https:\/\/www.jmholiday.com\/tr\/wp-json\/wp\/v2\/pages\/2215\/revisions"}],"predecessor-version":[{"id":2219,"href":"https:\/\/www.jmholiday.com\/tr\/wp-json\/wp\/v2\/pages\/2215\/revisions\/2219"}],"wp:attachment":[{"href":"https:\/\/www.jmholiday.com\/tr\/wp-json\/wp\/v2\/media?parent=2215"}],"curies":[{"name":"wp","href":"https:\/\/api.w.org\/{rel}","templated":true}]}}