{"id":2228,"date":"2022-05-05T02:05:25","date_gmt":"2022-05-05T02:05:25","guid":{"rendered":"https:\/\/www.jmholiday.com\/gizlilik-bildirimi-jm-holiday\/"},"modified":"2026-01-18T11:20:42","modified_gmt":"2026-01-18T11:20:42","slug":"gizlilik-bildirimi-jm-holiday","status":"publish","type":"page","link":"https:\/\/www.jmholiday.com\/tr\/gizlilik-bildirimi-jm-holiday\/","title":{"rendered":"Gizlilik Bildirimi \u2013 JM Holiday"},"content":{"rendered":"[mk_page_section bg_image=&#8221;https:\/\/www.jmholiday.com\/wp-content\/uploads\/2022\/03\/jm-holiday-fav-icon-background-1.png&#8221; bg_position=&#8221;center center&#8221; bg_repeat=&#8221;no-repeat&#8221; bg_stretch=&#8221;true&#8221; video_color_mask=&#8221;#ffffff&#8221; video_opacity=&#8221;0.95&#8243; min_height=&#8221;0&#8243; padding_top=&#8221;75&#8243; padding_bottom=&#8221;50&#8243; sidebar=&#8221;sidebar-1&#8243;][vc_column][mk_fancy_title margin_bottom=&#8221;0&#8243; font_family=&#8221;none&#8221;]\n<h2 style=\"text-align: left;\">Gizlilik Bildirimi<\/h2>\n[\/mk_fancy_title][vc_column_text css=&#8221;.vc_custom_1767897974268{margin-bottom: 0px !important;}&#8221;]\n<p data-start=\"313\" data-end=\"528\">JM Holiday gizlili\u011finize de\u011fer verir ve ki\u015fisel verilerinizi \u00f6zenle i\u015fler.<br \/>Bu gizlilik bildirimi; hangi ki\u015fisel verileri i\u015fledi\u011fimizi, hangi ama\u00e7larla kulland\u0131\u011f\u0131m\u0131z\u0131 ve sahip oldu\u011funuz haklar\u0131 a\u00e7\u0131klar. <\/p>\n<h3 data-start=\"530\" data-end=\"566\"><strong data-start=\"534\" data-end=\"566\">Veri Sorumlusu<\/strong><\/h3>\n<p data-start=\"567\" data-end=\"687\">JM Holiday<br data-start=\"577\" data-end=\"580\">Pedasa Caddesi 35-C, Bodrum \u2013 Mu\u011fla, Turkije<br data-start=\"624\" data-end=\"627\">E-posta: <a class=\"decorated-link cursor-pointer\" rel=\"noopener\" data-start=\"635\" data-end=\"656\">contact@jmholiday.com<\/a><br data-start=\"656\" data-end=\"659\">Telefon: +90 536 260 5080<\/p>\n<p data-start=\"689\" data-end=\"796\">JM Holiday, Avrupa Birli\u011fi Genel Veri Koruma T\u00fcz\u00fc\u011f\u00fc (GDPR) kapsam\u0131nda veri sorumlusu olarak hareket eder.<\/p>\n<hr data-start=\"798\" data-end=\"801\">\n<h3 data-start=\"803\" data-end=\"848\"><strong data-start=\"807\" data-end=\"848\">Hangi ki\u015fisel verileri i\u015fliyoruz?<\/strong><\/h3>\n<p data-start=\"849\" data-end=\"1056\">Yaln\u0131zca sizin taraf\u0131n\u0131zdan g\u00f6n\u00fcll\u00fc olarak payla\u015f\u0131lan ki\u015fisel verileri i\u015fleriz.<br \/>\u00d6rne\u011fin bizimle ileti\u015fime ge\u00e7ti\u011finizde, bir seansa kat\u0131ld\u0131\u011f\u0131n\u0131zda, bir Moment of Joy deneyimledi\u011finizde veya JM Holiday ile bir i\u015f birli\u011fi y\u00fcr\u00fctt\u00fc\u011f\u00fcn\u00fczde.<\/p>\n<p data-start=\"1058\" data-end=\"1087\">Bu veriler \u015funlar\u0131 i\u00e7erebilir:<\/p>\n<ul data-start=\"1088\" data-end=\"1238\">\n<li data-start=\"1088\" data-end=\"1095\">\n<p data-start=\"1090\" data-end=\"1095\">ad ve soyad;<\/p>\n<\/li>\n<li data-start=\"1096\" data-end=\"1110\">\n<p data-start=\"1098\" data-end=\"1110\">e-posta adresi;<\/p>\n<\/li>\n<li data-start=\"1111\" data-end=\"1128\">\n<p data-start=\"1113\" data-end=\"1128\">telefon numaras\u0131;<\/p>\n<\/li>\n<li data-start=\"1129\" data-end=\"1167\">\n<p data-start=\"1131\" data-end=\"1167\">g\u00f6rev unvan\u0131 ve \u015firket ad\u0131;<\/p>\n<\/li>\n<li data-start=\"1168\" data-end=\"1238\">\n<p data-start=\"1170\" data-end=\"1238\">ileti\u015fim veya \u00f6n g\u00f6r\u00fc\u015fme s\u0131ras\u0131nda g\u00f6n\u00fcll\u00fc olarak payla\u015f\u0131lan bilgiler.<\/p>\n<\/li>\n<\/ul>\n<p data-start=\"1240\" data-end=\"1415\">Hassas veya sa\u011fl\u0131kla ilgili bilgiler <strong data-start=\"1310\" data-end=\"1332\">yaln\u0131zca iste\u011fe ba\u011fl\u0131 <\/strong>olarak payla\u015f\u0131ld\u0131\u011f\u0131nda ve uyum ve g\u00fcvenlik a\u00e7\u0131s\u0131ndan gerekli oldu\u011funda i\u015flenir.<\/p>\n<hr data-start=\"1417\" data-end=\"1420\">\n<h3 data-start=\"1422\" data-end=\"1467\"><strong data-start=\"1426\" data-end=\"1467\">Ki\u015fisel verilerin i\u015flenme ama\u00e7lar\u0131<\/strong><\/h3>\n<p data-start=\"1468\" data-end=\"1521\">Ki\u015fisel veriler a\u015fa\u011f\u0131daki ama\u00e7larla i\u015flenir:<\/p>\n<ul data-start=\"1522\" data-end=\"1784\">\n<li data-start=\"1522\" data-end=\"1572\">\n<p data-start=\"1524\" data-end=\"1572\">ileti\u015fim taleplerine yan\u0131t vermek;<\/p>\n<\/li>\n<li data-start=\"1573\" data-end=\"1635\">\n<p data-start=\"1575\" data-end=\"1635\">ko\u00e7luk, rehberlik ve Moments of Joy organizasyonlar\u0131n\u0131 koordine etmek;<\/p>\n<\/li>\n<li data-start=\"1636\" data-end=\"1693\">\n<p data-start=\"1638\" data-end=\"1693\">ki\u015fisel ve profesyonel ili\u015fkileri s\u00fcrd\u00fcrmek;<\/p>\n<\/li>\n<li data-start=\"1694\" data-end=\"1739\">\n<p data-start=\"1696\" data-end=\"1739\">idari ve s\u00f6zle\u015fmesel s\u00fcre\u00e7leri y\u00fcr\u00fctmek;<\/p>\n<\/li>\n<li data-start=\"1740\" data-end=\"1784\">\n<p data-start=\"1742\" data-end=\"1784\">yasal y\u00fck\u00fcml\u00fcl\u00fcklere uymak.<\/p>\n<\/li>\n<\/ul>\n<p data-start=\"1786\" data-end=\"1933\">JM Holiday, ki\u015fisel verileri istenmeyen <strong data-start=\"1803\" data-end=\"1861\">toplu pazarlama veya b\u00fclten<\/strong> g\u00f6nderimi amac\u0131yla kullanmaz.<\/p>\n<hr data-start=\"1935\" data-end=\"1938\">\n<h3 data-start=\"1940\" data-end=\"1983\"><strong data-start=\"1944\" data-end=\"1983\">\u0130\u015f ili\u015fkileri ve i\u015f birlikleri<\/strong><\/h3>\n<p data-start=\"1984\" data-end=\"2109\">JM Holiday, \u015firketler ve kurulu\u015flarla \u00f6zel tasarlanm\u0131\u015f programlar, ko\u00e7luk, rehberlik ve dan\u0131\u015fmanl\u0131k hizmetleri kapsam\u0131nda i\u015f birli\u011fi yapar.<\/p>\n<p data-start=\"2111\" data-end=\"2168\">Bu kapsamda \u015fu veriler i\u015flenebilir:<\/p>\n<ul data-start=\"2169\" data-end=\"2296\">\n<li data-start=\"2169\" data-end=\"2207\">\n<p data-start=\"2171\" data-end=\"2207\">ileti\u015fim ki\u015filerine ait isim ve roller;<\/p>\n<\/li>\n<li data-start=\"2208\" data-end=\"2236\">\n<p data-start=\"2210\" data-end=\"2236\">kurumsal ileti\u015fim bilgileri;<\/p>\n<\/li>\n<li data-start=\"2237\" data-end=\"2296\">\n<p data-start=\"2239\" data-end=\"2296\">\u015firket ad\u0131 ve i\u015f birli\u011fi ba\u011flam\u0131na ili\u015fkin bilgiler.<\/p>\n<\/li>\n<\/ul>\n<p data-start=\"2298\" data-end=\"2333\">Bu veriler \u015fu ama\u00e7larla kullan\u0131l\u0131r:<\/p>\n<ul data-start=\"2334\" data-end=\"2475\">\n<li data-start=\"2334\" data-end=\"2350\">\n<p data-start=\"2336\" data-end=\"2350\">ili\u015fki y\u00f6netimi;<\/p>\n<\/li>\n<li data-start=\"2351\" data-end=\"2409\">\n<p data-start=\"2353\" data-end=\"2409\">mevcut veya olas\u0131 i\u015f birliklerine dair ileti\u015fim;<\/p>\n<\/li>\n<li data-start=\"2410\" data-end=\"2475\">\n<p data-start=\"2412\" data-end=\"2475\">JM Holiday b\u00fcnyesindeki ilgili geli\u015fmelerin payla\u015f\u0131lmas\u0131.<\/p>\n<\/li>\n<\/ul>\n<p data-start=\"2477\" data-end=\"2619\">\u0130\u015f ba\u011flant\u0131lar\u0131 yaln\u0131zca mevcut bir ili\u015fki \u00e7er\u00e7evesinde ileti\u015fime ge\u00e7ilir. Diledi\u011finiz zaman ileti\u015fimden \u00e7\u0131kma hakk\u0131n\u0131z vard\u0131r. <\/p>\n<hr data-start=\"2621\" data-end=\"2624\">\n<h3 data-start=\"2626\" data-end=\"2661\"><strong data-start=\"2630\" data-end=\"2661\">Hukuki dayanak<\/strong><\/h3>\n<p data-start=\"2662\" data-end=\"2708\">Ki\u015fisel veriler a\u015fa\u011f\u0131daki hukuki dayanaklara dayan\u0131larak i\u015flenir:<\/p>\n<ul data-start=\"2709\" data-end=\"2897\">\n<li data-start=\"2709\" data-end=\"2728\">\n<p data-start=\"2711\" data-end=\"2728\">a\u00e7\u0131k r\u0131za;<\/p>\n<\/li>\n<li data-start=\"2729\" data-end=\"2766\">\n<p data-start=\"2731\" data-end=\"2766\">bir s\u00f6zle\u015fmenin ifas\u0131;<\/p>\n<\/li>\n<li data-start=\"2767\" data-end=\"2846\">\n<p data-start=\"2769\" data-end=\"2846\">me\u015fru menfaat (\u00f6rne\u011fin ili\u015fki y\u00f6netimi);<\/p>\n<\/li>\n<li data-start=\"2847\" data-end=\"2897\">\n<p data-start=\"2849\" data-end=\"2897\">yasal y\u00fck\u00fcml\u00fcl\u00fckler.<\/p>\n<\/li>\n<\/ul>\n<hr data-start=\"2899\" data-end=\"2902\">\n<h3 data-start=\"2904\" data-end=\"2941\"><strong data-start=\"2908\" data-end=\"2941\">\u00dc\u00e7\u00fcnc\u00fc taraflarla veri payla\u015f\u0131m\u0131<\/strong><\/h3>\n<p data-start=\"2942\" data-end=\"3027\">Ki\u015fisel veriler yaln\u0131zca gerekli oldu\u011fu durumlarda payla\u015f\u0131l\u0131r. \u00d6rne\u011fin:<\/p>\n<ul data-start=\"3028\" data-end=\"3157\">\n<li data-start=\"3028\" data-end=\"3076\">\n<p data-start=\"3030\" data-end=\"3076\">idari veya teknik hizmet sa\u011flay\u0131c\u0131larla;<\/p>\n<\/li>\n<li data-start=\"3077\" data-end=\"3157\">\n<p data-start=\"3079\" data-end=\"3157\">kat\u0131l\u0131m veya g\u00fcvenlik a\u00e7\u0131s\u0131ndan gerekli olmas\u0131 halinde yerel i\u015f ortaklar\u0131yla.<\/p>\n<\/li>\n<\/ul>\n<p data-start=\"3159\" data-end=\"3246\">Bu durumlarda uygun veri i\u015fleme s\u00f6zle\u015fmeleri yap\u0131l\u0131r.<\/p>\n<hr data-start=\"3248\" data-end=\"3251\">\n<h3 data-start=\"3253\" data-end=\"3283\"><strong data-start=\"3257\" data-end=\"3283\">AB d\u0131\u015f\u0131na veri aktar\u0131m\u0131<\/strong><\/h3>\n<p data-start=\"3284\" data-end=\"3477\">JM Holiday T\u00fcrkiye merkezli oldu\u011fundan, ki\u015fisel veriler Avrupa Birli\u011fi d\u0131\u015f\u0131ndaki \u00fclkelerde i\u015flenebilir. Bu durumlarda GDPR gerekliliklerine uygun gerekli koruma \u00f6nlemleri al\u0131n\u0131r. <\/p>\n<hr data-start=\"3479\" data-end=\"3482\">\n<h3 data-start=\"3484\" data-end=\"3507\"><strong data-start=\"3488\" data-end=\"3507\">Veri saklama s\u00fcreleri<\/strong><\/h3>\n<ul data-start=\"3508\" data-end=\"3714\">\n<li data-start=\"3508\" data-end=\"3578\">\n<p data-start=\"3510\" data-end=\"3578\">ileti\u015fim ve ili\u015fki verileri: son temastan itibaren en fazla 2 y\u0131l;<\/p>\n<\/li>\n<li data-start=\"3579\" data-end=\"3642\">\n<p data-start=\"3581\" data-end=\"3642\">idari veriler: yasal saklama s\u00fcrelerine uygun olarak;<\/p>\n<\/li>\n<li data-start=\"3643\" data-end=\"3714\">\n<p data-start=\"3645\" data-end=\"3714\">hassas veriler: yaln\u0131zca gerekli oldu\u011fu s\u00fcre boyunca.<\/p>\n<\/li>\n<\/ul>\n<hr data-start=\"3716\" data-end=\"3719\">\n<h3 data-start=\"3721\" data-end=\"3749\"><strong data-start=\"3725\" data-end=\"3749\">Yorumlar ve referanslar<\/strong><\/h3>\n<p data-start=\"3750\" data-end=\"3889\">Referanslar ve geri bildirimler yaln\u0131zca a\u00e7\u0131k onay ile kullan\u0131l\u0131r ve anonim olarak veya yaln\u0131zca isim ile yay\u0131nlanabilir.<\/p>\n<hr data-start=\"3891\" data-end=\"3894\">\n<h3 data-start=\"3896\" data-end=\"3911\"><strong data-start=\"3900\" data-end=\"3911\">\u00c7erezler (Cookies)<\/strong><\/h3>\n<p data-start=\"3912\" data-end=\"3944\">JM Holiday \u015fu \u00e7erezleri kullan\u0131r:<\/p>\n<ul data-start=\"3945\" data-end=\"4007\">\n<li data-start=\"3945\" data-end=\"3967\">\n<p data-start=\"3947\" data-end=\"3967\">i\u015flevsel \u00e7erezler;<\/p>\n<\/li>\n<li data-start=\"3968\" data-end=\"4007\">\n<p data-start=\"3970\" data-end=\"4007\">anonimle\u015ftirilmi\u015f analitik \u00e7erezler.<\/p>\n<\/li>\n<\/ul>\n<p data-start=\"4009\" data-end=\"4094\">A\u00e7\u0131k onay olmadan pazarlama veya takip \u00e7erezleri kullan\u0131lmaz.<\/p>\n<hr data-start=\"4096\" data-end=\"4099\">\n<h3 data-start=\"4101\" data-end=\"4121\"><strong data-start=\"4105\" data-end=\"4121\">Haklar\u0131n\u0131z<\/strong><\/h3>\n<p data-start=\"4122\" data-end=\"4143\">A\u015fa\u011f\u0131daki haklara sahipsiniz:<\/p>\n<ul data-start=\"4144\" data-end=\"4352\">\n<li data-start=\"4144\" data-end=\"4177\">\n<p data-start=\"4146\" data-end=\"4177\">ki\u015fisel verilerinize eri\u015fim talep etme;<\/p>\n<\/li>\n<li data-start=\"4178\" data-end=\"4224\">\n<p data-start=\"4180\" data-end=\"4224\">verilerin d\u00fczeltilmesini veya silinmesini isteme;<\/p>\n<\/li>\n<li data-start=\"4225\" data-end=\"4261\">\n<p data-start=\"4227\" data-end=\"4261\">veri i\u015flemeye itiraz etme;<\/p>\n<\/li>\n<li data-start=\"4262\" data-end=\"4290\">\n<p data-start=\"4264\" data-end=\"4290\">verdi\u011finiz r\u0131zay\u0131 geri \u00e7ekme;<\/p>\n<\/li>\n<li data-start=\"4291\" data-end=\"4352\">\n<p data-start=\"4293\" data-end=\"4352\">yetkili bir denetim makam\u0131na \u015fik\u00e2yette bulunma.<\/p>\n<\/li>\n<\/ul>\n<p data-start=\"4354\" data-end=\"4450\">Taleplerinizi \u015fu adrese iletebilirsiniz: <a class=\"decorated-link cursor-pointer\" rel=\"noopener\" data-start=\"4386\" data-end=\"4407\"><strong data-start=\"4384\" data-end=\"4409\">contact@jmholiday.com<\/strong><\/a><br data-start=\"4409\" data-end=\"4412\">Taleplere 4 hafta i\u00e7inde yan\u0131t verilir.<\/p>\n<hr data-start=\"4452\" data-end=\"4455\">\n<h3 data-start=\"4457\" data-end=\"4476\"><strong data-start=\"4461\" data-end=\"4476\">De\u011fi\u015fiklikler<\/strong><\/h3>\n<p data-start=\"4477\" data-end=\"4614\">Bu gizlilik bildirimi, uygulamalar veya mevzuat de\u011fi\u015fti\u011finde g\u00fcncellenebilir. En g\u00fcncel s\u00fcr\u00fcm her zaman web sitesinde yay\u0131nlan\u0131r.. <\/p>\n[\/vc_column_text][\/vc_column][\/mk_page_section]\n","protected":false},"excerpt":{"rendered":"<p>[mk_page_section bg_image=&#8221;https:\/\/www.jmholiday.com\/wp-content\/uploads\/2022\/03\/jm-holiday-fav-icon-background-1.png&#8221; bg_position=&#8221;center center&#8221; bg_repeat=&#8221;no-repeat&#8221; bg_stretch=&#8221;true&#8221; video_color_mask=&#8221;#ffffff&#8221; video_opacity=&#8221;0.95&#8243; min_height=&#8221;0&#8243; padding_top=&#8221;75&#8243; padding_bottom=&#8221;50&#8243; sidebar=&#8221;sidebar-1&#8243;][vc_column][mk_fancy_title margin_bottom=&#8221;0&#8243; font_family=&#8221;none&#8221;] Gizlilik Bildirimi [\/mk_fancy_title][vc_column_text css=&#8221;.vc_custom_1767897974268{margin-bottom: 0px !important;}&#8221;] JM Holiday gizlili\u011finize de\u011fer verir ve ki\u015fisel verilerinizi \u00f6zenle i\u015fler.Bu gizlilik bildirimi; hangi ki\u015fisel verileri i\u015fledi\u011fimizi, hangi ama\u00e7larla kulland\u0131\u011f\u0131m\u0131z\u0131 ve sahip oldu\u011funuz haklar\u0131 a\u00e7\u0131klar. Veri Sorumlusu JM HolidayPedasa Caddesi 35-C, Bodrum \u2013 Mu\u011fla, TurkijeE-posta: contact@jmholiday.comTelefon: [&hellip;]<\/p>\n","protected":false},"author":1,"featured_media":0,"parent":0,"menu_order":0,"comment_status":"closed","ping_status":"open","template":"","meta":{"footnotes":""},"class_list":["post-2228","page","type-page","status-publish","hentry"],"yoast_head":"<!-- This site is optimized with the Yoast SEO plugin v27.2 - https:\/\/yoast.com\/product\/yoast-seo-wordpress\/ -->\n<title>Gizlilik Bildirimi | JM Holiday<\/title>\n<meta name=\"description\" content=\"JM Holiday\u2019nin ki\u015fisel verileri nas\u0131l \u00f6zenle i\u015fledi\u011fini \u00f6\u011frenin. Ko\u00e7luk, Moments of Joy ve i\u015f birlikleri i\u00e7in \u015feffaf gizlilik bildirimi.\" \/>\n<meta name=\"robots\" content=\"noindex, follow, max-snippet:-1, max-image-preview:large, max-video-preview:-1\" \/>\n<meta property=\"og:locale\" content=\"tr_TR\" \/>\n<meta property=\"og:type\" content=\"article\" \/>\n<meta property=\"og:title\" content=\"Gizlilik Bildirimi | JM Holiday\" \/>\n<meta property=\"og:description\" content=\"JM Holiday\u2019nin ki\u015fisel verileri nas\u0131l \u00f6zenle i\u015fledi\u011fini \u00f6\u011frenin. Ko\u00e7luk, Moments of Joy ve i\u015f birlikleri i\u00e7in \u015feffaf gizlilik bildirimi.\" \/>\n<meta property=\"og:url\" content=\"https:\/\/www.jmholiday.com\/tr\/gizlilik-bildirimi-jm-holiday\/\" \/>\n<meta property=\"og:site_name\" content=\"JM HOLIDAY\" \/>\n<meta property=\"article:modified_time\" content=\"2026-01-18T11:20:42+00:00\" \/>\n<meta name=\"twitter:card\" content=\"summary_large_image\" \/>\n<meta name=\"twitter:label1\" content=\"Tahmini okuma s\u00fcresi\" \/>\n\t<meta name=\"twitter:data1\" content=\"4 dakika\" \/>\n<script type=\"application\/ld+json\" class=\"yoast-schema-graph\">{\"@context\":\"https:\/\/schema.org\",\"@graph\":[{\"@type\":\"WebPage\",\"@id\":\"https:\/\/www.jmholiday.com\/tr\/gizlilik-bildirimi-jm-holiday\/\",\"url\":\"https:\/\/www.jmholiday.com\/tr\/gizlilik-bildirimi-jm-holiday\/\",\"name\":\"Gizlilik Bildirimi | JM Holiday\",\"isPartOf\":{\"@id\":\"https:\/\/www.jmholiday.com\/tr\/#website\"},\"datePublished\":\"2022-05-05T02:05:25+00:00\",\"dateModified\":\"2026-01-18T11:20:42+00:00\",\"description\":\"JM Holiday\u2019nin ki\u015fisel verileri nas\u0131l \u00f6zenle i\u015fledi\u011fini \u00f6\u011frenin. Ko\u00e7luk, Moments of Joy ve i\u015f birlikleri i\u00e7in \u015feffaf gizlilik bildirimi.\",\"breadcrumb\":{\"@id\":\"https:\/\/www.jmholiday.com\/tr\/gizlilik-bildirimi-jm-holiday\/#breadcrumb\"},\"inLanguage\":\"tr\",\"potentialAction\":[{\"@type\":\"ReadAction\",\"target\":[\"https:\/\/www.jmholiday.com\/tr\/gizlilik-bildirimi-jm-holiday\/\"]}]},{\"@type\":\"BreadcrumbList\",\"@id\":\"https:\/\/www.jmholiday.com\/tr\/gizlilik-bildirimi-jm-holiday\/#breadcrumb\",\"itemListElement\":[{\"@type\":\"ListItem\",\"position\":1,\"name\":\"Home\",\"item\":\"https:\/\/www.jmholiday.com\/tr\/\"},{\"@type\":\"ListItem\",\"position\":2,\"name\":\"Gizlilik Bildirimi \u2013 JM Holiday\"}]},{\"@type\":\"WebSite\",\"@id\":\"https:\/\/www.jmholiday.com\/tr\/#website\",\"url\":\"https:\/\/www.jmholiday.com\/tr\/\",\"name\":\"JM HOLIDAY\",\"description\":\"Life coaching en local experiences in Bodrum \u2013 ook online. Voor iedereen die rust, richting of nieuwe energie zoekt.\",\"potentialAction\":[{\"@type\":\"SearchAction\",\"target\":{\"@type\":\"EntryPoint\",\"urlTemplate\":\"https:\/\/www.jmholiday.com\/tr\/?s={search_term_string}\"},\"query-input\":{\"@type\":\"PropertyValueSpecification\",\"valueRequired\":true,\"valueName\":\"search_term_string\"}}],\"inLanguage\":\"tr\"}]}<\/script>\n<!-- \/ Yoast SEO plugin. -->","yoast_head_json":{"title":"Gizlilik Bildirimi | JM Holiday","description":"JM Holiday\u2019nin ki\u015fisel verileri nas\u0131l \u00f6zenle i\u015fledi\u011fini \u00f6\u011frenin. Ko\u00e7luk, Moments of Joy ve i\u015f birlikleri i\u00e7in \u015feffaf gizlilik bildirimi.","robots":{"index":"noindex","follow":"follow","max-snippet":"max-snippet:-1","max-image-preview":"max-image-preview:large","max-video-preview":"max-video-preview:-1"},"og_locale":"tr_TR","og_type":"article","og_title":"Gizlilik Bildirimi | JM Holiday","og_description":"JM Holiday\u2019nin ki\u015fisel verileri nas\u0131l \u00f6zenle i\u015fledi\u011fini \u00f6\u011frenin. Ko\u00e7luk, Moments of Joy ve i\u015f birlikleri i\u00e7in \u015feffaf gizlilik bildirimi.","og_url":"https:\/\/www.jmholiday.com\/tr\/gizlilik-bildirimi-jm-holiday\/","og_site_name":"JM HOLIDAY","article_modified_time":"2026-01-18T11:20:42+00:00","twitter_card":"summary_large_image","twitter_misc":{"Tahmini okuma s\u00fcresi":"4 dakika"},"schema":{"@context":"https:\/\/schema.org","@graph":[{"@type":"WebPage","@id":"https:\/\/www.jmholiday.com\/tr\/gizlilik-bildirimi-jm-holiday\/","url":"https:\/\/www.jmholiday.com\/tr\/gizlilik-bildirimi-jm-holiday\/","name":"Gizlilik Bildirimi | JM Holiday","isPartOf":{"@id":"https:\/\/www.jmholiday.com\/tr\/#website"},"datePublished":"2022-05-05T02:05:25+00:00","dateModified":"2026-01-18T11:20:42+00:00","description":"JM Holiday\u2019nin ki\u015fisel verileri nas\u0131l \u00f6zenle i\u015fledi\u011fini \u00f6\u011frenin. Ko\u00e7luk, Moments of Joy ve i\u015f birlikleri i\u00e7in \u015feffaf gizlilik bildirimi.","breadcrumb":{"@id":"https:\/\/www.jmholiday.com\/tr\/gizlilik-bildirimi-jm-holiday\/#breadcrumb"},"inLanguage":"tr","potentialAction":[{"@type":"ReadAction","target":["https:\/\/www.jmholiday.com\/tr\/gizlilik-bildirimi-jm-holiday\/"]}]},{"@type":"BreadcrumbList","@id":"https:\/\/www.jmholiday.com\/tr\/gizlilik-bildirimi-jm-holiday\/#breadcrumb","itemListElement":[{"@type":"ListItem","position":1,"name":"Home","item":"https:\/\/www.jmholiday.com\/tr\/"},{"@type":"ListItem","position":2,"name":"Gizlilik Bildirimi \u2013 JM Holiday"}]},{"@type":"WebSite","@id":"https:\/\/www.jmholiday.com\/tr\/#website","url":"https:\/\/www.jmholiday.com\/tr\/","name":"JM HOLIDAY","description":"Life coaching en local experiences in Bodrum \u2013 ook online. Voor iedereen die rust, richting of nieuwe energie zoekt.","potentialAction":[{"@type":"SearchAction","target":{"@type":"EntryPoint","urlTemplate":"https:\/\/www.jmholiday.com\/tr\/?s={search_term_string}"},"query-input":{"@type":"PropertyValueSpecification","valueRequired":true,"valueName":"search_term_string"}}],"inLanguage":"tr"}]}},"_links":{"self":[{"href":"https:\/\/www.jmholiday.com\/tr\/wp-json\/wp\/v2\/pages\/2228","targetHints":{"allow":["GET"]}}],"collection":[{"href":"https:\/\/www.jmholiday.com\/tr\/wp-json\/wp\/v2\/pages"}],"about":[{"href":"https:\/\/www.jmholiday.com\/tr\/wp-json\/wp\/v2\/types\/page"}],"author":[{"embeddable":true,"href":"https:\/\/www.jmholiday.com\/tr\/wp-json\/wp\/v2\/users\/1"}],"replies":[{"embeddable":true,"href":"https:\/\/www.jmholiday.com\/tr\/wp-json\/wp\/v2\/comments?post=2228"}],"version-history":[{"count":5,"href":"https:\/\/www.jmholiday.com\/tr\/wp-json\/wp\/v2\/pages\/2228\/revisions"}],"predecessor-version":[{"id":2234,"href":"https:\/\/www.jmholiday.com\/tr\/wp-json\/wp\/v2\/pages\/2228\/revisions\/2234"}],"wp:attachment":[{"href":"https:\/\/www.jmholiday.com\/tr\/wp-json\/wp\/v2\/media?parent=2228"}],"curies":[{"name":"wp","href":"https:\/\/api.w.org\/{rel}","templated":true}]}}